{"id":8099,"date":"2022-04-28T12:39:18","date_gmt":"2022-04-28T12:39:18","guid":{"rendered":"https:\/\/www.alflow.dk\/fortraengningspumper-copy\/"},"modified":"2022-04-29T09:20:47","modified_gmt":"2022-04-29T09:20:47","slug":"gear-pumps","status":"publish","type":"page","link":"https:\/\/www.alflow.dk\/en\/tandhjulspumper\/","title":{"rendered":"Gear pumps"},"content":{"rendered":"<div id=\"pl-8099\"  class=\"panel-layout\" ><div id=\"pg-8099-0\"  class=\"panel-grid panel-no-style\" ><div id=\"pgc-8099-0-0\"  class=\"panel-grid-cell\" ><div id=\"panel-8099-0-0-0\" class=\"so-panel widget widget_mtt-text-image panel-first-child\" data-index=\"0\" ><div\n\t\t\t\n\t\t\tclass=\"so-widget-mtt-text-image so-widget-mtt-text-image-base\"\n\t\t\t\n\t\t>\n<div class=\"mtt-text-image margin-top-120 margin-classes-added\" >\n    <div class=\"page_container\">\n        <div class=\"mtt-text-image__wrapper add-bg\">\n            <div class=\"wrapper\">\n                <div class=\"text-inner\">\n                                                                        <div class=\"label\">\n                                Products                            <\/div>\n                                            \n                                                                        <h2>\n                                Gear pumps                            <\/h2>                        \n                                            \n                                                                        <div class=\"text\">\n                                <p>Gear pumps are particularly suitable for applications that require versatility, reliability and safety.<\/p>\n                            <\/div>\n                                            \n                                                                \n                <\/div>\n            <\/div>\n\n                            <div class=\"wrapper\">\n                    <div class=\"object-fit\">\n                                                    <img decoding=\"async\" src=\"https:\/\/www.alflow.dk\/wp-content\/uploads\/2020\/10\/Gearpumper.jpg\" alt=\"Gear pumps\">\n                                            <\/div>\n                <\/div>\n                    <\/div>\n    <\/div>\n<\/div><\/div><\/div><div id=\"panel-8099-0-0-1\" class=\"so-panel widget widget_mtt-product-slider\" data-index=\"1\" ><div\n\t\t\t\n\t\t\tclass=\"so-widget-mtt-product-slider so-widget-mtt-product-slider-base\"\n\t\t\t\n\t\t>\n<\/div><\/div><div id=\"panel-8099-0-0-2\" class=\"so-panel widget widget_mtt-title-text-widget panel-last-child\" data-index=\"2\" ><div\n\t\t\t\n\t\t\tclass=\"so-widget-mtt-title-text-widget so-widget-mtt-title-text-widget-base\"\n\t\t\t\n\t\t>\n<div class=\"mtt-title-text-widget\">\n    <div class=\"page_container title-above\">\n        <div class=\"title-wrapper\">\n            \n            \n                    <\/div>\n\n                    <div class=\"text-wrapper\">\n                <div class=\"text-inner\">\n                                            <div class=\"column\">\n                            <h2>Gear pumps<\/h2>\n<p>At Alflow we sell gear pumps - also called <a href=\"https:\/\/www.alflow.dk\/en\/products\/gearpumper\/\">gear pumps<\/a> - for the process and chemical industry. The pumps are made of durable materials that help ensure an efficient experience. Check out the range of gear pumps from leading manufacturers on this page and transport the given liquids in the best way.<\/p>\n<h2>What is a gear pump?<\/h2>\n<p>Gear pumps are particularly suitable for applications that require versatility, reliability and safety. Our gear pumps are compact and suitable for pumping liquids that have lubricating properties.<br \/>\nThanks to the precision-cut gears, our gear pumps produce almost no pulsation in the flow while being extremely precise, and the solid construction ensures high reliability.<\/p>\n<p>The gear pumps are modular and can be disassembled and reassembled without the use of tools, making maintenance extremely easy.<\/p>\n<p>Our gear pumps are compact, have a high suction capacity and can be supplied with a heating jacket. They are available in cast iron, Inconel, Hastelloy, Alloy 20, Duplex and Super Duplex.<\/p>\n<h2>Find the right gear pump for your process<\/h2>\n<p>A gear pump can of course be used for several different purposes. Below we have listed some of the places where you can use a gear pump:<\/p>\n<ul>\n<li>Refineries<\/li>\n<li>Chemical industry<\/li>\n<li>Petrochemical industry<\/li>\n<li>With more<\/li>\n<\/ul>\n<p>Alflow's gear pumps are type approved and fulfil industrial quality requirements regarding environment, hygiene, application as well as serviceability.<\/p>\n<h2>Fluids for gear pumps<\/h2>\n<p>Gear pumps are versatile and especially suitable for pumping liquids that have lubricating properties and liquids with high viscosity. For example, they are compatible with:<\/p>\n<ul>\n<li>Bitumen<\/li>\n<li>Asphalt<\/li>\n<li>Diesel oil<\/li>\n<li>Crude oil<\/li>\n<li>Painting<\/li>\n<li>Ink<\/li>\n<li>Lacquer<\/li>\n<li>Isocynate<\/li>\n<li>With more<\/li>\n<\/ul>\n                        <\/div>\n                    \n                                            <div class=\"column\">\n                            <h2>Buy gear pumps from Alflow<\/h2>\n<p>We want you to have a good experience at Alflow. That's why you can find the highest quality gear pumps on this page from <a href=\"https:\/\/www.alflow.dk\/en\/brands\/\">Recognised manufacturers<\/a>. This means that our gear pumps fulfil the requirements of different industries. This means you can count on a smooth running gear pump.<\/p>\n<p>At Alflow, we have over 20 years of experience with processes, applications and components in industries such as the food and chemical industries. So if you need a pump to transport water or chemical liquids, you can find it at Alflow. Would you like to know more? Our specialists are ready to help you find the right gear pump and work with you to find the best match for your application. You can easily <a href=\"https:\/\/www.alflow.dk\/en\/contact\/\">Contact us<\/a> on this page.<\/p>\n<h2>See also our other pumps<\/h2>\n<p>Do you or your customers need a pump for a different task? Then you can explore the range of pumps. At Alflow you can find, among other things:<\/p>\n<ul>\n<li><a href=\"https:\/\/www.alflow.dk\/en\/products\/centrifugal-pumps\/\">Centrifugal pumps<\/a><\/li>\n<li><a href=\"https:\/\/www.alflow.dk\/en\/products\/diaphragm-pumps\/\">Diaphragm pumps<\/a><\/li>\n<li><a href=\"https:\/\/www.alflow.dk\/en\/products\/lobe-pumps\/\">Lobe pumps<\/a><\/li>\n<li><a href=\"https:\/\/www.alflow.dk\/en\/products\/piston-pump\/\">Piston pumps<\/a><\/li>\n<li><a href=\"https:\/\/www.alflow.dk\/en\/products\/eccentric-pumps\/\">Eccentric pumps<\/a><\/li>\n<\/ul>\n<p>We have pumps for a myriad of purposes, and you can find them at Alflow. We are a recognised supplier of high-quality products. At Alflow, we comply with the applicable requirements and standards in several industries. That way, you and your customers get an efficient and optimal experience with our products.<\/p>\n<p>We always seek to find the most value-adding match for your application so that we can contribute to a higher yield in your production through less maintenance and less downtime. If we can achieve this together, we fulfil our goal of being your value-adding partner.<\/p>\n                        <\/div>\n                                    <\/div>\n            <\/div>\n                        \n    <\/div>\n<\/div><\/div><\/div><\/div><\/div><\/div>","protected":false},"excerpt":{"rendered":"<p>Produkter Tandhjulspumper Tandhjulspumper er s\u00e6rligt velegnede til opgaver, der kr\u00e6ver alsidighed, p\u00e5lidelighed og sikkerhed. Tandhjulspumper Hos Alflow forhandler vi tandhjulspumper \u2013 ogs\u00e5 kaldet gearpumper \u2013 til proces- og kemisk industri. Pumperne er produceret i holdbare materialer, der er med til at s\u00f8rge for en effektiv oplevelse. Se udvalget af tandhjulspumper fra f\u00f8rende producenter her p\u00e5 [&hellip;]<\/p>\n","protected":false},"author":3,"featured_media":0,"parent":0,"menu_order":0,"comment_status":"closed","ping_status":"closed","template":"","meta":{"_acf_changed":false,"inline_featured_image":false,"footnotes":""},"class_list":["post-8099","page","type-page","status-publish","hentry"],"acf":[],"yoast_head":"<!-- This site is optimized with the Yoast SEO plugin v27.4 - https:\/\/yoast.com\/product\/yoast-seo-wordpress\/ -->\n<title>Tandhjulspumper | K\u00f8b tandhjulspumper til skarpe priser | Alflow<\/title>\n<meta name=\"description\" content=\"Find den rette tandhjulspumpe med certifikat her. Vi har et udvalg af industrielle tandhjulspumper. Se vores udvalg her.\" \/>\n<meta name=\"robots\" content=\"index, follow, max-snippet:-1, max-image-preview:large, max-video-preview:-1\" \/>\n<link rel=\"canonical\" href=\"https:\/\/www.alflow.dk\/en\/gear-pumps\/\" \/>\n<meta property=\"og:locale\" content=\"en_GB\" \/>\n<meta property=\"og:type\" content=\"article\" \/>\n<meta property=\"og:title\" content=\"Tandhjulspumper | K\u00f8b tandhjulspumper til skarpe priser | Alflow\" \/>\n<meta property=\"og:description\" content=\"Find den rette tandhjulspumpe med certifikat her. Vi har et udvalg af industrielle tandhjulspumper. Se vores udvalg her.\" \/>\n<meta property=\"og:url\" content=\"https:\/\/www.alflow.dk\/en\/gear-pumps\/\" \/>\n<meta property=\"og:site_name\" content=\"Alflow\" \/>\n<meta property=\"article:modified_time\" content=\"2022-04-29T09:20:47+00:00\" \/>\n<meta name=\"twitter:card\" content=\"summary_large_image\" \/>\n<meta name=\"twitter:label1\" content=\"Estimated reading time\" \/>\n\t<meta name=\"twitter:data1\" content=\"1 minute\" \/>\n<script type=\"application\/ld+json\" class=\"yoast-schema-graph\">{\"@context\":\"https:\\\/\\\/schema.org\",\"@graph\":[{\"@type\":\"WebPage\",\"@id\":\"https:\\\/\\\/www.alflow.dk\\\/en\\\/gear-pumps\\\/\",\"url\":\"https:\\\/\\\/www.alflow.dk\\\/en\\\/gear-pumps\\\/\",\"name\":\"Tandhjulspumper | K\u00f8b tandhjulspumper til skarpe priser | Alflow\",\"isPartOf\":{\"@id\":\"https:\\\/\\\/www.alflow.se\\\/#website\"},\"datePublished\":\"2022-04-28T12:39:18+00:00\",\"dateModified\":\"2022-04-29T09:20:47+00:00\",\"description\":\"Find den rette tandhjulspumpe med certifikat her. Vi har et udvalg af industrielle tandhjulspumper. Se vores udvalg her.\",\"breadcrumb\":{\"@id\":\"https:\\\/\\\/www.alflow.dk\\\/en\\\/gear-pumps\\\/#breadcrumb\"},\"inLanguage\":\"en-GB\",\"potentialAction\":[{\"@type\":\"ReadAction\",\"target\":[\"https:\\\/\\\/www.alflow.dk\\\/en\\\/gear-pumps\\\/\"]}]},{\"@type\":\"BreadcrumbList\",\"@id\":\"https:\\\/\\\/www.alflow.dk\\\/en\\\/gear-pumps\\\/#breadcrumb\",\"itemListElement\":[{\"@type\":\"ListItem\",\"position\":1,\"name\":\"Home \\\/\",\"item\":\"https:\\\/\\\/www.alflow.dk\\\/\"},{\"@type\":\"ListItem\",\"position\":2,\"name\":\"Tandhjulspumper\"}]},{\"@type\":\"WebSite\",\"@id\":\"https:\\\/\\\/www.alflow.se\\\/#website\",\"url\":\"https:\\\/\\\/www.alflow.se\\\/\",\"name\":\"Alflow\",\"description\":\"Flow der g\u00f8r en forskel\",\"publisher\":{\"@id\":\"https:\\\/\\\/www.alflow.se\\\/#organization\"},\"potentialAction\":[{\"@type\":\"SearchAction\",\"target\":{\"@type\":\"EntryPoint\",\"urlTemplate\":\"https:\\\/\\\/www.alflow.se\\\/?s={search_term_string}\"},\"query-input\":{\"@type\":\"PropertyValueSpecification\",\"valueRequired\":true,\"valueName\":\"search_term_string\"}}],\"inLanguage\":\"en-GB\"},{\"@type\":\"Organization\",\"@id\":\"https:\\\/\\\/www.alflow.se\\\/#organization\",\"name\":\"Alflow\",\"url\":\"https:\\\/\\\/www.alflow.se\\\/\",\"logo\":{\"@type\":\"ImageObject\",\"inLanguage\":\"en-GB\",\"@id\":\"https:\\\/\\\/www.alflow.se\\\/#\\\/schema\\\/logo\\\/image\\\/\",\"url\":\"https:\\\/\\\/www.alflow.dk\\\/wp-content\\\/uploads\\\/2025\\\/07\\\/alflow_pos_pms_web.png\",\"contentUrl\":\"https:\\\/\\\/www.alflow.dk\\\/wp-content\\\/uploads\\\/2025\\\/07\\\/alflow_pos_pms_web.png\",\"width\":250,\"height\":42,\"caption\":\"Alflow\"},\"image\":{\"@id\":\"https:\\\/\\\/www.alflow.se\\\/#\\\/schema\\\/logo\\\/image\\\/\"}}]}<\/script>\n<!-- \/ Yoast SEO plugin. -->","yoast_head_json":{"title":"Gear pumps | Buy gear pumps at competitive prices | Alflow","description":"Find the right gear pump with certificate here. We have a selection of industrial gear pumps. See our selection here.","robots":{"index":"index","follow":"follow","max-snippet":"max-snippet:-1","max-image-preview":"max-image-preview:large","max-video-preview":"max-video-preview:-1"},"canonical":"https:\/\/www.alflow.dk\/en\/gear-pumps\/","og_locale":"en_GB","og_type":"article","og_title":"Tandhjulspumper | K\u00f8b tandhjulspumper til skarpe priser | Alflow","og_description":"Find den rette tandhjulspumpe med certifikat her. Vi har et udvalg af industrielle tandhjulspumper. Se vores udvalg her.","og_url":"https:\/\/www.alflow.dk\/en\/gear-pumps\/","og_site_name":"Alflow","article_modified_time":"2022-04-29T09:20:47+00:00","twitter_card":"summary_large_image","twitter_misc":{"Estimated reading time":"1 minute"},"schema":{"@context":"https:\/\/schema.org","@graph":[{"@type":"WebPage","@id":"https:\/\/www.alflow.dk\/en\/gear-pumps\/","url":"https:\/\/www.alflow.dk\/en\/gear-pumps\/","name":"Gear pumps | Buy gear pumps at competitive prices | Alflow","isPartOf":{"@id":"https:\/\/www.alflow.se\/#website"},"datePublished":"2022-04-28T12:39:18+00:00","dateModified":"2022-04-29T09:20:47+00:00","description":"Find the right gear pump with certificate here. We have a selection of industrial gear pumps. See our selection here.","breadcrumb":{"@id":"https:\/\/www.alflow.dk\/en\/gear-pumps\/#breadcrumb"},"inLanguage":"en-GB","potentialAction":[{"@type":"ReadAction","target":["https:\/\/www.alflow.dk\/en\/gear-pumps\/"]}]},{"@type":"BreadcrumbList","@id":"https:\/\/www.alflow.dk\/en\/gear-pumps\/#breadcrumb","itemListElement":[{"@type":"ListItem","position":1,"name":"Home \/","item":"https:\/\/www.alflow.dk\/"},{"@type":"ListItem","position":2,"name":"Tandhjulspumper"}]},{"@type":"WebSite","@id":"https:\/\/www.alflow.se\/#website","url":"https:\/\/www.alflow.se\/","name":"Alflow","description":"Flow that makes a difference","publisher":{"@id":"https:\/\/www.alflow.se\/#organization"},"potentialAction":[{"@type":"SearchAction","target":{"@type":"EntryPoint","urlTemplate":"https:\/\/www.alflow.se\/?s={search_term_string}"},"query-input":{"@type":"PropertyValueSpecification","valueRequired":true,"valueName":"search_term_string"}}],"inLanguage":"en-GB"},{"@type":"Organization","@id":"https:\/\/www.alflow.se\/#organization","name":"Alflow","url":"https:\/\/www.alflow.se\/","logo":{"@type":"ImageObject","inLanguage":"en-GB","@id":"https:\/\/www.alflow.se\/#\/schema\/logo\/image\/","url":"https:\/\/www.alflow.dk\/wp-content\/uploads\/2025\/07\/alflow_pos_pms_web.png","contentUrl":"https:\/\/www.alflow.dk\/wp-content\/uploads\/2025\/07\/alflow_pos_pms_web.png","width":250,"height":42,"caption":"Alflow"},"image":{"@id":"https:\/\/www.alflow.se\/#\/schema\/logo\/image\/"}}]}},"_links":{"self":[{"href":"https:\/\/www.alflow.dk\/en\/wp-json\/wp\/v2\/pages\/8099","targetHints":{"allow":["GET"]}}],"collection":[{"href":"https:\/\/www.alflow.dk\/en\/wp-json\/wp\/v2\/pages"}],"about":[{"href":"https:\/\/www.alflow.dk\/en\/wp-json\/wp\/v2\/types\/page"}],"author":[{"embeddable":true,"href":"https:\/\/www.alflow.dk\/en\/wp-json\/wp\/v2\/users\/3"}],"replies":[{"embeddable":true,"href":"https:\/\/www.alflow.dk\/en\/wp-json\/wp\/v2\/comments?post=8099"}],"version-history":[{"count":5,"href":"https:\/\/www.alflow.dk\/en\/wp-json\/wp\/v2\/pages\/8099\/revisions"}],"predecessor-version":[{"id":8105,"href":"https:\/\/www.alflow.dk\/en\/wp-json\/wp\/v2\/pages\/8099\/revisions\/8105"}],"wp:attachment":[{"href":"https:\/\/www.alflow.dk\/en\/wp-json\/wp\/v2\/media?parent=8099"}],"curies":[{"name":"wp","href":"https:\/\/api.w.org\/{rel}","templated":true}]}}