{"id":6099,"date":"2021-07-02T12:24:44","date_gmt":"2021-07-02T12:24:44","guid":{"rendered":"https:\/\/www.alflow.dk\/karriere\/3600-2-copy-copy\/"},"modified":"2022-09-15T12:42:58","modified_gmt":"2022-09-15T12:42:58","slug":"employee-for-internal-sales","status":"publish","type":"page","link":"https:\/\/www.alflow.dk\/en\/karriere\/medarbejder-til-intern-salg\/","title":{"rendered":"Internal sales representative for recognised supplier in the pharmaceutical and food industry"},"content":{"rendered":"<div id=\"pl-6099\"  class=\"panel-layout\" ><div id=\"pg-6099-0\"  class=\"panel-grid panel-no-style\" ><div id=\"pgc-6099-0-0\"  class=\"panel-grid-cell\" ><div id=\"panel-6099-0-0-0\" class=\"so-panel widget widget_mtt-cover panel-first-child panel-last-child\" data-index=\"0\" ><div\n\t\t\t\n\t\t\tclass=\"so-widget-mtt-cover so-widget-mtt-cover-base\"\n\t\t\t\n\t\t>\n<div class=\"mtt-cover-market spacing-text set-height no-text-true\">\n            <div class=\"mtt-cover-market__bg-image overlay\">\n            <div class=\"object-fit\">\n                <img decoding=\"async\" src=\"https:\/\/www.alflow.dk\/wp-content\/uploads\/2021\/08\/Alflow-teamet-1.png\" alt=\"The Alflow team\">\n            <\/div>\n        <\/div>\n    \n    <div class=\"page_container\">\n        <div class=\"mtt-cover-market__text-wrapper\">\n            \n            \n            \n                    <\/div>\n\n        \n\n            <\/div>\n<\/div><\/div><\/div><\/div><\/div><div id=\"pg-6099-1\"  class=\"panel-grid panel-no-style\" ><div id=\"pgc-6099-1-0\"  class=\"panel-grid-cell\" ><div id=\"panel-6099-1-0-0\" class=\"so-panel widget widget_mtt-title-text-widget panel-first-child panel-last-child\" data-index=\"1\" ><div\n\t\t\t\n\t\t\tclass=\"so-widget-mtt-title-text-widget so-widget-mtt-title-text-widget-base\"\n\t\t\t\n\t\t>\n<div class=\"mtt-title-text-widget margin-top-120 margin-bottom-120 margin-classes-added\">\n    <div class=\"page_container\">\n        <div class=\"title-wrapper\">\n                            <h2>Internal sales representative for recognised supplier in the pharmaceutical and food industry<\/h2>\n            \n            \n            \n    <div class=\"button-section\">\n\n        \n                <a href=\"https:\/\/www.jobindex.dk\/jobannonce\/458250\/intern-saelger-til-anerkendt-leverandoer-inden-for-medicinal-og-foedevareindustrien\"  class=\"button primary left_arrow\" target=\"_blank\" rel=\"noopener noreferrer\">\n                    Apply for the position                <\/a>\n                    \n            \n    <\/div>\n\n        <\/div>\n\n                    <div class=\"text-wrapper\">\n                <div class=\"text-inner\">\n                                            <div class=\"column full-width\">\n                            <ul>\n<li>Are you motivated by helping customers achieve their goals in sourcing components for their production?<\/li>\n<li>Would you be excited to serve Denmark's leading companies in the pharmaceutical and food industry?<\/li>\n<li>Do you have a commercial mindset, a strong service mindset and a structured approach to your work?<\/li>\n<\/ul>\n<p>Then you're the one we need at Alflow.<\/p>\n<p>In our internal sales department, you will have a wide range of contacts with customers, colleagues and suppliers. You will be responsible for counselling, quoting, sales, order processing and follow-up until the order is delivered to the customer. Many of your tasks will be project-oriented and with specific deadlines, so an independent and structured approach, as well as the ability to run several projects simultaneously, is an advantage. You are motivated by sales, a wide range of contacts and good relationships with customers, where good customer service is always a given.<\/p>\n<p>Your work tasks are primarily:<\/p>\n<ul>\n<li>Advice and guidance for customers<\/li>\n<li>Preparation and follow-up on offers<\/li>\n<li>Sales and order processing<\/li>\n<li>Purchasing and following up on orders with suppliers<\/li>\n<\/ul>\n<p>It is important that you like to work in a structured way with multiple tasks and projects at the same time. We expect you to be proactive and take ownership of your sales, orders and deliveries. You will be part of a dynamic and growing company with a strong team spirit and a willingness to help each other. You will be part of a central part of the company with an informal atmosphere and good humour, where you will work closely with the other departments of motivated colleagues. In the last employee satisfaction survey, Alflow achieved a score of 7.5 out of 10 points, which is also an expression of the job satisfaction, team spirit and work environment that you can be a part of.<\/p>\n<p>You're the right match if:<\/p>\n<ul>\n<li>You have experience in sales and customer service<\/li>\n<li>You work in a structured way and have a good overview<\/li>\n<li>You have a flair for IT<\/li>\n<li>You speak and write Danish and English<\/li>\n<\/ul>\n<p>We imagine that you have a professional or commercial background - and perhaps you come from a similar position in an internal sales department where you have worked with sales of technical products, preferably within plumbing, flow components or similar, and have a good technical understanding.<\/p>\n<p>You are a team player and good relationships with customers, suppliers and colleagues are important to you. Our ERP system, CRM system and Microsoft Office are the most important tools for you in your everyday work, which is why you thrive on working digitally.<\/p>\n<p>Alflow is a trading and knowledge company that helps customers optimise their productions through the sale of unique flow components and solutions. Alflow operates primarily in the Danish market as a one-stop-shop solution for customers in pharma, food and biotech. The company was established in 1998 and is located in Vejen, where it employs 34 people.<\/p>\n<p>As the position needs to be filled quickly, you are encouraged to apply immediately by sending your application via <a href=\"https:\/\/www.jobindex.dk\/jobannonce\/458250\/intern-saelger-til-anerkendt-leverandoer-inden-for-medicinal-og-foedevareindustrien\">Jobindex.com<\/a>. If you have any questions regarding the position, you are welcome to contact HR Partner Ren\u00e9 H\u00f8egh Pedersen (HR Support) on tel. +45 3045 0367.<\/p>\n<p>Alflow Scandinavia A\/S collaborates with HR Support, which participates in the recruitment process.<\/p>\n                        <\/div>\n                    \n                                    <\/div>\n            <\/div>\n                        \n    <\/div>\n<\/div><\/div><\/div><\/div><\/div><\/div>","protected":false},"excerpt":{"rendered":"<p>Intern s\u00e6lger til anerkendt leverand\u00f8r indenfor medicinal og f\u00f8devareindustrien S\u00f8g stillingen Motiveres du af at hj\u00e6lpe kunder helt i m\u00e5l med sourcing af komponenter til deres produktion? Synes du, det kunne v\u00e6re sp\u00e6ndende at servicere Danmarks f\u00f8rende virksomheder inden for medicinal- og f\u00f8devareindustrien? Har du et kommercielt mindset, et stort servicegen og en struktureret tilgang [&hellip;]<\/p>\n","protected":false},"author":3,"featured_media":6288,"parent":2382,"menu_order":0,"comment_status":"closed","ping_status":"closed","template":"","meta":{"_acf_changed":false,"inline_featured_image":false,"footnotes":""},"class_list":["post-6099","page","type-page","status-publish","has-post-thumbnail","hentry"],"acf":[],"yoast_head":"<!-- This site is optimized with the Yoast SEO plugin v27.4 - https:\/\/yoast.com\/product\/yoast-seo-wordpress\/ -->\n<title>Intern s\u00e6lger til anerkendt leverand\u00f8r inden for medicinal- og f\u00f8devareindustrien - Alflow<\/title>\n<meta name=\"robots\" content=\"index, follow, max-snippet:-1, max-image-preview:large, max-video-preview:-1\" \/>\n<link rel=\"canonical\" href=\"https:\/\/www.alflow.dk\/en\/career\/employee-for-internal-sales\/\" \/>\n<meta property=\"og:locale\" content=\"en_GB\" \/>\n<meta property=\"og:type\" content=\"article\" \/>\n<meta property=\"og:title\" content=\"Intern s\u00e6lger til anerkendt leverand\u00f8r inden for medicinal- og f\u00f8devareindustrien - Alflow\" \/>\n<meta property=\"og:description\" content=\"Intern s\u00e6lger til anerkendt leverand\u00f8r indenfor medicinal og f\u00f8devareindustrien S\u00f8g stillingen Motiveres du af at hj\u00e6lpe kunder helt i m\u00e5l med sourcing af komponenter til deres produktion? Synes du, det kunne v\u00e6re sp\u00e6ndende at servicere Danmarks f\u00f8rende virksomheder inden for medicinal- og f\u00f8devareindustrien? Har du et kommercielt mindset, et stort servicegen og en struktureret tilgang [&hellip;]\" \/>\n<meta property=\"og:url\" content=\"https:\/\/www.alflow.dk\/en\/career\/employee-for-internal-sales\/\" \/>\n<meta property=\"og:site_name\" content=\"Alflow\" \/>\n<meta property=\"article:modified_time\" content=\"2022-09-15T12:42:58+00:00\" \/>\n<meta property=\"og:image\" content=\"https:\/\/www.alflow.dk\/wp-content\/uploads\/2021\/08\/02004976_1500x1000.jpg\" \/>\n\t<meta property=\"og:image:width\" content=\"1500\" \/>\n\t<meta property=\"og:image:height\" content=\"1000\" \/>\n\t<meta property=\"og:image:type\" content=\"image\/jpeg\" \/>\n<meta name=\"twitter:card\" content=\"summary_large_image\" \/>\n<meta name=\"twitter:label1\" content=\"Estimated reading time\" \/>\n\t<meta name=\"twitter:data1\" content=\"1 minute\" \/>\n<script type=\"application\/ld+json\" class=\"yoast-schema-graph\">{\"@context\":\"https:\\\/\\\/schema.org\",\"@graph\":[{\"@type\":\"WebPage\",\"@id\":\"https:\\\/\\\/www.alflow.dk\\\/karriere\\\/medarbejder-til-intern-salg\\\/\",\"url\":\"https:\\\/\\\/www.alflow.dk\\\/karriere\\\/medarbejder-til-intern-salg\\\/\",\"name\":\"Intern s\u00e6lger til anerkendt leverand\u00f8r inden for medicinal- og f\u00f8devareindustrien - Alflow\",\"isPartOf\":{\"@id\":\"https:\\\/\\\/www.alflow.se\\\/#website\"},\"primaryImageOfPage\":{\"@id\":\"https:\\\/\\\/www.alflow.dk\\\/karriere\\\/medarbejder-til-intern-salg\\\/#primaryimage\"},\"image\":{\"@id\":\"https:\\\/\\\/www.alflow.dk\\\/karriere\\\/medarbejder-til-intern-salg\\\/#primaryimage\"},\"thumbnailUrl\":\"https:\\\/\\\/www.alflow.dk\\\/wp-content\\\/uploads\\\/2021\\\/08\\\/02004976_1500x1000.jpg\",\"datePublished\":\"2021-07-02T12:24:44+00:00\",\"dateModified\":\"2022-09-15T12:42:58+00:00\",\"breadcrumb\":{\"@id\":\"https:\\\/\\\/www.alflow.dk\\\/karriere\\\/medarbejder-til-intern-salg\\\/#breadcrumb\"},\"inLanguage\":\"en-GB\",\"potentialAction\":[{\"@type\":\"ReadAction\",\"target\":[\"https:\\\/\\\/www.alflow.dk\\\/karriere\\\/medarbejder-til-intern-salg\\\/\"]}]},{\"@type\":\"ImageObject\",\"inLanguage\":\"en-GB\",\"@id\":\"https:\\\/\\\/www.alflow.dk\\\/karriere\\\/medarbejder-til-intern-salg\\\/#primaryimage\",\"url\":\"https:\\\/\\\/www.alflow.dk\\\/wp-content\\\/uploads\\\/2021\\\/08\\\/02004976_1500x1000.jpg\",\"contentUrl\":\"https:\\\/\\\/www.alflow.dk\\\/wp-content\\\/uploads\\\/2021\\\/08\\\/02004976_1500x1000.jpg\",\"width\":1500,\"height\":1000},{\"@type\":\"BreadcrumbList\",\"@id\":\"https:\\\/\\\/www.alflow.dk\\\/karriere\\\/medarbejder-til-intern-salg\\\/#breadcrumb\",\"itemListElement\":[{\"@type\":\"ListItem\",\"position\":1,\"name\":\"Home \\\/\",\"item\":\"https:\\\/\\\/www.alflow.dk\\\/\"},{\"@type\":\"ListItem\",\"position\":2,\"name\":\"Karriere\",\"item\":\"https:\\\/\\\/www.alflow.dk\\\/karriere\\\/\"},{\"@type\":\"ListItem\",\"position\":3,\"name\":\"Intern s\u00e6lger til anerkendt leverand\u00f8r inden for medicinal- og f\u00f8devareindustrien\"}]},{\"@type\":\"WebSite\",\"@id\":\"https:\\\/\\\/www.alflow.se\\\/#website\",\"url\":\"https:\\\/\\\/www.alflow.se\\\/\",\"name\":\"Alflow\",\"description\":\"Flow der g\u00f8r en forskel\",\"publisher\":{\"@id\":\"https:\\\/\\\/www.alflow.se\\\/#organization\"},\"potentialAction\":[{\"@type\":\"SearchAction\",\"target\":{\"@type\":\"EntryPoint\",\"urlTemplate\":\"https:\\\/\\\/www.alflow.se\\\/?s={search_term_string}\"},\"query-input\":{\"@type\":\"PropertyValueSpecification\",\"valueRequired\":true,\"valueName\":\"search_term_string\"}}],\"inLanguage\":\"en-GB\"},{\"@type\":\"Organization\",\"@id\":\"https:\\\/\\\/www.alflow.se\\\/#organization\",\"name\":\"Alflow\",\"url\":\"https:\\\/\\\/www.alflow.se\\\/\",\"logo\":{\"@type\":\"ImageObject\",\"inLanguage\":\"en-GB\",\"@id\":\"https:\\\/\\\/www.alflow.se\\\/#\\\/schema\\\/logo\\\/image\\\/\",\"url\":\"https:\\\/\\\/www.alflow.dk\\\/wp-content\\\/uploads\\\/2025\\\/07\\\/alflow_pos_pms_web.png\",\"contentUrl\":\"https:\\\/\\\/www.alflow.dk\\\/wp-content\\\/uploads\\\/2025\\\/07\\\/alflow_pos_pms_web.png\",\"width\":250,\"height\":42,\"caption\":\"Alflow\"},\"image\":{\"@id\":\"https:\\\/\\\/www.alflow.se\\\/#\\\/schema\\\/logo\\\/image\\\/\"}}]}<\/script>\n<!-- \/ Yoast SEO plugin. -->","yoast_head_json":{"title":"Internal sales representative for recognised supplier in the pharmaceutical and food industry - Alflow","robots":{"index":"index","follow":"follow","max-snippet":"max-snippet:-1","max-image-preview":"max-image-preview:large","max-video-preview":"max-video-preview:-1"},"canonical":"https:\/\/www.alflow.dk\/en\/career\/employee-for-internal-sales\/","og_locale":"en_GB","og_type":"article","og_title":"Intern s\u00e6lger til anerkendt leverand\u00f8r inden for medicinal- og f\u00f8devareindustrien - Alflow","og_description":"Intern s\u00e6lger til anerkendt leverand\u00f8r indenfor medicinal og f\u00f8devareindustrien S\u00f8g stillingen Motiveres du af at hj\u00e6lpe kunder helt i m\u00e5l med sourcing af komponenter til deres produktion? Synes du, det kunne v\u00e6re sp\u00e6ndende at servicere Danmarks f\u00f8rende virksomheder inden for medicinal- og f\u00f8devareindustrien? Har du et kommercielt mindset, et stort servicegen og en struktureret tilgang [&hellip;]","og_url":"https:\/\/www.alflow.dk\/en\/career\/employee-for-internal-sales\/","og_site_name":"Alflow","article_modified_time":"2022-09-15T12:42:58+00:00","og_image":[{"width":1500,"height":1000,"url":"https:\/\/www.alflow.dk\/wp-content\/uploads\/2021\/08\/02004976_1500x1000.jpg","type":"image\/jpeg"}],"twitter_card":"summary_large_image","twitter_misc":{"Estimated reading time":"1 minute"},"schema":{"@context":"https:\/\/schema.org","@graph":[{"@type":"WebPage","@id":"https:\/\/www.alflow.dk\/karriere\/medarbejder-til-intern-salg\/","url":"https:\/\/www.alflow.dk\/karriere\/medarbejder-til-intern-salg\/","name":"Internal sales representative for recognised supplier in the pharmaceutical and food industry - Alflow","isPartOf":{"@id":"https:\/\/www.alflow.se\/#website"},"primaryImageOfPage":{"@id":"https:\/\/www.alflow.dk\/karriere\/medarbejder-til-intern-salg\/#primaryimage"},"image":{"@id":"https:\/\/www.alflow.dk\/karriere\/medarbejder-til-intern-salg\/#primaryimage"},"thumbnailUrl":"https:\/\/www.alflow.dk\/wp-content\/uploads\/2021\/08\/02004976_1500x1000.jpg","datePublished":"2021-07-02T12:24:44+00:00","dateModified":"2022-09-15T12:42:58+00:00","breadcrumb":{"@id":"https:\/\/www.alflow.dk\/karriere\/medarbejder-til-intern-salg\/#breadcrumb"},"inLanguage":"en-GB","potentialAction":[{"@type":"ReadAction","target":["https:\/\/www.alflow.dk\/karriere\/medarbejder-til-intern-salg\/"]}]},{"@type":"ImageObject","inLanguage":"en-GB","@id":"https:\/\/www.alflow.dk\/karriere\/medarbejder-til-intern-salg\/#primaryimage","url":"https:\/\/www.alflow.dk\/wp-content\/uploads\/2021\/08\/02004976_1500x1000.jpg","contentUrl":"https:\/\/www.alflow.dk\/wp-content\/uploads\/2021\/08\/02004976_1500x1000.jpg","width":1500,"height":1000},{"@type":"BreadcrumbList","@id":"https:\/\/www.alflow.dk\/karriere\/medarbejder-til-intern-salg\/#breadcrumb","itemListElement":[{"@type":"ListItem","position":1,"name":"Home \/","item":"https:\/\/www.alflow.dk\/"},{"@type":"ListItem","position":2,"name":"Karriere","item":"https:\/\/www.alflow.dk\/karriere\/"},{"@type":"ListItem","position":3,"name":"Intern s\u00e6lger til anerkendt leverand\u00f8r inden for medicinal- og f\u00f8devareindustrien"}]},{"@type":"WebSite","@id":"https:\/\/www.alflow.se\/#website","url":"https:\/\/www.alflow.se\/","name":"Alflow","description":"Flow that makes a difference","publisher":{"@id":"https:\/\/www.alflow.se\/#organization"},"potentialAction":[{"@type":"SearchAction","target":{"@type":"EntryPoint","urlTemplate":"https:\/\/www.alflow.se\/?s={search_term_string}"},"query-input":{"@type":"PropertyValueSpecification","valueRequired":true,"valueName":"search_term_string"}}],"inLanguage":"en-GB"},{"@type":"Organization","@id":"https:\/\/www.alflow.se\/#organization","name":"Alflow","url":"https:\/\/www.alflow.se\/","logo":{"@type":"ImageObject","inLanguage":"en-GB","@id":"https:\/\/www.alflow.se\/#\/schema\/logo\/image\/","url":"https:\/\/www.alflow.dk\/wp-content\/uploads\/2025\/07\/alflow_pos_pms_web.png","contentUrl":"https:\/\/www.alflow.dk\/wp-content\/uploads\/2025\/07\/alflow_pos_pms_web.png","width":250,"height":42,"caption":"Alflow"},"image":{"@id":"https:\/\/www.alflow.se\/#\/schema\/logo\/image\/"}}]}},"_links":{"self":[{"href":"https:\/\/www.alflow.dk\/en\/wp-json\/wp\/v2\/pages\/6099","targetHints":{"allow":["GET"]}}],"collection":[{"href":"https:\/\/www.alflow.dk\/en\/wp-json\/wp\/v2\/pages"}],"about":[{"href":"https:\/\/www.alflow.dk\/en\/wp-json\/wp\/v2\/types\/page"}],"author":[{"embeddable":true,"href":"https:\/\/www.alflow.dk\/en\/wp-json\/wp\/v2\/users\/3"}],"replies":[{"embeddable":true,"href":"https:\/\/www.alflow.dk\/en\/wp-json\/wp\/v2\/comments?post=6099"}],"version-history":[{"count":29,"href":"https:\/\/www.alflow.dk\/en\/wp-json\/wp\/v2\/pages\/6099\/revisions"}],"predecessor-version":[{"id":8338,"href":"https:\/\/www.alflow.dk\/en\/wp-json\/wp\/v2\/pages\/6099\/revisions\/8338"}],"up":[{"embeddable":true,"href":"https:\/\/www.alflow.dk\/en\/wp-json\/wp\/v2\/pages\/2382"}],"wp:featuredmedia":[{"embeddable":true,"href":"https:\/\/www.alflow.dk\/en\/wp-json\/wp\/v2\/media\/6288"}],"wp:attachment":[{"href":"https:\/\/www.alflow.dk\/en\/wp-json\/wp\/v2\/media?parent=6099"}],"curies":[{"name":"wp","href":"https:\/\/api.w.org\/{rel}","templated":true}]}}