{"id":6050,"date":"2021-06-15T07:41:35","date_gmt":"2021-06-15T07:41:35","guid":{"rendered":"https:\/\/www.alflow.dk\/handbook-pressure-in-flow-systems-copy\/"},"modified":"2024-05-28T13:02:34","modified_gmt":"2024-05-28T13:02:34","slug":"sanitary-valves-manual-process-handling","status":"publish","type":"page","link":"https:\/\/www.alflow.dk\/en\/handbok-ventiler-foer-sanitaer-processhantering\/","title":{"rendered":"Handbook: Valves for sanitary process handling"},"content":{"rendered":"<div id=\"pl-6050\"  class=\"panel-layout\" ><div id=\"pg-6050-0\"  class=\"panel-grid panel-no-style\" ><div id=\"pgc-6050-0-0\"  class=\"panel-grid-cell\" ><div id=\"panel-6050-0-0-0\" class=\"so-panel widget widget_mtt-text-image panel-first-child\" data-index=\"0\" ><div class=\"Handbook panel-widget-style panel-widget-style-for-6050-0-0-0\" id=\"Handbook\" ><div\n\t\t\t\n\t\t\tclass=\"so-widget-mtt-text-image so-widget-mtt-text-image-base\"\n\t\t\t\n\t\t>\n<div class=\"mtt-text-image margin-top-80 margin-classes-added\" >\n    <div class=\"page_container\">\n        <div class=\"mtt-text-image__wrapper add-bg flip\">\n            <div class=\"wrapper\">\n                <div class=\"text-inner\">\n                                                                \n                                                                        <h2>\n                                Learn more about valves for sanitary process management!                            <\/h2>                        \n                                            \n                                                                        <div class=\"text\">\n                                <p>Fill out the form and receive our e-book on valves for sanitary process handling<\/p>\n<p>&nbsp;<\/p>\n<p>The e-book is a handbook that takes you through different aspects of valves for sanitary process management and is a practical complement to existing literature on the subject<\/p>\n<p>&nbsp;<\/p>\n<p>In the e-book you get:<\/p>\n<ul>\n<li>Practical answers to 10 key questions<\/li>\n<li>Examples<\/li>\n<li>Illustrations<\/li>\n<\/ul>\n                            <\/div>\n                                            \n                                                                \n                <\/div>\n            <\/div>\n\n                            <div class=\"wrapper\">\n                    <div class=\"object-fit\">\n                                                    <img decoding=\"async\" src=\"https:\/\/www.alflow.dk\/wp-content\/uploads\/2024\/05\/Ventiler-for-sanitar-processhantering-1.png\" alt=\"Valves for sanitary process handling\">\n                                            <\/div>\n                <\/div>\n                    <\/div>\n    <\/div>\n<\/div><\/div><\/div><\/div><div id=\"panel-6050-0-0-1\" class=\"so-panel widget widget_mtt-title-text-widget\" data-index=\"1\" ><div class=\"Sign-up panel-widget-style panel-widget-style-for-6050-0-0-1\" id=\"Sign-up\" ><div\n\t\t\t\n\t\t\tclass=\"so-widget-mtt-title-text-widget so-widget-mtt-title-text-widget-base\"\n\t\t\t\n\t\t>\n<div class=\"mtt-title-text-widget\">\n    <div class=\"page_container title-above\">\n        <div class=\"title-wrapper center\">\n            \n            \n                    <\/div>\n\n                    <div class=\"text-wrapper\">\n                <div class=\"text-inner\">\n                                            <div class=\"column center\">\n                            <p>&nbsp;<\/p>\n<p>Fill in this form and get the e-book sent by email.<\/p>\n<p><img loading=\"lazy\" decoding=\"async\" class=\"alignnone size-medium wp-image-3875\" src=\"https:\/\/www.alflow.dk\/wp-content\/uploads\/2020\/09\/arrow-310622-300x150.png\" alt=\"\" width=\"300\" height=\"150\" srcset=\"https:\/\/www.alflow.dk\/wp-content\/uploads\/2020\/09\/arrow-310622-300x150.png 300w, https:\/\/www.alflow.dk\/wp-content\/uploads\/2020\/09\/arrow-310622-1024x512.png 1024w, https:\/\/www.alflow.dk\/wp-content\/uploads\/2020\/09\/arrow-310622.png 1920w\" sizes=\"auto, (max-width: 300px) 100vw, 300px\" \/><\/p>\n                        <\/div>\n                    \n                                            <div class=\"column\">\n                            <div class=\"_form_35\"><\/div><script src=\"https:\/\/alflow.activehosted.com\/f\/embed.php?id=35\" charset=\"utf-8\"><\/script>                        <\/div>\n                                    <\/div>\n            <\/div>\n                        \n    <\/div>\n<\/div><\/div><\/div><\/div><div id=\"panel-6050-0-0-2\" class=\"so-panel widget widget_mtt-title-text-widget panel-last-child\" data-index=\"2\" ><div class=\"Privatlivspolitik panel-widget-style panel-widget-style-for-6050-0-0-2\" id=\"Privatlivspolitik\" ><div\n\t\t\t\n\t\t\tclass=\"so-widget-mtt-title-text-widget so-widget-mtt-title-text-widget-base\"\n\t\t\t\n\t\t>\n<div class=\"mtt-title-text-widget\">\n    <div class=\"page_container title-above\">\n        <div class=\"title-wrapper center\">\n            \n            \n                    <\/div>\n\n                    <div class=\"text-wrapper\">\n                <div class=\"text-inner\">\n                                            <div class=\"column full-width center\">\n                            <p>*You'll also subscribe to our newsletter, where you'll receive tips, advice, case studies, answers to frequently asked questions, product news and much more.<\/p>\n<p>You can unsubscribe again at any time.<\/p>\n<p><a href=\"https:\/\/www.alflow.dk\/en\/cookie-policy-and-privacy-policy\/\">Privacy policy<\/a><\/p>\n                        <\/div>\n                    \n                                    <\/div>\n            <\/div>\n                        \n    <\/div>\n<\/div><\/div><\/div><\/div><\/div><\/div><\/div>","protected":false},"excerpt":{"rendered":"<p>Bli klokare p\u00e5 ventiler f\u00f6r sanit\u00e4r processhantering! Fyll i formul\u00e4ret och f\u00e5 v\u00e5r e-bok om ventiler f\u00f6r sanit\u00e4r processhantering &nbsp; E-boken \u00e4r en handbok som tar dig igenom olika aspekter av ventiler f\u00f6r sanit\u00e4r processhantering och \u00e4r ett praktiskt komplement till befintlig litteratur om \u00e4mnet &nbsp; I e-boken f\u00e5r du: Praktiska svar p\u00e5 10 viktiga [&hellip;]<\/p>\n","protected":false},"author":2,"featured_media":0,"parent":0,"menu_order":0,"comment_status":"closed","ping_status":"closed","template":"","meta":{"_acf_changed":false,"inline_featured_image":false,"footnotes":""},"class_list":["post-6050","page","type-page","status-publish","hentry"],"acf":[],"yoast_head":"<!-- This site is optimized with the Yoast SEO plugin v27.3 - https:\/\/yoast.com\/product\/yoast-seo-wordpress\/ -->\n<title>Handbok: Ventiler f\u00f6r sanit\u00e4r processhantering - Alflow<\/title>\n<meta name=\"robots\" content=\"index, follow, max-snippet:-1, max-image-preview:large, max-video-preview:-1\" \/>\n<link rel=\"canonical\" href=\"https:\/\/www.alflow.dk\/en\/sanitary-valves-manual-process-handling\/\" \/>\n<meta property=\"og:locale\" content=\"en_GB\" \/>\n<meta property=\"og:type\" content=\"article\" \/>\n<meta property=\"og:title\" content=\"Handbok: Ventiler f\u00f6r sanit\u00e4r processhantering - Alflow\" \/>\n<meta property=\"og:description\" content=\"Bli klokare p\u00e5 ventiler f\u00f6r sanit\u00e4r processhantering! Fyll i formul\u00e4ret och f\u00e5 v\u00e5r e-bok om ventiler f\u00f6r sanit\u00e4r processhantering &nbsp; E-boken \u00e4r en handbok som tar dig igenom olika aspekter av ventiler f\u00f6r sanit\u00e4r processhantering och \u00e4r ett praktiskt komplement till befintlig litteratur om \u00e4mnet &nbsp; I e-boken f\u00e5r du: Praktiska svar p\u00e5 10 viktiga [&hellip;]\" \/>\n<meta property=\"og:url\" content=\"https:\/\/www.alflow.dk\/en\/sanitary-valves-manual-process-handling\/\" \/>\n<meta property=\"og:site_name\" content=\"Alflow\" \/>\n<meta property=\"article:modified_time\" content=\"2024-05-28T13:02:34+00:00\" \/>\n<meta name=\"twitter:card\" content=\"summary_large_image\" \/>\n<meta name=\"twitter:label1\" content=\"Estimated reading time\" \/>\n\t<meta name=\"twitter:data1\" content=\"1 minute\" \/>\n<script type=\"application\/ld+json\" class=\"yoast-schema-graph\">{\"@context\":\"https:\\\/\\\/schema.org\",\"@graph\":[{\"@type\":\"WebPage\",\"@id\":\"https:\\\/\\\/www.alflow.dk\\\/handbok-ventiler-foer-sanitaer-processhantering\\\/\",\"url\":\"https:\\\/\\\/www.alflow.dk\\\/handbok-ventiler-foer-sanitaer-processhantering\\\/\",\"name\":\"Handbok: Ventiler f\u00f6r sanit\u00e4r processhantering - Alflow\",\"isPartOf\":{\"@id\":\"https:\\\/\\\/www.alflow.se\\\/#website\"},\"datePublished\":\"2021-06-15T07:41:35+00:00\",\"dateModified\":\"2024-05-28T13:02:34+00:00\",\"breadcrumb\":{\"@id\":\"https:\\\/\\\/www.alflow.dk\\\/handbok-ventiler-foer-sanitaer-processhantering\\\/#breadcrumb\"},\"inLanguage\":\"en-GB\",\"potentialAction\":[{\"@type\":\"ReadAction\",\"target\":[\"https:\\\/\\\/www.alflow.dk\\\/handbok-ventiler-foer-sanitaer-processhantering\\\/\"]}]},{\"@type\":\"BreadcrumbList\",\"@id\":\"https:\\\/\\\/www.alflow.dk\\\/handbok-ventiler-foer-sanitaer-processhantering\\\/#breadcrumb\",\"itemListElement\":[{\"@type\":\"ListItem\",\"position\":1,\"name\":\"Home \\\/\",\"item\":\"https:\\\/\\\/www.alflow.dk\\\/\"},{\"@type\":\"ListItem\",\"position\":2,\"name\":\"Handbok: Ventiler f\u00f6r sanit\u00e4r processhantering\"}]},{\"@type\":\"WebSite\",\"@id\":\"https:\\\/\\\/www.alflow.se\\\/#website\",\"url\":\"https:\\\/\\\/www.alflow.se\\\/\",\"name\":\"Alflow\",\"description\":\"Flow der g\u00f8r en forskel\",\"publisher\":{\"@id\":\"https:\\\/\\\/www.alflow.se\\\/#organization\"},\"potentialAction\":[{\"@type\":\"SearchAction\",\"target\":{\"@type\":\"EntryPoint\",\"urlTemplate\":\"https:\\\/\\\/www.alflow.se\\\/?s={search_term_string}\"},\"query-input\":{\"@type\":\"PropertyValueSpecification\",\"valueRequired\":true,\"valueName\":\"search_term_string\"}}],\"inLanguage\":\"en-GB\"},{\"@type\":\"Organization\",\"@id\":\"https:\\\/\\\/www.alflow.se\\\/#organization\",\"name\":\"Alflow\",\"url\":\"https:\\\/\\\/www.alflow.se\\\/\",\"logo\":{\"@type\":\"ImageObject\",\"inLanguage\":\"en-GB\",\"@id\":\"https:\\\/\\\/www.alflow.se\\\/#\\\/schema\\\/logo\\\/image\\\/\",\"url\":\"https:\\\/\\\/www.alflow.dk\\\/wp-content\\\/uploads\\\/2025\\\/07\\\/alflow_pos_pms_web.png\",\"contentUrl\":\"https:\\\/\\\/www.alflow.dk\\\/wp-content\\\/uploads\\\/2025\\\/07\\\/alflow_pos_pms_web.png\",\"width\":250,\"height\":42,\"caption\":\"Alflow\"},\"image\":{\"@id\":\"https:\\\/\\\/www.alflow.se\\\/#\\\/schema\\\/logo\\\/image\\\/\"}}]}<\/script>\n<!-- \/ Yoast SEO plugin. -->","yoast_head_json":{"title":"Manual: Valves for sanitary process handling - Alflow","robots":{"index":"index","follow":"follow","max-snippet":"max-snippet:-1","max-image-preview":"max-image-preview:large","max-video-preview":"max-video-preview:-1"},"canonical":"https:\/\/www.alflow.dk\/en\/sanitary-valves-manual-process-handling\/","og_locale":"en_GB","og_type":"article","og_title":"Handbok: Ventiler f\u00f6r sanit\u00e4r processhantering - Alflow","og_description":"Bli klokare p\u00e5 ventiler f\u00f6r sanit\u00e4r processhantering! Fyll i formul\u00e4ret och f\u00e5 v\u00e5r e-bok om ventiler f\u00f6r sanit\u00e4r processhantering &nbsp; E-boken \u00e4r en handbok som tar dig igenom olika aspekter av ventiler f\u00f6r sanit\u00e4r processhantering och \u00e4r ett praktiskt komplement till befintlig litteratur om \u00e4mnet &nbsp; I e-boken f\u00e5r du: Praktiska svar p\u00e5 10 viktiga [&hellip;]","og_url":"https:\/\/www.alflow.dk\/en\/sanitary-valves-manual-process-handling\/","og_site_name":"Alflow","article_modified_time":"2024-05-28T13:02:34+00:00","twitter_card":"summary_large_image","twitter_misc":{"Estimated reading time":"1 minute"},"schema":{"@context":"https:\/\/schema.org","@graph":[{"@type":"WebPage","@id":"https:\/\/www.alflow.dk\/handbok-ventiler-foer-sanitaer-processhantering\/","url":"https:\/\/www.alflow.dk\/handbok-ventiler-foer-sanitaer-processhantering\/","name":"Manual: Valves for sanitary process handling - Alflow","isPartOf":{"@id":"https:\/\/www.alflow.se\/#website"},"datePublished":"2021-06-15T07:41:35+00:00","dateModified":"2024-05-28T13:02:34+00:00","breadcrumb":{"@id":"https:\/\/www.alflow.dk\/handbok-ventiler-foer-sanitaer-processhantering\/#breadcrumb"},"inLanguage":"en-GB","potentialAction":[{"@type":"ReadAction","target":["https:\/\/www.alflow.dk\/handbok-ventiler-foer-sanitaer-processhantering\/"]}]},{"@type":"BreadcrumbList","@id":"https:\/\/www.alflow.dk\/handbok-ventiler-foer-sanitaer-processhantering\/#breadcrumb","itemListElement":[{"@type":"ListItem","position":1,"name":"Home \/","item":"https:\/\/www.alflow.dk\/"},{"@type":"ListItem","position":2,"name":"Handbok: Ventiler f\u00f6r sanit\u00e4r processhantering"}]},{"@type":"WebSite","@id":"https:\/\/www.alflow.se\/#website","url":"https:\/\/www.alflow.se\/","name":"Alflow","description":"Flow that makes a difference","publisher":{"@id":"https:\/\/www.alflow.se\/#organization"},"potentialAction":[{"@type":"SearchAction","target":{"@type":"EntryPoint","urlTemplate":"https:\/\/www.alflow.se\/?s={search_term_string}"},"query-input":{"@type":"PropertyValueSpecification","valueRequired":true,"valueName":"search_term_string"}}],"inLanguage":"en-GB"},{"@type":"Organization","@id":"https:\/\/www.alflow.se\/#organization","name":"Alflow","url":"https:\/\/www.alflow.se\/","logo":{"@type":"ImageObject","inLanguage":"en-GB","@id":"https:\/\/www.alflow.se\/#\/schema\/logo\/image\/","url":"https:\/\/www.alflow.dk\/wp-content\/uploads\/2025\/07\/alflow_pos_pms_web.png","contentUrl":"https:\/\/www.alflow.dk\/wp-content\/uploads\/2025\/07\/alflow_pos_pms_web.png","width":250,"height":42,"caption":"Alflow"},"image":{"@id":"https:\/\/www.alflow.se\/#\/schema\/logo\/image\/"}}]}},"_links":{"self":[{"href":"https:\/\/www.alflow.dk\/en\/wp-json\/wp\/v2\/pages\/6050","targetHints":{"allow":["GET"]}}],"collection":[{"href":"https:\/\/www.alflow.dk\/en\/wp-json\/wp\/v2\/pages"}],"about":[{"href":"https:\/\/www.alflow.dk\/en\/wp-json\/wp\/v2\/types\/page"}],"author":[{"embeddable":true,"href":"https:\/\/www.alflow.dk\/en\/wp-json\/wp\/v2\/users\/2"}],"replies":[{"embeddable":true,"href":"https:\/\/www.alflow.dk\/en\/wp-json\/wp\/v2\/comments?post=6050"}],"version-history":[{"count":10,"href":"https:\/\/www.alflow.dk\/en\/wp-json\/wp\/v2\/pages\/6050\/revisions"}],"predecessor-version":[{"id":11370,"href":"https:\/\/www.alflow.dk\/en\/wp-json\/wp\/v2\/pages\/6050\/revisions\/11370"}],"wp:attachment":[{"href":"https:\/\/www.alflow.dk\/en\/wp-json\/wp\/v2\/media?parent=6050"}],"curies":[{"name":"wp","href":"https:\/\/api.w.org\/{rel}","templated":true}]}}