{"id":3818,"date":"2020-09-11T12:38:32","date_gmt":"2020-09-11T12:38:32","guid":{"rendered":"https:\/\/www.alflow.dk\/kvalitet-og-dokumentation-copy\/"},"modified":"2026-04-13T09:20:28","modified_gmt":"2026-04-13T09:20:28","slug":"news","status":"publish","type":"page","link":"https:\/\/www.alflow.dk\/en\/nyheder\/","title":{"rendered":"What's new"},"content":{"rendered":"<div id=\"pl-3818\"  class=\"panel-layout\" ><div id=\"pg-3818-0\"  class=\"panel-grid panel-no-style\" ><div id=\"pgc-3818-0-0\"  class=\"panel-grid-cell\" ><div id=\"panel-3818-0-0-0\" class=\"so-panel widget widget_mtt-title-text-widget panel-first-child\" data-index=\"0\" ><div class=\"Sign-up panel-widget-style panel-widget-style-for-3818-0-0-0\" id=\"Sign-up\" ><div\n\t\t\t\n\t\t\tclass=\"so-widget-mtt-title-text-widget so-widget-mtt-title-text-widget-base\"\n\t\t\t\n\t\t>\n<div class=\"mtt-title-text-widget\">\n    <div class=\"page_container title-above\">\n        <div class=\"title-wrapper center\">\n            \n            \n                    <\/div>\n\n                    <div class=\"text-wrapper\">\n                <div class=\"text-inner\">\n                                            <div class=\"column center\">\n                            <p>&nbsp;<\/p>\n<p>Sign up here and be the first to know.<\/p>\n<p><img loading=\"lazy\" decoding=\"async\" class=\"alignnone size-medium wp-image-3875\" src=\"https:\/\/www.alflow.dk\/wp-content\/uploads\/2020\/09\/arrow-310622-300x150.png\" alt=\"\" width=\"300\" height=\"150\" srcset=\"https:\/\/www.alflow.dk\/wp-content\/uploads\/2020\/09\/arrow-310622-300x150.png 300w, https:\/\/www.alflow.dk\/wp-content\/uploads\/2020\/09\/arrow-310622-1024x512.png 1024w, https:\/\/www.alflow.dk\/wp-content\/uploads\/2020\/09\/arrow-310622.png 1920w\" sizes=\"auto, (max-width: 300px) 100vw, 300px\" \/><\/p>\n                        <\/div>\n                    \n                                            <div class=\"column\">\n                            <p><div class='fluentform ff-default fluentform_wrapper_3 ffs_custom_wrap'><form data-form_id=\"3\" id=\"fluentform_3\" class=\"frm-fluent-form fluent_form_3 ff-el-form-top ff_form_instance_3_1 ff-form-loading ffs_custom\" data-form_instance=\"ff_form_instance_3_1\" method=\"POST\" action=\"\" ><fieldset  style=\"border: none!important;margin: 0!important;padding: 0!important;background-color: transparent!important;box-shadow: none!important;outline: none!important; min-inline-size: 100%;\">\n                    <legend class=\"ff_screen_reader_title\" style=\"display: block; margin: 0!important;padding: 0!important;height: 0!important;text-indent: -999999px;width: 0!important;overflow:hidden;\">Danish Form to E-book Download<\/legend><input type='hidden' name='__fluent_form_embded_post_id' value='3818' \/><input type=\"hidden\" id=\"_fluentform_3_fluentformnonce\" name=\"_fluentform_3_fluentformnonce\" value=\"8008c2614d\" \/><input type=\"hidden\" name=\"_wp_http_referer\" value=\"\/en\/wp-json\/wp\/v2\/pages\/3818\/\" \/><div data-name=\"ff_cn_id_1\"  class='ff-t-container ff-column-container ff_columns_total_2'><div class='ff-t-cell ff-t-column-1' style='flex-basis: 50%;'><div class='ff-el-group'><div class=\"ff-el-input--label ff-el-is-required asterisk-right\"><label for='ff_3_navn' id='label_ff_3_navn' aria-label=\"First name\">First name<\/label><\/div><div class='ff-el-input--content'><input type=\"text\" name=\"navn\" class=\"ff-el-form-control\" placeholder=\"First name\" data-name=\"navn\" id=\"ff_3_navn\"  aria-invalid=\"false\" aria-required=\"true\"><\/div><\/div><\/div><div class='ff-t-cell ff-t-column-2' style='flex-basis: 50%;'><div class='ff-el-group'><div class=\"ff-el-input--label ff-el-is-required asterisk-right\"><label for='ff_3_efternavn' id='label_ff_3_efternavn' aria-label=\"Last name\">Last name<\/label><\/div><div class='ff-el-input--content'><input type=\"text\" name=\"efternavn\" class=\"ff-el-form-control\" placeholder=\"Last name\" data-name=\"efternavn\" id=\"ff_3_efternavn\"  aria-invalid=\"false\" aria-required=\"true\"><\/div><\/div><\/div><\/div><div class='ff-el-group'><div class=\"ff-el-input--label ff-el-is-required asterisk-right\"><label for='ff_3_email' id='label_ff_3_email' aria-label=\"Email\">Email<\/label><\/div><div class='ff-el-input--content'><input type=\"email\" name=\"email\" id=\"ff_3_email\" class=\"ff-el-form-control\" placeholder=\"Email\" data-name=\"email\"  aria-invalid=\"false\" aria-required=\"true\"><\/div><\/div><div class='ff-el-group'><div class=\"ff-el-input--label ff-el-is-required asterisk-right\"><label   aria-label=\"What are you most interested in?\">What are you most interested in?<\/label><\/div><div class='ff-el-input--content'><div class='ff-el-form-check ff-el-form-check-'><label class='ff-el-form-check-label' for='Hvilken_branche_er_mest_relevant_for_dig_a2f70ef9655e20ed8a2febab3f361b34'><input  type=\"checkbox\" name=\"Hvilken_branche_er_mest_relevant_for_dig[]\" data-name=\"Hvilken_branche_er_mest_relevant_for_dig\" class=\"ff-el-form-check-input ff-el-form-check-checkbox\" value=\" Pharma \"  id='Hvilken_branche_er_mest_relevant_for_dig_a2f70ef9655e20ed8a2febab3f361b34' aria-label='Pharmaceutical' aria-invalid='false' aria-required=\"true\"> <span> Pharmaceutical <\/span><\/label><\/div><div class='ff-el-form-check ff-el-form-check-'><label class='ff-el-form-check-label' for='Hvilken_branche_er_mest_relevant_for_dig_024686ea3f3c2f2f4c42bfecf803b4b1'><input  type=\"checkbox\" name=\"Hvilken_branche_er_mest_relevant_for_dig[]\" data-name=\"Hvilken_branche_er_mest_relevant_for_dig\" class=\"ff-el-form-check-input ff-el-form-check-checkbox\" value=\"Single-use\"  id='Hvilken_branche_er_mest_relevant_for_dig_024686ea3f3c2f2f4c42bfecf803b4b1' aria-label='Single-use' aria-invalid='false' aria-required=\"true\"> <span>Single-use<\/span><\/label><\/div><div class='ff-el-form-check ff-el-form-check-'><label class='ff-el-form-check-label' for='Hvilken_branche_er_mest_relevant_for_dig_120830b28013df2a9cdd4b2311c20a29'><input  type=\"checkbox\" name=\"Hvilken_branche_er_mest_relevant_for_dig[]\" data-name=\"Hvilken_branche_er_mest_relevant_for_dig\" class=\"ff-el-form-check-input ff-el-form-check-checkbox\" value=\"Food &amp; Beverage\"  id='Hvilken_branche_er_mest_relevant_for_dig_120830b28013df2a9cdd4b2311c20a29' aria-label='Food &amp; Beverage' aria-invalid='false' aria-required=\"true\"> <span>Food &amp; Beverage<\/span><\/label><\/div><\/div><\/div><div class='ff-el-group    ff-el-input--content'><div class='ff-el-form-check ff-el-tc'><label aria-label='Terms and Conditions: I accept Alflow&#039;s privacy policy Contains 1 link. Use tab navigation to review.' class='ff-el-form-check-label ff_tc_label' for=\"terms_0804269fa7621fefea72616fc26efbf9\"><span class='ff_tc_checkbox'><input type=\"checkbox\" name=\"terms\" class=\"ff-el-form-check-input\" data-name=\"terms\" id=\"terms_0804269fa7621fefea72616fc26efbf9\"  value='on' aria-invalid='false' aria-required=\"true\"><\/span> <div class='ff_t_c'><p>I accept Alflows <a href=\"https:\/\/www.alflow.dk\/en\/cookie-policy-and-privacy-policy\/\">privacy policy<\/a><\/p><\/div><\/label><\/div><\/div><div class='ff-el-group    ff-el-input--content'><div class='ff-el-form-check ff-el-tc'><label aria-label='I agree to receive relevant knowledge articles, white papers and cases (max 1-2 per month) from Alflow.dk' class='ff-el-form-check-label ff_tc_label' for=\"terms-n-condition_b3c202e5fc83fe08875e59cdd0230c57\"><span class='ff_tc_checkbox'><input type=\"checkbox\" name=\"terms-n-condition\" class=\"ff-el-form-check-input\" data-name=\"terms-n-condition\" id=\"terms-n-condition_b3c202e5fc83fe08875e59cdd0230c57\"  value='on' aria-invalid='false' aria-required=\"true\"><\/span> <div class='ff_t_c'><p>I agree to receive relevant knowledge articles, white papers and cases (max 1-2 per month) from Alflow.dk<\/p><\/div><\/label><\/div><\/div><div class='ff-el-group' ><div class='ff-el-input--content'><div data-fluent_id='3' name='g-recaptcha-response'><div\n\t\tdata-sitekey='6LfmpFcsAAAAALLfrItGlDrWEGIhQgZpi7QfvlH-'\n\t\tid='fluentform-recaptcha-3-1'\n\t\tclass='ff-el-recaptcha g-recaptcha'\n\t\tdata-callback='fluentFormrecaptchaSuccessCallback'><\/div><\/div><\/div><\/div><div class='ff-el-group ff-text-left ff_submit_btn_wrapper'><button type=\"submit\" class=\"ff-btn ff-btn-submit ff-btn-md ff_btn_style\"  aria-label=\"Sign up\">Sign up<\/button><\/div><\/fieldset><input type=\"hidden\" name=\"trp-form-language\" value=\"en\"\/><\/form><div id='fluentform_3_errors' class='ff-errors-in-stack ff_form_instance_3_1 ff-form-loading_errors ff_form_instance_3_1_errors'><\/div><\/div>            <script type=\"text\/javascript\">\n                window.fluent_form_ff_form_instance_3_1 = {\"id\":\"3\",\"settings\":{\"layout\":{\"labelPlacement\":\"top\",\"asteriskPlacement\":\"asterisk-right\",\"helpMessagePlacement\":\"with_label\",\"errorMessagePlacement\":\"inline\",\"cssClassName\":\"\"},\"restrictions\":{\"denyEmptySubmission\":{\"enabled\":false}}},\"form_instance\":\"ff_form_instance_3_1\",\"form_id_selector\":\"fluentform_3\",\"rules\":{\"navn\":{\"required\":{\"value\":true,\"message\":\"Dette felt skal udfyldes\",\"global_message\":\"This field is required\",\"global\":true}},\"efternavn\":{\"required\":{\"value\":true,\"message\":\"Dette felt skal udfyldes\",\"global_message\":\"This field is required\",\"global\":true}},\"email\":{\"required\":{\"value\":true,\"message\":\"Dette felt er p\\u00e5kr\\u00e6vet\",\"global\":false,\"global_message\":\"This field is required\"},\"email\":{\"value\":true,\"message\":\"Skal v\\u00e6re en gyldig email\",\"global\":false,\"global_message\":\"This field must contain a valid email\"}},\"Hvilken_branche_er_mest_relevant_for_dig\":{\"required\":{\"value\":true,\"message\":\"Dette felt skal udfyldes\",\"global_message\":\"This field is required\",\"global\":true}},\"terms\":{\"required\":{\"value\":true,\"message\":\"Dette felt skal udfyldes\",\"global_message\":\"This field is required\",\"global\":true}},\"terms-n-condition\":{\"required\":{\"value\":true,\"message\":\"Dette felt skal udfyldes\",\"global_message\":\"This field is required\",\"global\":true}},\"g-recaptcha-response\":[]},\"debounce_time\":300};\n                            <\/script>\n            <\/p>\n                        <\/div>\n                                    <\/div>\n            <\/div>\n                        \n    <\/div>\n<\/div><\/div><\/div><\/div><div id=\"panel-3818-0-0-1\" class=\"so-panel widget widget_mtt-title-text-widget panel-last-child\" data-index=\"1\" ><div class=\"Privatlivspolitik panel-widget-style panel-widget-style-for-3818-0-0-1\" id=\"Privatlivspolitik\" ><div\n\t\t\t\n\t\t\tclass=\"so-widget-mtt-title-text-widget so-widget-mtt-title-text-widget-base\"\n\t\t\t\n\t\t>\n<div class=\"mtt-title-text-widget\">\n    <div class=\"page_container title-above\">\n        <div class=\"title-wrapper center\">\n            \n            \n                    <\/div>\n\n                    <div class=\"text-wrapper\">\n                <div class=\"text-inner\">\n                                            <div class=\"column full-width center\">\n                            <p>When you sign up here, you'll be one of the first to know when we organise new events, publish knowledge articles and tools or when we launch new products and solutions.<\/p>\n<p>You can unsubscribe at any time.<\/p>\n<p><a href=\"https:\/\/www.alflow.dk\/en\/cookie-policy-and-privacy-policy\/\">Privacy policy<\/a><\/p>\n                        <\/div>\n                    \n                                    <\/div>\n            <\/div>\n                        \n    <\/div>\n<\/div><\/div><\/div><\/div><\/div><\/div><\/div>","protected":false},"excerpt":{"rendered":"<p>&nbsp; Tilmeld dig her og v\u00e6r den f\u00f8rste, der f\u00e5r besked. Dansk Formular til E-bog DownloadFornavnEfternavnEmailHvad er du mest interesseret i? Pharma Single-use Food &amp; Beverage Jeg accepterer Alflows privatlivspolitik Jeg accepterer at modtage relevante vidensartikler, White Papers og cases (maks 1-2 pr m\u00e5ned) fra Alflow.dkTilmeld N\u00e5r du tilmelder dig her, er du en af [&hellip;]<\/p>\n","protected":false},"author":2,"featured_media":0,"parent":0,"menu_order":0,"comment_status":"closed","ping_status":"closed","template":"","meta":{"_acf_changed":false,"inline_featured_image":false,"footnotes":""},"class_list":["post-3818","page","type-page","status-publish","hentry"],"acf":[],"yoast_head":"<!-- This site is optimized with the Yoast SEO plugin v27.3 - https:\/\/yoast.com\/product\/yoast-seo-wordpress\/ -->\n<title>Tilmeld dig og f\u00e5 ekspertviden direkte i indbakken fra Alflow<\/title>\n<meta name=\"description\" content=\"Vil du have relevante vidensartikler og whitepapers direkte i din indbakke? Tilmeld dig her, og bliv den skarpeste hjerne p\u00e5 din arbejdsplads\" \/>\n<meta name=\"robots\" content=\"index, follow, max-snippet:-1, max-image-preview:large, max-video-preview:-1\" \/>\n<link rel=\"canonical\" href=\"https:\/\/www.alflow.dk\/en\/news\/\" \/>\n<meta property=\"og:locale\" content=\"en_GB\" \/>\n<meta property=\"og:type\" content=\"article\" \/>\n<meta property=\"og:title\" content=\"Tilmeld dig og f\u00e5 ekspertviden direkte i indbakken fra Alflow\" \/>\n<meta property=\"og:description\" content=\"Vil du have relevante vidensartikler og whitepapers direkte i din indbakke? Tilmeld dig her, og bliv den skarpeste hjerne p\u00e5 din arbejdsplads\" \/>\n<meta property=\"og:url\" content=\"https:\/\/www.alflow.dk\/en\/news\/\" \/>\n<meta property=\"og:site_name\" content=\"Alflow\" \/>\n<meta property=\"article:modified_time\" content=\"2026-04-13T09:20:28+00:00\" \/>\n<meta name=\"twitter:card\" content=\"summary_large_image\" \/>\n<meta name=\"twitter:label1\" content=\"Estimated reading time\" \/>\n\t<meta name=\"twitter:data1\" content=\"1 minute\" \/>\n<script type=\"application\/ld+json\" class=\"yoast-schema-graph\">{\"@context\":\"https:\\\/\\\/schema.org\",\"@graph\":[{\"@type\":\"WebPage\",\"@id\":\"https:\\\/\\\/www.alflow.dk\\\/nyheder\\\/\",\"url\":\"https:\\\/\\\/www.alflow.dk\\\/nyheder\\\/\",\"name\":\"Tilmeld dig og f\u00e5 ekspertviden direkte i indbakken fra Alflow\",\"isPartOf\":{\"@id\":\"https:\\\/\\\/www.alflow.se\\\/#website\"},\"datePublished\":\"2020-09-11T12:38:32+00:00\",\"dateModified\":\"2026-04-13T09:20:28+00:00\",\"description\":\"Vil du have relevante vidensartikler og whitepapers direkte i din indbakke? Tilmeld dig her, og bliv den skarpeste hjerne p\u00e5 din arbejdsplads\",\"breadcrumb\":{\"@id\":\"https:\\\/\\\/www.alflow.dk\\\/nyheder\\\/#breadcrumb\"},\"inLanguage\":\"en-GB\",\"potentialAction\":[{\"@type\":\"ReadAction\",\"target\":[\"https:\\\/\\\/www.alflow.dk\\\/nyheder\\\/\"]}]},{\"@type\":\"BreadcrumbList\",\"@id\":\"https:\\\/\\\/www.alflow.dk\\\/nyheder\\\/#breadcrumb\",\"itemListElement\":[{\"@type\":\"ListItem\",\"position\":1,\"name\":\"Home \\\/\",\"item\":\"https:\\\/\\\/www.alflow.dk\\\/\"},{\"@type\":\"ListItem\",\"position\":2,\"name\":\"Nyheder\"}]},{\"@type\":\"WebSite\",\"@id\":\"https:\\\/\\\/www.alflow.se\\\/#website\",\"url\":\"https:\\\/\\\/www.alflow.se\\\/\",\"name\":\"Alflow\",\"description\":\"Flow der g\u00f8r en forskel\",\"publisher\":{\"@id\":\"https:\\\/\\\/www.alflow.se\\\/#organization\"},\"potentialAction\":[{\"@type\":\"SearchAction\",\"target\":{\"@type\":\"EntryPoint\",\"urlTemplate\":\"https:\\\/\\\/www.alflow.se\\\/?s={search_term_string}\"},\"query-input\":{\"@type\":\"PropertyValueSpecification\",\"valueRequired\":true,\"valueName\":\"search_term_string\"}}],\"inLanguage\":\"en-GB\"},{\"@type\":\"Organization\",\"@id\":\"https:\\\/\\\/www.alflow.se\\\/#organization\",\"name\":\"Alflow\",\"url\":\"https:\\\/\\\/www.alflow.se\\\/\",\"logo\":{\"@type\":\"ImageObject\",\"inLanguage\":\"en-GB\",\"@id\":\"https:\\\/\\\/www.alflow.se\\\/#\\\/schema\\\/logo\\\/image\\\/\",\"url\":\"https:\\\/\\\/www.alflow.dk\\\/wp-content\\\/uploads\\\/2025\\\/07\\\/alflow_pos_pms_web.png\",\"contentUrl\":\"https:\\\/\\\/www.alflow.dk\\\/wp-content\\\/uploads\\\/2025\\\/07\\\/alflow_pos_pms_web.png\",\"width\":250,\"height\":42,\"caption\":\"Alflow\"},\"image\":{\"@id\":\"https:\\\/\\\/www.alflow.se\\\/#\\\/schema\\\/logo\\\/image\\\/\"}}]}<\/script>\n<!-- \/ Yoast SEO plugin. -->","yoast_head_json":{"title":"Sign up and get expert knowledge directly in your inbox from Alflow","description":"Would you like relevant knowledge articles and whitepapers delivered directly to your inbox? Sign up here and become the sharpest mind in your workplace.","robots":{"index":"index","follow":"follow","max-snippet":"max-snippet:-1","max-image-preview":"max-image-preview:large","max-video-preview":"max-video-preview:-1"},"canonical":"https:\/\/www.alflow.dk\/en\/news\/","og_locale":"en_GB","og_type":"article","og_title":"Tilmeld dig og f\u00e5 ekspertviden direkte i indbakken fra Alflow","og_description":"Vil du have relevante vidensartikler og whitepapers direkte i din indbakke? Tilmeld dig her, og bliv den skarpeste hjerne p\u00e5 din arbejdsplads","og_url":"https:\/\/www.alflow.dk\/en\/news\/","og_site_name":"Alflow","article_modified_time":"2026-04-13T09:20:28+00:00","twitter_card":"summary_large_image","twitter_misc":{"Estimated reading time":"1 minute"},"schema":{"@context":"https:\/\/schema.org","@graph":[{"@type":"WebPage","@id":"https:\/\/www.alflow.dk\/nyheder\/","url":"https:\/\/www.alflow.dk\/nyheder\/","name":"Sign up and get expert knowledge directly in your inbox from Alflow","isPartOf":{"@id":"https:\/\/www.alflow.se\/#website"},"datePublished":"2020-09-11T12:38:32+00:00","dateModified":"2026-04-13T09:20:28+00:00","description":"Would you like relevant knowledge articles and whitepapers delivered directly to your inbox? Sign up here and become the sharpest mind in your workplace.","breadcrumb":{"@id":"https:\/\/www.alflow.dk\/nyheder\/#breadcrumb"},"inLanguage":"en-GB","potentialAction":[{"@type":"ReadAction","target":["https:\/\/www.alflow.dk\/nyheder\/"]}]},{"@type":"BreadcrumbList","@id":"https:\/\/www.alflow.dk\/nyheder\/#breadcrumb","itemListElement":[{"@type":"ListItem","position":1,"name":"Home \/","item":"https:\/\/www.alflow.dk\/"},{"@type":"ListItem","position":2,"name":"Nyheder"}]},{"@type":"WebSite","@id":"https:\/\/www.alflow.se\/#website","url":"https:\/\/www.alflow.se\/","name":"Alflow","description":"Flow that makes a difference","publisher":{"@id":"https:\/\/www.alflow.se\/#organization"},"potentialAction":[{"@type":"SearchAction","target":{"@type":"EntryPoint","urlTemplate":"https:\/\/www.alflow.se\/?s={search_term_string}"},"query-input":{"@type":"PropertyValueSpecification","valueRequired":true,"valueName":"search_term_string"}}],"inLanguage":"en-GB"},{"@type":"Organization","@id":"https:\/\/www.alflow.se\/#organization","name":"Alflow","url":"https:\/\/www.alflow.se\/","logo":{"@type":"ImageObject","inLanguage":"en-GB","@id":"https:\/\/www.alflow.se\/#\/schema\/logo\/image\/","url":"https:\/\/www.alflow.dk\/wp-content\/uploads\/2025\/07\/alflow_pos_pms_web.png","contentUrl":"https:\/\/www.alflow.dk\/wp-content\/uploads\/2025\/07\/alflow_pos_pms_web.png","width":250,"height":42,"caption":"Alflow"},"image":{"@id":"https:\/\/www.alflow.se\/#\/schema\/logo\/image\/"}}]}},"_links":{"self":[{"href":"https:\/\/www.alflow.dk\/en\/wp-json\/wp\/v2\/pages\/3818","targetHints":{"allow":["GET"]}}],"collection":[{"href":"https:\/\/www.alflow.dk\/en\/wp-json\/wp\/v2\/pages"}],"about":[{"href":"https:\/\/www.alflow.dk\/en\/wp-json\/wp\/v2\/types\/page"}],"author":[{"embeddable":true,"href":"https:\/\/www.alflow.dk\/en\/wp-json\/wp\/v2\/users\/2"}],"replies":[{"embeddable":true,"href":"https:\/\/www.alflow.dk\/en\/wp-json\/wp\/v2\/comments?post=3818"}],"version-history":[{"count":64,"href":"https:\/\/www.alflow.dk\/en\/wp-json\/wp\/v2\/pages\/3818\/revisions"}],"predecessor-version":[{"id":15174,"href":"https:\/\/www.alflow.dk\/en\/wp-json\/wp\/v2\/pages\/3818\/revisions\/15174"}],"wp:attachment":[{"href":"https:\/\/www.alflow.dk\/en\/wp-json\/wp\/v2\/media?parent=3818"}],"curies":[{"name":"wp","href":"https:\/\/api.w.org\/{rel}","templated":true}]}}