{"id":309,"date":"2020-04-08T11:11:42","date_gmt":"2020-04-08T11:11:42","guid":{"rendered":"https:\/\/www.alflow.dk\/markeder-copy\/"},"modified":"2026-02-24T12:45:39","modified_gmt":"2026-02-24T12:45:39","slug":"cases","status":"publish","type":"page","link":"https:\/\/www.alflow.dk\/en\/cases\/","title":{"rendered":"Case studies"},"content":{"rendered":"<div id=\"pl-309\"  class=\"panel-layout\" ><div id=\"pg-309-0\"  class=\"panel-grid panel-no-style\" ><div id=\"pgc-309-0-0\"  class=\"panel-grid-cell\" ><div id=\"panel-309-0-0-0\" class=\"so-panel widget widget_mtt-cover panel-first-child panel-last-child\" data-index=\"0\" ><div\n\t\t\t\n\t\t\tclass=\"so-widget-mtt-cover so-widget-mtt-cover-base\"\n\t\t\t\n\t\t>\n<div class=\"mtt-cover-market no-text-false\">\n            <div class=\"mtt-cover-market__bg-image\">\n            <div class=\"object-fit\">\n                <img decoding=\"async\" src=\"https:\/\/www.alflow.dk\/wp-content\/uploads\/2025\/09\/Taulov_TOP_v9-scaled.jpg\" alt=\"Taulov_TOP_v9\">\n            <\/div>\n        <\/div>\n    \n    <div class=\"page_container\">\n        <div class=\"mtt-cover-market__text-wrapper\">\n                            <div class=\"label\">\n                    We believe in long-term relationships                 <\/div>\n            \n                            <h1>- fortunately, so do our customers<\/h1>\n            \n            \n                    <\/div>\n\n        \n\n            <\/div>\n<\/div><\/div><\/div><\/div><\/div><div id=\"pg-309-1\"  class=\"panel-grid panel-no-style\" ><div id=\"pgc-309-1-0\"  class=\"panel-grid-cell\" ><div id=\"panel-309-1-0-0\" class=\"so-panel widget widget_mtt-posts-filter panel-first-child panel-last-child\" data-index=\"1\" ><div\n\t\t\t\n\t\t\tclass=\"so-widget-mtt-posts-filter so-widget-mtt-posts-filter-base\"\n\t\t\t\n\t\t>\n<div class=\"mtt-posts-filter case margin-top-120 margin-bottom-120 margin-classes-added\">\n    <div class=\"page_container\">\n                    <h2>Case studies<\/h2>\n        \n                    <div class=\"mtt-posts-filter__filter-wrapper\">\n                \n<select id=\"case-filter\">\n    <option value=\"\">All of them<\/option>\n\n            <option value=\"190\">Food &amp; Beverage<\/option>\n            <option value=\"184\">Pharma &amp; Biotech - Multi-Use Solutions<\/option>\n            <option value=\"191\">Pharma &amp; Biotech - Single-Use Solutions<\/option>\n    <\/select>            <\/div>\n        \n        <div class=\"mtt-posts-filter__posts\" data-no-posts=\"Der er desv\u00e6rre intet der opn\u00e5r disse kriterier\">\n                            \n<div class=\"case-card\">\n    <a href=\"https:\/\/www.alflow.dk\/en\/cases\/kerry-forvandler-restprodukter-til-vaerdi-med-ohmsk-opvarmning\/\">\n                    <div class=\"case-card__image\">\n                <img loading=\"lazy\" decoding=\"async\" width=\"1500\" height=\"844\" src=\"https:\/\/www.alflow.dk\/wp-content\/uploads\/2025\/08\/0224_Kerry_Ohmsk_21_case.jpg\" class=\"attachment-post-thumbnail size-post-thumbnail wp-post-image\" alt=\"\" srcset=\"https:\/\/www.alflow.dk\/wp-content\/uploads\/2025\/08\/0224_Kerry_Ohmsk_21_case.jpg 1500w, https:\/\/www.alflow.dk\/wp-content\/uploads\/2025\/08\/0224_Kerry_Ohmsk_21_case-300x169.jpg 300w, https:\/\/www.alflow.dk\/wp-content\/uploads\/2025\/08\/0224_Kerry_Ohmsk_21_case-1024x576.jpg 1024w, https:\/\/www.alflow.dk\/wp-content\/uploads\/2025\/08\/0224_Kerry_Ohmsk_21_case-18x10.jpg 18w, https:\/\/www.alflow.dk\/wp-content\/uploads\/2025\/08\/0224_Kerry_Ohmsk_21_case-768x432.jpg 768w, https:\/\/www.alflow.dk\/wp-content\/uploads\/2025\/08\/0224_Kerry_Ohmsk_21_case-600x338.jpg 600w\" sizes=\"auto, (max-width: 1500px) 100vw, 1500px\" \/>            <\/div>\n        \n        <div class=\"case-card__title\">\n            Kerry turns waste into value - with ohmic heating        <\/div>\n\n                    <div class=\"case-card__tagline\">\n                Food &amp; Beverage            <\/div>\n            <\/a>\n<\/div>\n<div class=\"case-card\">\n    <a href=\"https:\/\/www.alflow.dk\/en\/cases\/totes-designet-til-fremtidens-pharmaproduktion\/\">\n                    <div class=\"case-card__image\">\n                <img loading=\"lazy\" decoding=\"async\" width=\"1308\" height=\"833\" src=\"https:\/\/www.alflow.dk\/wp-content\/uploads\/2025\/08\/AllPaq_Case_3-e1757007582511.jpg\" class=\"attachment-post-thumbnail size-post-thumbnail wp-post-image\" alt=\"\" srcset=\"https:\/\/www.alflow.dk\/wp-content\/uploads\/2025\/08\/AllPaq_Case_3-e1757007582511.jpg 1308w, https:\/\/www.alflow.dk\/wp-content\/uploads\/2025\/08\/AllPaq_Case_3-e1757007582511-300x191.jpg 300w, https:\/\/www.alflow.dk\/wp-content\/uploads\/2025\/08\/AllPaq_Case_3-e1757007582511-1024x652.jpg 1024w, https:\/\/www.alflow.dk\/wp-content\/uploads\/2025\/08\/AllPaq_Case_3-e1757007582511-18x12.jpg 18w, https:\/\/www.alflow.dk\/wp-content\/uploads\/2025\/08\/AllPaq_Case_3-e1757007582511-768x489.jpg 768w, https:\/\/www.alflow.dk\/wp-content\/uploads\/2025\/08\/AllPaq_Case_3-e1757007582511-600x382.jpg 600w\" sizes=\"auto, (max-width: 1308px) 100vw, 1308px\" \/>            <\/div>\n        \n        <div class=\"case-card__title\">\n            Customised totes - designed for the future of pharma manufacturing        <\/div>\n\n                    <div class=\"case-card__tagline\">\n                Single-use            <\/div>\n            <\/a>\n<\/div>\n<div class=\"case-card\">\n    <a href=\"https:\/\/www.alflow.dk\/en\/cases\/fermhub-zealand-fra-laboratorie-til-industri-med-alflow-som-partner\/\">\n                    <div class=\"case-card__image\">\n                <img loading=\"lazy\" decoding=\"async\" width=\"1500\" height=\"844\" src=\"https:\/\/www.alflow.dk\/wp-content\/uploads\/2025\/08\/0924_Fermhub_07_case-1.jpg\" class=\"attachment-post-thumbnail size-post-thumbnail wp-post-image\" alt=\"\" srcset=\"https:\/\/www.alflow.dk\/wp-content\/uploads\/2025\/08\/0924_Fermhub_07_case-1.jpg 1500w, https:\/\/www.alflow.dk\/wp-content\/uploads\/2025\/08\/0924_Fermhub_07_case-1-300x169.jpg 300w, https:\/\/www.alflow.dk\/wp-content\/uploads\/2025\/08\/0924_Fermhub_07_case-1-1024x576.jpg 1024w, https:\/\/www.alflow.dk\/wp-content\/uploads\/2025\/08\/0924_Fermhub_07_case-1-18x10.jpg 18w, https:\/\/www.alflow.dk\/wp-content\/uploads\/2025\/08\/0924_Fermhub_07_case-1-768x432.jpg 768w, https:\/\/www.alflow.dk\/wp-content\/uploads\/2025\/08\/0924_Fermhub_07_case-1-600x338.jpg 600w\" sizes=\"auto, (max-width: 1500px) 100vw, 1500px\" \/>            <\/div>\n        \n        <div class=\"case-card__title\">\n            FermHub Zealand - From lab to industry with Alflow as a partner        <\/div>\n\n                    <div class=\"case-card__tagline\">\n                Food &amp; Beverage            <\/div>\n            <\/a>\n<\/div>\n<div class=\"case-card\">\n    <a href=\"https:\/\/www.alflow.dk\/en\/cases\/samarbejde-der-loefter-hele-vejen-gennem-vaerdikaeden\/\">\n                    <div class=\"case-card__image\">\n                <img loading=\"lazy\" decoding=\"async\" width=\"1500\" height=\"800\" src=\"https:\/\/www.alflow.dk\/wp-content\/uploads\/2025\/08\/Untitled-design-9.png\" class=\"attachment-post-thumbnail size-post-thumbnail wp-post-image\" alt=\"\" srcset=\"https:\/\/www.alflow.dk\/wp-content\/uploads\/2025\/08\/Untitled-design-9.png 1500w, https:\/\/www.alflow.dk\/wp-content\/uploads\/2025\/08\/Untitled-design-9-300x160.png 300w, https:\/\/www.alflow.dk\/wp-content\/uploads\/2025\/08\/Untitled-design-9-1024x546.png 1024w, https:\/\/www.alflow.dk\/wp-content\/uploads\/2025\/08\/Untitled-design-9-18x10.png 18w, https:\/\/www.alflow.dk\/wp-content\/uploads\/2025\/08\/Untitled-design-9-768x410.png 768w, https:\/\/www.alflow.dk\/wp-content\/uploads\/2025\/08\/Untitled-design-9-600x320.png 600w\" sizes=\"auto, (max-width: 1500px) 100vw, 1500px\" \/>            <\/div>\n        \n        <div class=\"case-card__title\">\n            Collaboration that lifts - all the way through the value chain        <\/div>\n\n                    <div class=\"case-card__tagline\">\n                Pharmaceutical            <\/div>\n            <\/a>\n<\/div>\n<div class=\"case-card\">\n    <a href=\"https:\/\/www.alflow.dk\/en\/cases\/hurtig-overfoersel-af-vaeske-fra-et-renrum-til-et-andet-og-minimeret-risiko-for-kontaminering\/\">\n                    <div class=\"case-card__image\">\n                <img loading=\"lazy\" decoding=\"async\" width=\"755\" height=\"500\" src=\"https:\/\/www.alflow.dk\/wp-content\/uploads\/2021\/07\/AdvantaPass_tegning_755x500.jpg\" class=\"attachment-post-thumbnail size-post-thumbnail wp-post-image\" alt=\"\" srcset=\"https:\/\/www.alflow.dk\/wp-content\/uploads\/2021\/07\/AdvantaPass_tegning_755x500.jpg 755w, https:\/\/www.alflow.dk\/wp-content\/uploads\/2021\/07\/AdvantaPass_tegning_755x500-300x199.jpg 300w, https:\/\/www.alflow.dk\/wp-content\/uploads\/2021\/07\/AdvantaPass_tegning_755x500-600x397.jpg 600w, https:\/\/www.alflow.dk\/wp-content\/uploads\/2021\/07\/AdvantaPass_tegning_755x500-18x12.jpg 18w\" sizes=\"auto, (max-width: 755px) 100vw, 755px\" \/>            <\/div>\n        \n        <div class=\"case-card__title\">\n            Quick transfer of fluid from one cleanroom to another and minimised risk of contamination        <\/div>\n\n                    <div class=\"case-card__tagline\">\n                Single-use            <\/div>\n            <\/a>\n<\/div>\n<div class=\"case-card\">\n    <a href=\"https:\/\/www.alflow.dk\/en\/cases\/samlet-pakkeloesning-sparede-tid-og-ressourcer\/\">\n                    <div class=\"case-card__image\">\n                <img loading=\"lazy\" decoding=\"async\" width=\"755\" height=\"500\" src=\"https:\/\/www.alflow.dk\/wp-content\/uploads\/2020\/09\/Cases_Samlet-pakkel\u00f8sning-sparede-tid-og-ressourcer.jpg\" class=\"attachment-post-thumbnail size-post-thumbnail wp-post-image\" alt=\"\" srcset=\"https:\/\/www.alflow.dk\/wp-content\/uploads\/2020\/09\/Cases_Samlet-pakkel\u00f8sning-sparede-tid-og-ressourcer.jpg 755w, https:\/\/www.alflow.dk\/wp-content\/uploads\/2020\/09\/Cases_Samlet-pakkel\u00f8sning-sparede-tid-og-ressourcer-300x199.jpg 300w, https:\/\/www.alflow.dk\/wp-content\/uploads\/2020\/09\/Cases_Samlet-pakkel\u00f8sning-sparede-tid-og-ressourcer-18x12.jpg 18w, https:\/\/www.alflow.dk\/wp-content\/uploads\/2020\/09\/Cases_Samlet-pakkel\u00f8sning-sparede-tid-og-ressourcer-600x397.jpg 600w\" sizes=\"auto, (max-width: 755px) 100vw, 755px\" \/>            <\/div>\n        \n        <div class=\"case-card__title\">\n            Total package solution saved time and resources        <\/div>\n\n                    <div class=\"case-card__tagline\">\n                Pharmaceutical            <\/div>\n            <\/a>\n<\/div>\n<div class=\"case-card\">\n    <a href=\"https:\/\/www.alflow.dk\/en\/cases\/arla-foods-opnaar-en-uges-ekstra-produktion-med-ohmsk-opvarmning\/\">\n                    <div class=\"case-card__image\">\n                <img loading=\"lazy\" decoding=\"async\" width=\"755\" height=\"500\" src=\"https:\/\/www.alflow.dk\/wp-content\/uploads\/2020\/09\/Cases_Arla-Foods-opn\u00e5r-en-uges-ekstra-produktion-med-ohmsk-opvarmning.jpg\" class=\"attachment-post-thumbnail size-post-thumbnail wp-post-image\" alt=\"\" srcset=\"https:\/\/www.alflow.dk\/wp-content\/uploads\/2020\/09\/Cases_Arla-Foods-opn\u00e5r-en-uges-ekstra-produktion-med-ohmsk-opvarmning.jpg 755w, https:\/\/www.alflow.dk\/wp-content\/uploads\/2020\/09\/Cases_Arla-Foods-opn\u00e5r-en-uges-ekstra-produktion-med-ohmsk-opvarmning-300x199.jpg 300w, https:\/\/www.alflow.dk\/wp-content\/uploads\/2020\/09\/Cases_Arla-Foods-opn\u00e5r-en-uges-ekstra-produktion-med-ohmsk-opvarmning-600x397.jpg 600w, https:\/\/www.alflow.dk\/wp-content\/uploads\/2020\/09\/Cases_Arla-Foods-opn\u00e5r-en-uges-ekstra-produktion-med-ohmsk-opvarmning-18x12.jpg 18w\" sizes=\"auto, (max-width: 755px) 100vw, 755px\" \/>            <\/div>\n        \n        <div class=\"case-card__title\">\n            Arla Foods achieves an extra week of production with ohmic heating        <\/div>\n\n                    <div class=\"case-card__tagline\">\n                Food &amp; Beverage            <\/div>\n            <\/a>\n<\/div>\n<div class=\"case-card\">\n    <a href=\"https:\/\/www.alflow.dk\/en\/cases\/skaansom-ostekornspumpe-foerte-til-store-besparelser-paa-dansk-mejeri\/\">\n                    <div class=\"case-card__image\">\n                <img loading=\"lazy\" decoding=\"async\" width=\"755\" height=\"500\" src=\"https:\/\/www.alflow.dk\/wp-content\/uploads\/2020\/09\/Cases_Sk\u00e5nsom-ostepumpe-f\u00f8rte-til-store-besparelser-p\u00e5-dansk-mejeri.jpg\" class=\"attachment-post-thumbnail size-post-thumbnail wp-post-image\" alt=\"\" srcset=\"https:\/\/www.alflow.dk\/wp-content\/uploads\/2020\/09\/Cases_Sk\u00e5nsom-ostepumpe-f\u00f8rte-til-store-besparelser-p\u00e5-dansk-mejeri.jpg 755w, https:\/\/www.alflow.dk\/wp-content\/uploads\/2020\/09\/Cases_Sk\u00e5nsom-ostepumpe-f\u00f8rte-til-store-besparelser-p\u00e5-dansk-mejeri-300x199.jpg 300w, https:\/\/www.alflow.dk\/wp-content\/uploads\/2020\/09\/Cases_Sk\u00e5nsom-ostepumpe-f\u00f8rte-til-store-besparelser-p\u00e5-dansk-mejeri-600x397.jpg 600w, https:\/\/www.alflow.dk\/wp-content\/uploads\/2020\/09\/Cases_Sk\u00e5nsom-ostepumpe-f\u00f8rte-til-store-besparelser-p\u00e5-dansk-mejeri-18x12.jpg 18w\" sizes=\"auto, (max-width: 755px) 100vw, 755px\" \/>            <\/div>\n        \n        <div class=\"case-card__title\">\n            Gentle cheese grain pump led to big savings at Danish dairy        <\/div>\n\n                    <div class=\"case-card__tagline\">\n                Food &amp; Beverage            <\/div>\n            <\/a>\n<\/div>\n<div class=\"case-card\">\n    <a href=\"https:\/\/www.alflow.dk\/en\/cases\/skaansom-og-pulseringsfri-pumpning-af-resiner-til-kromatografisystemer\/\">\n                    <div class=\"case-card__image\">\n                <img loading=\"lazy\" decoding=\"async\" width=\"755\" height=\"500\" src=\"https:\/\/www.alflow.dk\/wp-content\/uploads\/2021\/04\/Quattroflow_case-displaybillede.jpg\" class=\"attachment-post-thumbnail size-post-thumbnail wp-post-image\" alt=\"\" srcset=\"https:\/\/www.alflow.dk\/wp-content\/uploads\/2021\/04\/Quattroflow_case-displaybillede.jpg 755w, https:\/\/www.alflow.dk\/wp-content\/uploads\/2021\/04\/Quattroflow_case-displaybillede-300x199.jpg 300w, https:\/\/www.alflow.dk\/wp-content\/uploads\/2021\/04\/Quattroflow_case-displaybillede-18x12.jpg 18w, https:\/\/www.alflow.dk\/wp-content\/uploads\/2021\/04\/Quattroflow_case-displaybillede-600x397.jpg 600w\" sizes=\"auto, (max-width: 755px) 100vw, 755px\" \/>            <\/div>\n        \n        <div class=\"case-card__title\">\n            Gentle and pulsation-free pumping of resins for chromatography systems        <\/div>\n\n                    <div class=\"case-card__tagline\">\n                Single-use            <\/div>\n            <\/a>\n<\/div>\n<div class=\"case-card\">\n    <a href=\"https:\/\/www.alflow.dk\/en\/cases\/single-use-poser-til-autoklaveringsprocesser\/\">\n                    <div class=\"case-card__image\">\n                <img loading=\"lazy\" decoding=\"async\" width=\"755\" height=\"500\" src=\"https:\/\/www.alflow.dk\/wp-content\/uploads\/2020\/09\/Cases_Single-use-poser-til-autoklaveringsprocesser.jpg\" class=\"attachment-post-thumbnail size-post-thumbnail wp-post-image\" alt=\"\" srcset=\"https:\/\/www.alflow.dk\/wp-content\/uploads\/2020\/09\/Cases_Single-use-poser-til-autoklaveringsprocesser.jpg 755w, https:\/\/www.alflow.dk\/wp-content\/uploads\/2020\/09\/Cases_Single-use-poser-til-autoklaveringsprocesser-300x199.jpg 300w, https:\/\/www.alflow.dk\/wp-content\/uploads\/2020\/09\/Cases_Single-use-poser-til-autoklaveringsprocesser-600x397.jpg 600w, https:\/\/www.alflow.dk\/wp-content\/uploads\/2020\/09\/Cases_Single-use-poser-til-autoklaveringsprocesser-18x12.jpg 18w\" sizes=\"auto, (max-width: 755px) 100vw, 755px\" \/>            <\/div>\n        \n        <div class=\"case-card__title\">\n            Single use bags for autoclaving processes        <\/div>\n\n                    <div class=\"case-card__tagline\">\n                Single-use            <\/div>\n            <\/a>\n<\/div>                                <div class=\"news-filler\"><\/div>\n                    <\/div>\n\n        <div id=\"posts-pagination\" class=\"pagination\">\n                    <\/div>\n    <\/div>\n<\/div><\/div><\/div><\/div><\/div><\/div>","protected":false},"excerpt":{"rendered":"<p>Vi tror p\u00e5 langsigtede relationer \u2013 det g\u00f8r vores kunder heldigvis ogs\u00e5 Cases Alle Food Pharma &amp; Biotech &#8211; Multi-Use Solutions Pharma &amp; Biotech &#8211; Single-Use Solutions Kerry forvandler restprodukter til v\u00e6rdi \u2013 med ohmsk opvarmning Food Skr\u00e6ddersyede totes \u2013 designet til fremtidens pharmaproduktion Single Use FermHub Zealand \u2013 Fra laboratorie til industri med Alflow [&hellip;]<\/p>\n","protected":false},"author":2,"featured_media":0,"parent":0,"menu_order":0,"comment_status":"closed","ping_status":"closed","template":"","meta":{"_acf_changed":false,"inline_featured_image":false,"footnotes":""},"class_list":["post-309","page","type-page","status-publish","hentry"],"acf":[],"yoast_head":"<!-- This site is optimized with the Yoast SEO plugin v27.4 - https:\/\/yoast.com\/product\/yoast-seo-wordpress\/ -->\n<title>Referencer &amp; cases | Se vores l\u00f8sninger - Alflow<\/title>\n<meta name=\"robots\" content=\"index, follow, max-snippet:-1, max-image-preview:large, max-video-preview:-1\" \/>\n<link rel=\"canonical\" href=\"https:\/\/www.alflow.dk\/en\/cases\/\" \/>\n<meta property=\"og:locale\" content=\"en_GB\" \/>\n<meta property=\"og:type\" content=\"article\" \/>\n<meta property=\"og:title\" content=\"Referencer &amp; cases | Se vores l\u00f8sninger - Alflow\" \/>\n<meta property=\"og:description\" content=\"Vi tror p\u00e5 langsigtede relationer \u2013 det g\u00f8r vores kunder heldigvis ogs\u00e5 Cases Alle Food Pharma &amp; Biotech - Multi-Use Solutions Pharma &amp; Biotech - Single-Use Solutions Kerry forvandler restprodukter til v\u00e6rdi \u2013 med ohmsk opvarmning Food Skr\u00e6ddersyede totes \u2013 designet til fremtidens pharmaproduktion Single Use FermHub Zealand \u2013 Fra laboratorie til industri med Alflow [&hellip;]\" \/>\n<meta property=\"og:url\" content=\"https:\/\/www.alflow.dk\/en\/cases\/\" \/>\n<meta property=\"og:site_name\" content=\"Alflow\" \/>\n<meta property=\"article:modified_time\" content=\"2026-02-24T12:45:39+00:00\" \/>\n<meta name=\"twitter:card\" content=\"summary_large_image\" \/>\n<meta name=\"twitter:label1\" content=\"Estimated reading time\" \/>\n\t<meta name=\"twitter:data1\" content=\"3 minutes\" \/>\n<script type=\"application\/ld+json\" class=\"yoast-schema-graph\">{\"@context\":\"https:\\\/\\\/schema.org\",\"@graph\":[{\"@type\":\"WebPage\",\"@id\":\"https:\\\/\\\/www.alflow.dk\\\/cases\\\/\",\"url\":\"https:\\\/\\\/www.alflow.dk\\\/cases\\\/\",\"name\":\"Referencer & cases | Se vores l\u00f8sninger - Alflow\",\"isPartOf\":{\"@id\":\"https:\\\/\\\/www.alflow.se\\\/#website\"},\"datePublished\":\"2020-04-08T11:11:42+00:00\",\"dateModified\":\"2026-02-24T12:45:39+00:00\",\"breadcrumb\":{\"@id\":\"https:\\\/\\\/www.alflow.dk\\\/cases\\\/#breadcrumb\"},\"inLanguage\":\"en-GB\",\"potentialAction\":[{\"@type\":\"ReadAction\",\"target\":[\"https:\\\/\\\/www.alflow.dk\\\/cases\\\/\"]}]},{\"@type\":\"BreadcrumbList\",\"@id\":\"https:\\\/\\\/www.alflow.dk\\\/cases\\\/#breadcrumb\",\"itemListElement\":[{\"@type\":\"ListItem\",\"position\":1,\"name\":\"Home \\\/\",\"item\":\"https:\\\/\\\/www.alflow.dk\\\/\"},{\"@type\":\"ListItem\",\"position\":2,\"name\":\"Cases\"}]},{\"@type\":\"WebSite\",\"@id\":\"https:\\\/\\\/www.alflow.se\\\/#website\",\"url\":\"https:\\\/\\\/www.alflow.se\\\/\",\"name\":\"Alflow\",\"description\":\"Flow der g\u00f8r en forskel\",\"publisher\":{\"@id\":\"https:\\\/\\\/www.alflow.se\\\/#organization\"},\"potentialAction\":[{\"@type\":\"SearchAction\",\"target\":{\"@type\":\"EntryPoint\",\"urlTemplate\":\"https:\\\/\\\/www.alflow.se\\\/?s={search_term_string}\"},\"query-input\":{\"@type\":\"PropertyValueSpecification\",\"valueRequired\":true,\"valueName\":\"search_term_string\"}}],\"inLanguage\":\"en-GB\"},{\"@type\":\"Organization\",\"@id\":\"https:\\\/\\\/www.alflow.se\\\/#organization\",\"name\":\"Alflow\",\"url\":\"https:\\\/\\\/www.alflow.se\\\/\",\"logo\":{\"@type\":\"ImageObject\",\"inLanguage\":\"en-GB\",\"@id\":\"https:\\\/\\\/www.alflow.se\\\/#\\\/schema\\\/logo\\\/image\\\/\",\"url\":\"https:\\\/\\\/www.alflow.dk\\\/wp-content\\\/uploads\\\/2025\\\/07\\\/alflow_pos_pms_web.png\",\"contentUrl\":\"https:\\\/\\\/www.alflow.dk\\\/wp-content\\\/uploads\\\/2025\\\/07\\\/alflow_pos_pms_web.png\",\"width\":250,\"height\":42,\"caption\":\"Alflow\"},\"image\":{\"@id\":\"https:\\\/\\\/www.alflow.se\\\/#\\\/schema\\\/logo\\\/image\\\/\"}}]}<\/script>\n<!-- \/ Yoast SEO plugin. -->","yoast_head_json":{"title":"References &amp; cases | See our solutions - Alflow","robots":{"index":"index","follow":"follow","max-snippet":"max-snippet:-1","max-image-preview":"max-image-preview:large","max-video-preview":"max-video-preview:-1"},"canonical":"https:\/\/www.alflow.dk\/en\/cases\/","og_locale":"en_GB","og_type":"article","og_title":"Referencer & cases | Se vores l\u00f8sninger - Alflow","og_description":"Vi tror p\u00e5 langsigtede relationer \u2013 det g\u00f8r vores kunder heldigvis ogs\u00e5 Cases Alle Food Pharma &amp; Biotech - Multi-Use Solutions Pharma &amp; Biotech - Single-Use Solutions Kerry forvandler restprodukter til v\u00e6rdi \u2013 med ohmsk opvarmning Food Skr\u00e6ddersyede totes \u2013 designet til fremtidens pharmaproduktion Single Use FermHub Zealand \u2013 Fra laboratorie til industri med Alflow [&hellip;]","og_url":"https:\/\/www.alflow.dk\/en\/cases\/","og_site_name":"Alflow","article_modified_time":"2026-02-24T12:45:39+00:00","twitter_card":"summary_large_image","twitter_misc":{"Estimated reading time":"3 minutes"},"schema":{"@context":"https:\/\/schema.org","@graph":[{"@type":"WebPage","@id":"https:\/\/www.alflow.dk\/cases\/","url":"https:\/\/www.alflow.dk\/cases\/","name":"References &amp; cases | See our solutions - Alflow","isPartOf":{"@id":"https:\/\/www.alflow.se\/#website"},"datePublished":"2020-04-08T11:11:42+00:00","dateModified":"2026-02-24T12:45:39+00:00","breadcrumb":{"@id":"https:\/\/www.alflow.dk\/cases\/#breadcrumb"},"inLanguage":"en-GB","potentialAction":[{"@type":"ReadAction","target":["https:\/\/www.alflow.dk\/cases\/"]}]},{"@type":"BreadcrumbList","@id":"https:\/\/www.alflow.dk\/cases\/#breadcrumb","itemListElement":[{"@type":"ListItem","position":1,"name":"Home \/","item":"https:\/\/www.alflow.dk\/"},{"@type":"ListItem","position":2,"name":"Cases"}]},{"@type":"WebSite","@id":"https:\/\/www.alflow.se\/#website","url":"https:\/\/www.alflow.se\/","name":"Alflow","description":"Flow that makes a difference","publisher":{"@id":"https:\/\/www.alflow.se\/#organization"},"potentialAction":[{"@type":"SearchAction","target":{"@type":"EntryPoint","urlTemplate":"https:\/\/www.alflow.se\/?s={search_term_string}"},"query-input":{"@type":"PropertyValueSpecification","valueRequired":true,"valueName":"search_term_string"}}],"inLanguage":"en-GB"},{"@type":"Organization","@id":"https:\/\/www.alflow.se\/#organization","name":"Alflow","url":"https:\/\/www.alflow.se\/","logo":{"@type":"ImageObject","inLanguage":"en-GB","@id":"https:\/\/www.alflow.se\/#\/schema\/logo\/image\/","url":"https:\/\/www.alflow.dk\/wp-content\/uploads\/2025\/07\/alflow_pos_pms_web.png","contentUrl":"https:\/\/www.alflow.dk\/wp-content\/uploads\/2025\/07\/alflow_pos_pms_web.png","width":250,"height":42,"caption":"Alflow"},"image":{"@id":"https:\/\/www.alflow.se\/#\/schema\/logo\/image\/"}}]}},"_links":{"self":[{"href":"https:\/\/www.alflow.dk\/en\/wp-json\/wp\/v2\/pages\/309","targetHints":{"allow":["GET"]}}],"collection":[{"href":"https:\/\/www.alflow.dk\/en\/wp-json\/wp\/v2\/pages"}],"about":[{"href":"https:\/\/www.alflow.dk\/en\/wp-json\/wp\/v2\/types\/page"}],"author":[{"embeddable":true,"href":"https:\/\/www.alflow.dk\/en\/wp-json\/wp\/v2\/users\/2"}],"replies":[{"embeddable":true,"href":"https:\/\/www.alflow.dk\/en\/wp-json\/wp\/v2\/comments?post=309"}],"version-history":[{"count":13,"href":"https:\/\/www.alflow.dk\/en\/wp-json\/wp\/v2\/pages\/309\/revisions"}],"predecessor-version":[{"id":14340,"href":"https:\/\/www.alflow.dk\/en\/wp-json\/wp\/v2\/pages\/309\/revisions\/14340"}],"wp:attachment":[{"href":"https:\/\/www.alflow.dk\/en\/wp-json\/wp\/v2\/media?parent=309"}],"curies":[{"name":"wp","href":"https:\/\/api.w.org\/{rel}","templated":true}]}}