{"id":14692,"date":"2025-11-04T13:07:57","date_gmt":"2025-11-04T13:07:57","guid":{"rendered":"https:\/\/www.alflow.dk\/?page_id=14692"},"modified":"2025-11-14T07:19:12","modified_gmt":"2025-11-14T07:19:12","slug":"calendar-2026","status":"publish","type":"page","link":"https:\/\/www.alflow.dk\/en\/kalender-2026\/","title":{"rendered":"Calendar 2026"},"content":{"rendered":"<div id=\"pl-14692\"  class=\"panel-layout\" ><div id=\"pg-14692-0\"  class=\"panel-grid panel-no-style\" ><div id=\"pgc-14692-0-0\"  class=\"panel-grid-cell\" ><div id=\"panel-14692-0-0-0\" class=\"so-panel widget widget_mtt-text-image panel-first-child panel-last-child\" data-index=\"0\" ><div\n\t\t\t\n\t\t\tclass=\"so-widget-mtt-text-image so-widget-mtt-text-image-base\"\n\t\t\t\n\t\t>\n<div class=\"mtt-text-image margin-top-60 margin-classes-added  \" >\n    <div class=\"page_container\">\n        <div class=\"mtt-text-image__wrapper add-bg\">\n            <div class=\"wrapper\">\n                <div class=\"text-inner\">\n                                                                \n                                                                        <h2>\n                                Bestil din Alflow 2026 kalender                             <\/h2>                        \n                                            \n                                                                        <div class=\"text\">\n                                <p>For at g\u00f8re det nemmere for dig og samtidig have tanke p\u00e5 milj\u00f8et - kan du nu selv bestille dette \u00e5rs bordkalender her p\u00e5 siden.<\/p>\n<p>Skal du ogs\u00e5 bruge til en kollega? Bestil gerne flere, s\u00e5 sender vi dem samlet afsted.<\/p>\n                            <\/div>\n                                            \n                                                                \n                <\/div>\n            <\/div>\n\n                            <div class=\"wrapper\">\n                    <div class=\"object-fit\">\n                                                    <img decoding=\"async\" src=\"https:\/\/www.alflow.dk\/wp-content\/uploads\/2025\/11\/Skaermbillede-2025-11-04-kl.-15.18.14.png\" alt=\"Sk\u00e6rmbillede 2025-11-04 kl. 15.18.14\">\n                                            <\/div>\n                <\/div>\n                    <\/div>\n    <\/div>\n<\/div><\/div><\/div><\/div><\/div><div id=\"pg-14692-1\"  class=\"panel-grid panel-no-style\" ><div id=\"pgc-14692-1-0\"  class=\"panel-grid-cell\" ><div id=\"panel-14692-1-0-0\" class=\"so-panel widget widget_mtt-text-island panel-first-child panel-last-child\" data-index=\"1\" ><div\n\t\t\t\n\t\t\tclass=\"so-widget-mtt-text-island so-widget-mtt-text-island-base\"\n\t\t\t\n\t\t>\n<div class=\"mtt-text-island margin-top-60 margin-bottom-60 margin-classes-added\">\n    <div class=\"page_container\">\n        \n        \n                    <div class=\"mtt-text-island__text\">\n                <div class='fluentform ff-default fluentform_wrapper_4 ffs_custom_wrap'><form data-form_id=\"4\" id=\"fluentform_4\" class=\"frm-fluent-form fluent_form_4 ff-el-form-top ff_form_instance_4_1 ff-form-loading ffs_custom\" data-form_instance=\"ff_form_instance_4_1\" method=\"POST\" ><fieldset  style=\"border: none!important;margin: 0!important;padding: 0!important;background-color: transparent!important;box-shadow: none!important;outline: none!important; min-inline-size: 100%;\">\n                    <legend class=\"ff_screen_reader_title\" style=\"display: block; margin: 0!important;padding: 0!important;height: 0!important;text-indent: -999999px;width: 0!important;overflow:hidden;\">Dansk Formular til bestilling af kalender 2026 (#4)<\/legend><input type='hidden' name='__fluent_form_embded_post_id' value='14692' \/><input type=\"hidden\" id=\"_fluentform_4_fluentformnonce\" name=\"_fluentform_4_fluentformnonce\" value=\"0b1f8496fc\" \/><input type=\"hidden\" name=\"_wp_http_referer\" value=\"\/en\/wp-json\/wp\/v2\/pages\/14692\/\" \/><div class='ff-el-group ff-el-form-top'><div class=\"ff-el-input--label ff-el-is-required asterisk-right\"><label for='ff_4_numeric_field_1' id='label_ff_4_numeric_field_1' aria-label=\"Hvor mange 2026 kalendere \u00f8nsker du tilsendt?\">Hvor mange 2026 kalendere \u00f8nsker du tilsendt?<\/label><\/div><div class='ff-el-input--content'><input type=\"number\" name=\"numeric_field_1\" id=\"ff_4_numeric_field_1\" class=\"ff-el-form-control\" data-name=\"numeric_field_1\" inputmode=\"numeric\" step=\"any\" min=\"1\" aria-valuemin=\"1\" max=\"100\" aria-valuemax=\"100\"  aria-invalid=\"false\" aria-required=true><\/div><\/div><div data-name=\"ff_cn_id_1\"  class='ff-t-container ff-column-container ff_columns_total_2 '><div class='ff-t-cell ff-t-column-1' style='flex-basis: 50%;'><div class='ff-el-group ff-el-form-top'><div class=\"ff-el-input--label ff-el-is-required asterisk-right\"><label for='ff_4_navn' id='label_ff_4_navn' aria-label=\"Fornavn\">Fornavn<\/label><\/div><div class='ff-el-input--content'><input type=\"text\" name=\"navn\" class=\"ff-el-form-control\" placeholder=\"Fornavn\" data-name=\"navn\" id=\"ff_4_navn\"  aria-invalid=\"false\" aria-required=true><\/div><\/div><\/div><div class='ff-t-cell ff-t-column-2' style='flex-basis: 50%;'><div class='ff-el-group ff-el-form-top'><div class=\"ff-el-input--label ff-el-is-required asterisk-right\"><label for='ff_4_efternavn' id='label_ff_4_efternavn' aria-label=\"Efternavn\">Efternavn<\/label><\/div><div class='ff-el-input--content'><input type=\"text\" name=\"efternavn\" class=\"ff-el-form-control\" placeholder=\"Efternavn\" data-name=\"efternavn\" id=\"ff_4_efternavn\"  aria-invalid=\"false\" aria-required=true><\/div><\/div><\/div><\/div><div data-name=\"ff_cn_id_2\"  class='ff-t-container ff-column-container ff_columns_total_2 '><div class='ff-t-cell ff-t-column-1' style='flex-basis: 50%;'><div class='ff-el-group ff-el-form-top'><div class=\"ff-el-input--label ff-el-is-required asterisk-right\"><label for='ff_4_email' id='label_ff_4_email' aria-label=\"Email\">Email<\/label><\/div><div class='ff-el-input--content'><input type=\"email\" name=\"email\" id=\"ff_4_email\" class=\"ff-el-form-control\" placeholder=\"Email\" data-name=\"email\"  aria-invalid=\"false\" aria-required=true><\/div><\/div><\/div><div class='ff-t-cell ff-t-column-2' style='flex-basis: 50%;'><div class='ff-el-group ff-el-form-top'><div class=\"ff-el-input--label ff-el-is-required asterisk-right\"><label for='ff_4_email_1' id='label_ff_4_email_1' aria-label=\"Virksomhed\">Virksomhed<\/label><\/div><div class='ff-el-input--content'><input type=\"email\" name=\"email_1\" id=\"ff_4_email_1\" class=\"ff-el-form-control\" placeholder=\"Virksomhed\" data-name=\"email_1\"  aria-invalid=\"false\" aria-required=true><\/div><\/div><\/div><\/div><div data-name=\"ff_cn_id_3\"  class='ff-t-container ff-column-container ff_columns_total_1 '><div class='ff-t-cell ff-t-column-1' style='flex-basis: 100%;'><div class=\"ff-name-address-wrapper fluent-address\" data-type=\"address-element\" data-name=\"address_1\" ><div class='ff-el-input--label'><label aria-label=\"Hvilken adresse skal vi sende pakken med kalender(e) til?\">Hvilken adresse skal vi sende pakken med kalender(e) til?<\/label><\/div><div class='ff-el-input--content'><div class='ff-t-container'><div class='ff-t-cell'><div class='ff-el-group ff-el-form-hide_label'><div class=\"ff-el-input--label ff-el-is-required asterisk-right\"><label for='ff_4_address_1_address_line_1_' id='label_ff_4_address_1_address_line_1_' aria-label=\"Vej og nummer\">Vej og nummer<\/label><\/div><div class='ff-el-input--content'><input type=\"text\" name=\"address_1[address_line_1]\" id=\"ff_4_address_1_address_line_1_\" class=\"ff-el-form-control\" placeholder=\"Vej og nummer\" data-key_name=\"address_line_1\"  aria-invalid=\"false\" aria-required=true><\/div><\/div><\/div><div class='ff-t-cell'><div class='ff-el-group ff-el-form-hide_label'><div class=\"ff-el-input--label ff-el-is-required asterisk-right\"><label for='ff_4_address_1_city_' id='label_ff_4_address_1_city_' aria-label=\"By\">By<\/label><\/div><div class='ff-el-input--content'><input type=\"text\" name=\"address_1[city]\" id=\"ff_4_address_1_city_\" class=\"ff-el-form-control\" placeholder=\"By\" data-key_name=\"city\"  aria-invalid=\"false\" aria-required=true><\/div><\/div><\/div><\/div><div class='ff-t-container'><div class='ff-t-cell'><div class='ff-el-group ff-el-form-hide_label'><div class=\"ff-el-input--label ff-el-is-required asterisk-right\"><label for='ff_4_address_1_state_' id='label_ff_4_address_1_state_' aria-label=\"Bygning\/afdeling\">Bygning\/afdeling<\/label><\/div><div class='ff-el-input--content'><input type=\"text\" name=\"address_1[state]\" id=\"ff_4_address_1_state_\" class=\"ff-el-form-control\" placeholder=\"Bygning\/afdeling\" data-key_name=\"state\"  aria-invalid=\"false\" aria-required=true><\/div><\/div><\/div><div class='ff-t-cell'><div class='ff-el-group ff-el-form-hide_label'><div class=\"ff-el-input--label ff-el-is-required asterisk-right\"><label for='ff_4_address_1_zip_' id='label_ff_4_address_1_zip_' aria-label=\"Postnummer\">Postnummer<\/label><\/div><div class='ff-el-input--content'><input type=\"text\" name=\"address_1[zip]\" id=\"ff_4_address_1_zip_\" class=\"ff-el-form-control\" placeholder=\"Postnummer\" data-key_name=\"zip\"  aria-invalid=\"false\" aria-required=true><\/div><\/div><\/div><\/div><\/div><\/div><\/div><\/div><div class='ff-el-group ff-el-form-top'><div class=\"ff-el-input--label ff-el-is-required asterisk-right\"><label   aria-label=\"Hvad er du mest interesseret i?\">Hvad er du mest interesseret i?<\/label><\/div><div class='ff-el-input--content'><div class='ff-el-form-check ff-el-form-check-'><label class='ff-el-form-check-label' for='Hvilken_branche_er_mest_relevant_for_dig_22dd0a3dded51594ef21976aefe0e992'><input  type=\"checkbox\" name=\"Hvilken_branche_er_mest_relevant_for_dig[]\" data-name=\"Hvilken_branche_er_mest_relevant_for_dig\" class=\"ff-el-form-check-input ff-el-form-check-checkbox\" value=\" Pharma \"  id='Hvilken_branche_er_mest_relevant_for_dig_22dd0a3dded51594ef21976aefe0e992' aria-label='Pharma' aria-invalid='false' aria-required=true> <span> Pharma <\/span><\/label><\/div><div class='ff-el-form-check ff-el-form-check-'><label class='ff-el-form-check-label' for='Hvilken_branche_er_mest_relevant_for_dig_91219036d1bd50e2d333b54ca8b9fafe'><input  type=\"checkbox\" name=\"Hvilken_branche_er_mest_relevant_for_dig[]\" data-name=\"Hvilken_branche_er_mest_relevant_for_dig\" class=\"ff-el-form-check-input ff-el-form-check-checkbox\" value=\"Single-use\"  id='Hvilken_branche_er_mest_relevant_for_dig_91219036d1bd50e2d333b54ca8b9fafe' aria-label='Single-use' aria-invalid='false' aria-required=true> <span>Single-use<\/span><\/label><\/div><div class='ff-el-form-check ff-el-form-check-'><label class='ff-el-form-check-label' for='Hvilken_branche_er_mest_relevant_for_dig_cdac18efd004a9e4a42e3e60818a14ad'><input  type=\"checkbox\" name=\"Hvilken_branche_er_mest_relevant_for_dig[]\" data-name=\"Hvilken_branche_er_mest_relevant_for_dig\" class=\"ff-el-form-check-input ff-el-form-check-checkbox\" value=\"Food &amp; Beverage\"  id='Hvilken_branche_er_mest_relevant_for_dig_cdac18efd004a9e4a42e3e60818a14ad' aria-label='Food &amp; Beverage' aria-invalid='false' aria-required=true> <span>Food &amp; Beverage<\/span><\/label><\/div><\/div><\/div><div class='ff-el-group    ff-el-input--content'><div class='ff-el-form-check ff-el-tc'><label aria-label='Terms and Conditions: \u00a0 Jeg accepterer Alflows privatlivspolitik. Contains 1 link. Use tab navigation to review.' class='ff-el-form-check-label ff_tc_label' for=terms_30bf66dff321fd8dae0b07e9d3fef5ba><span class='ff_tc_checkbox'><input type=\"checkbox\" name=\"terms\" class=\"ff-el-form-check-input\" data-name=\"terms\" id=\"terms_30bf66dff321fd8dae0b07e9d3fef5ba\"  value='on' aria-invalid='false' aria-required=true><\/span> <div class='ff_t_c'><p>\u00a0 Jeg accepterer Alflows <a href=\"https:\/\/www.alflow.dk\/cookiepolitik-og-privatlivspolitik\/\">privatlivspolitik<\/a>.<\/p><\/div><\/label><\/div><\/div><div class='ff-el-group    ff-el-input--content'><div class='ff-el-form-check ff-el-tc'><label aria-label='Jeg accepterer at blive skrevet op til nyheder fra Alflow.' class='ff-el-form-check-label ff_tc_label' for=nyhedsbrev_8961ff4f6b3e5f29af30dfa1dbca92cd><span class='ff_tc_checkbox'><input type=\"checkbox\" name=\"nyhedsbrev\" class=\"ff-el-form-check-input\" data-name=\"nyhedsbrev\" id=\"nyhedsbrev_8961ff4f6b3e5f29af30dfa1dbca92cd\"  value='on' aria-invalid='false' aria-required=true><\/span> <div class='ff_t_c'><p>Jeg accepterer at blive skrevet op til nyheder fra Alflow.<\/p><\/div><\/label><\/div><\/div><div class='ff-el-group ' ><div class='ff-el-input--content'><div data-fluent_id='4' name='g-recaptcha-response'><div\n\t\tdata-sitekey='6LfmpFcsAAAAALLfrItGlDrWEGIhQgZpi7QfvlH-'\n\t\tid='fluentform-recaptcha-4-1'\n\t\tclass='ff-el-recaptcha g-recaptcha'\n\t\tdata-callback='fluentFormrecaptchaSuccessCallback'><\/div><\/div><\/div><\/div><div class='ff-el-group ff-text-left ff_submit_btn_wrapper'><button type=\"submit\" class=\"ff-btn ff-btn-submit ff-btn-md ff_btn_style\"  aria-label=\"Send\">Send<\/button><\/div><\/fieldset><\/form><div id='fluentform_4_errors' class='ff-errors-in-stack ff_form_instance_4_1 ff-form-loading_errors ff_form_instance_4_1_errors'><\/div><\/div>            <script type=\"text\/javascript\">\n                window.fluent_form_ff_form_instance_4_1 = {\"id\":\"4\",\"ajaxUrl\":\"https:\\\/\\\/www.alflow.dk\\\/wp-admin\\\/admin-ajax.php\",\"settings\":{\"layout\":{\"labelPlacement\":\"top\",\"asteriskPlacement\":\"asterisk-right\",\"helpMessagePlacement\":\"with_label\",\"errorMessagePlacement\":\"inline\",\"cssClassName\":\"\"},\"restrictions\":{\"denyEmptySubmission\":{\"enabled\":false}}},\"form_instance\":\"ff_form_instance_4_1\",\"form_id_selector\":\"fluentform_4\",\"rules\":{\"numeric_field_1\":{\"required\":{\"value\":true,\"message\":\"Dette felt skal udfyldes\",\"global_message\":\"This field is required\",\"global\":true},\"numeric\":{\"value\":true,\"message\":\"Feltet skal indeholde en numerisk v\\u00e6rdi\",\"global_message\":\"This field must contain numeric value\",\"global\":true},\"min\":{\"value\":\"1\",\"message\":\"Validation fails for minimum value\",\"global_message\":\"Validation fails for minimum value\",\"global\":true},\"max\":{\"value\":\"100\",\"message\":\"Validation fails for maximum value\",\"global_message\":\"Validation fails for maximum value\",\"global\":true},\"digits\":{\"value\":\"\",\"message\":\"Validation fails for limited digits\",\"global_message\":\"Validation fails for limited digits\",\"global\":true}},\"navn\":{\"required\":{\"value\":true,\"message\":\"Dette felt skal udfyldes\",\"global_message\":\"This field is required\",\"global\":true}},\"efternavn\":{\"required\":{\"value\":true,\"message\":\"Dette felt skal udfyldes\",\"global_message\":\"This field is required\",\"global\":true}},\"email\":{\"required\":{\"value\":true,\"message\":\"Dette felt er p\\u00e5kr\\u00e6vet\",\"global\":false,\"global_message\":\"This field is required\"},\"email\":{\"value\":true,\"message\":\"Skal v\\u00e6re en gyldig email\",\"global\":false,\"global_message\":\"This field must contain a valid email\"}},\"email_1\":{\"required\":{\"value\":true,\"message\":\"Dette felt er p\\u00e5kr\\u00e6vet\",\"global\":false,\"global_message\":\"This field is required\"},\"email\":{\"value\":false,\"message\":\"Skal v\\u00e6re en gyldig email\",\"global\":false,\"global_message\":\"This field must contain a valid email\"}},\"address_1[address_line_1]\":{\"required\":{\"value\":true,\"message\":\"Dette felt skal udfyldes\",\"global_message\":\"This field is required\",\"global\":true}},\"address_1[address_line_2]\":{\"required\":{\"value\":false,\"message\":\"Dette felt skal udfyldes\",\"global_message\":\"This field is required\",\"global\":true}},\"address_1[city]\":{\"required\":{\"value\":true,\"message\":\"Dette felt skal udfyldes\",\"global_message\":\"This field is required\",\"global\":true}},\"address_1[state]\":{\"required\":{\"value\":true,\"message\":\"Dette felt skal udfyldes\",\"global_message\":\"This field is required\",\"global\":true}},\"address_1[zip]\":{\"required\":{\"value\":true,\"message\":\"Dette felt skal udfyldes\",\"global_message\":\"This field is required\",\"global\":true}},\"address_1[country]\":{\"required\":{\"value\":false,\"message\":\"Dette felt skal udfyldes\",\"global_message\":\"This field is required\",\"global\":true}},\"Hvilken_branche_er_mest_relevant_for_dig\":{\"required\":{\"value\":true,\"message\":\"Dette felt skal udfyldes\",\"global_message\":\"This field is required\",\"global\":true}},\"terms\":{\"required\":{\"value\":true,\"message\":\"Dette felt skal udfyldes\",\"global_message\":\"This field is required\",\"global\":true}},\"nyhedsbrev\":{\"required\":{\"value\":true,\"message\":\"Dette felt skal udfyldes\",\"global_message\":\"This field is required\",\"global\":true}},\"g-recaptcha-response\":[]},\"debounce_time\":300};\n                            <\/script>\n                        <\/div>\n        \n            <\/div>\n<\/div><\/div><\/div><\/div><\/div><\/div>","protected":false},"excerpt":{"rendered":"<p>Bestil din Alflow 2026 kalender For at g\u00f8re det nemmere for dig og samtidig have tanke p\u00e5 milj\u00f8et &#8211; kan du nu selv bestille dette \u00e5rs bordkalender her p\u00e5 siden. Skal du ogs\u00e5 bruge til en kollega? Bestil gerne flere, s\u00e5 sender vi dem samlet afsted. Dansk Formular til bestilling af kalender 2026 (#4)Hvor mange [&hellip;]<\/p>\n","protected":false},"author":3,"featured_media":0,"parent":0,"menu_order":0,"comment_status":"closed","ping_status":"closed","template":"","meta":{"_acf_changed":false,"inline_featured_image":false,"footnotes":""},"class_list":["post-14692","page","type-page","status-publish","hentry"],"acf":[],"yoast_head":"<!-- This site is optimized with the Yoast SEO plugin v27.4 - https:\/\/yoast.com\/product\/yoast-seo-wordpress\/ -->\n<title>Kalender 2026 - Alflow<\/title>\n<meta name=\"robots\" content=\"index, follow, max-snippet:-1, max-image-preview:large, max-video-preview:-1\" \/>\n<link rel=\"canonical\" href=\"https:\/\/www.alflow.dk\/en\/calendar-2026\/\" \/>\n<meta property=\"og:locale\" content=\"en_GB\" \/>\n<meta property=\"og:type\" content=\"article\" \/>\n<meta property=\"og:title\" content=\"Kalender 2026 - Alflow\" \/>\n<meta property=\"og:description\" content=\"Bestil din Alflow 2026 kalender For at g\u00f8re det nemmere for dig og samtidig have tanke p\u00e5 milj\u00f8et - kan du nu selv bestille dette \u00e5rs bordkalender her p\u00e5 siden. Skal du ogs\u00e5 bruge til en kollega? Bestil gerne flere, s\u00e5 sender vi dem samlet afsted. Dansk Formular til bestilling af kalender 2026 (#4)Hvor mange [&hellip;]\" \/>\n<meta property=\"og:url\" content=\"https:\/\/www.alflow.dk\/en\/calendar-2026\/\" \/>\n<meta property=\"og:site_name\" content=\"Alflow\" \/>\n<meta property=\"article:modified_time\" content=\"2025-11-14T07:19:12+00:00\" \/>\n<meta name=\"twitter:card\" content=\"summary_large_image\" \/>\n<meta name=\"twitter:label1\" content=\"Estimated reading time\" \/>\n\t<meta name=\"twitter:data1\" content=\"1 minute\" \/>\n<script type=\"application\/ld+json\" class=\"yoast-schema-graph\">{\"@context\":\"https:\\\/\\\/schema.org\",\"@graph\":[{\"@type\":\"WebPage\",\"@id\":\"https:\\\/\\\/www.alflow.dk\\\/kalender-2026\\\/\",\"url\":\"https:\\\/\\\/www.alflow.dk\\\/kalender-2026\\\/\",\"name\":\"Kalender 2026 - Alflow\",\"isPartOf\":{\"@id\":\"https:\\\/\\\/www.alflow.se\\\/#website\"},\"datePublished\":\"2025-11-04T13:07:57+00:00\",\"dateModified\":\"2025-11-14T07:19:12+00:00\",\"breadcrumb\":{\"@id\":\"https:\\\/\\\/www.alflow.dk\\\/kalender-2026\\\/#breadcrumb\"},\"inLanguage\":\"en-GB\",\"potentialAction\":[{\"@type\":\"ReadAction\",\"target\":[\"https:\\\/\\\/www.alflow.dk\\\/kalender-2026\\\/\"]}]},{\"@type\":\"BreadcrumbList\",\"@id\":\"https:\\\/\\\/www.alflow.dk\\\/kalender-2026\\\/#breadcrumb\",\"itemListElement\":[{\"@type\":\"ListItem\",\"position\":1,\"name\":\"Home \\\/\",\"item\":\"https:\\\/\\\/www.alflow.dk\\\/\"},{\"@type\":\"ListItem\",\"position\":2,\"name\":\"Kalender 2026\"}]},{\"@type\":\"WebSite\",\"@id\":\"https:\\\/\\\/www.alflow.se\\\/#website\",\"url\":\"https:\\\/\\\/www.alflow.se\\\/\",\"name\":\"Alflow\",\"description\":\"Flow der g\u00f8r en forskel\",\"publisher\":{\"@id\":\"https:\\\/\\\/www.alflow.se\\\/#organization\"},\"potentialAction\":[{\"@type\":\"SearchAction\",\"target\":{\"@type\":\"EntryPoint\",\"urlTemplate\":\"https:\\\/\\\/www.alflow.se\\\/?s={search_term_string}\"},\"query-input\":{\"@type\":\"PropertyValueSpecification\",\"valueRequired\":true,\"valueName\":\"search_term_string\"}}],\"inLanguage\":\"en-GB\"},{\"@type\":\"Organization\",\"@id\":\"https:\\\/\\\/www.alflow.se\\\/#organization\",\"name\":\"Alflow\",\"url\":\"https:\\\/\\\/www.alflow.se\\\/\",\"logo\":{\"@type\":\"ImageObject\",\"inLanguage\":\"en-GB\",\"@id\":\"https:\\\/\\\/www.alflow.se\\\/#\\\/schema\\\/logo\\\/image\\\/\",\"url\":\"https:\\\/\\\/www.alflow.dk\\\/wp-content\\\/uploads\\\/2025\\\/07\\\/alflow_pos_pms_web.png\",\"contentUrl\":\"https:\\\/\\\/www.alflow.dk\\\/wp-content\\\/uploads\\\/2025\\\/07\\\/alflow_pos_pms_web.png\",\"width\":250,\"height\":42,\"caption\":\"Alflow\"},\"image\":{\"@id\":\"https:\\\/\\\/www.alflow.se\\\/#\\\/schema\\\/logo\\\/image\\\/\"}}]}<\/script>\n<!-- \/ Yoast SEO plugin. -->","yoast_head_json":{"title":"Calendar 2026 - Alflow","robots":{"index":"index","follow":"follow","max-snippet":"max-snippet:-1","max-image-preview":"max-image-preview:large","max-video-preview":"max-video-preview:-1"},"canonical":"https:\/\/www.alflow.dk\/en\/calendar-2026\/","og_locale":"en_GB","og_type":"article","og_title":"Kalender 2026 - Alflow","og_description":"Bestil din Alflow 2026 kalender For at g\u00f8re det nemmere for dig og samtidig have tanke p\u00e5 milj\u00f8et - kan du nu selv bestille dette \u00e5rs bordkalender her p\u00e5 siden. Skal du ogs\u00e5 bruge til en kollega? Bestil gerne flere, s\u00e5 sender vi dem samlet afsted. Dansk Formular til bestilling af kalender 2026 (#4)Hvor mange [&hellip;]","og_url":"https:\/\/www.alflow.dk\/en\/calendar-2026\/","og_site_name":"Alflow","article_modified_time":"2025-11-14T07:19:12+00:00","twitter_card":"summary_large_image","twitter_misc":{"Estimated reading time":"1 minute"},"schema":{"@context":"https:\/\/schema.org","@graph":[{"@type":"WebPage","@id":"https:\/\/www.alflow.dk\/kalender-2026\/","url":"https:\/\/www.alflow.dk\/kalender-2026\/","name":"Calendar 2026 - Alflow","isPartOf":{"@id":"https:\/\/www.alflow.se\/#website"},"datePublished":"2025-11-04T13:07:57+00:00","dateModified":"2025-11-14T07:19:12+00:00","breadcrumb":{"@id":"https:\/\/www.alflow.dk\/kalender-2026\/#breadcrumb"},"inLanguage":"en-GB","potentialAction":[{"@type":"ReadAction","target":["https:\/\/www.alflow.dk\/kalender-2026\/"]}]},{"@type":"BreadcrumbList","@id":"https:\/\/www.alflow.dk\/kalender-2026\/#breadcrumb","itemListElement":[{"@type":"ListItem","position":1,"name":"Home \/","item":"https:\/\/www.alflow.dk\/"},{"@type":"ListItem","position":2,"name":"Kalender 2026"}]},{"@type":"WebSite","@id":"https:\/\/www.alflow.se\/#website","url":"https:\/\/www.alflow.se\/","name":"Alflow","description":"Flow that makes a difference","publisher":{"@id":"https:\/\/www.alflow.se\/#organization"},"potentialAction":[{"@type":"SearchAction","target":{"@type":"EntryPoint","urlTemplate":"https:\/\/www.alflow.se\/?s={search_term_string}"},"query-input":{"@type":"PropertyValueSpecification","valueRequired":true,"valueName":"search_term_string"}}],"inLanguage":"en-GB"},{"@type":"Organization","@id":"https:\/\/www.alflow.se\/#organization","name":"Alflow","url":"https:\/\/www.alflow.se\/","logo":{"@type":"ImageObject","inLanguage":"en-GB","@id":"https:\/\/www.alflow.se\/#\/schema\/logo\/image\/","url":"https:\/\/www.alflow.dk\/wp-content\/uploads\/2025\/07\/alflow_pos_pms_web.png","contentUrl":"https:\/\/www.alflow.dk\/wp-content\/uploads\/2025\/07\/alflow_pos_pms_web.png","width":250,"height":42,"caption":"Alflow"},"image":{"@id":"https:\/\/www.alflow.se\/#\/schema\/logo\/image\/"}}]}},"_links":{"self":[{"href":"https:\/\/www.alflow.dk\/en\/wp-json\/wp\/v2\/pages\/14692","targetHints":{"allow":["GET"]}}],"collection":[{"href":"https:\/\/www.alflow.dk\/en\/wp-json\/wp\/v2\/pages"}],"about":[{"href":"https:\/\/www.alflow.dk\/en\/wp-json\/wp\/v2\/types\/page"}],"author":[{"embeddable":true,"href":"https:\/\/www.alflow.dk\/en\/wp-json\/wp\/v2\/users\/3"}],"replies":[{"embeddable":true,"href":"https:\/\/www.alflow.dk\/en\/wp-json\/wp\/v2\/comments?post=14692"}],"version-history":[{"count":21,"href":"https:\/\/www.alflow.dk\/en\/wp-json\/wp\/v2\/pages\/14692\/revisions"}],"predecessor-version":[{"id":14738,"href":"https:\/\/www.alflow.dk\/en\/wp-json\/wp\/v2\/pages\/14692\/revisions\/14738"}],"wp:attachment":[{"href":"https:\/\/www.alflow.dk\/en\/wp-json\/wp\/v2\/media?parent=14692"}],"curies":[{"name":"wp","href":"https:\/\/api.w.org\/{rel}","templated":true}]}}