{"id":13628,"date":"2025-09-03T18:02:11","date_gmt":"2025-09-03T18:02:11","guid":{"rendered":"https:\/\/staging.alflow.dk\/?page_id=13628"},"modified":"2025-09-04T17:28:48","modified_gmt":"2025-09-04T17:28:48","slug":"occupational-health-and-safety","status":"publish","type":"page","link":"https:\/\/www.alflow.dk\/en\/arbejdsmiljoe-og-sikkerhed\/","title":{"rendered":"Occupational health and safety"},"content":{"rendered":"<div id=\"pl-13628\"  class=\"panel-layout\" ><div id=\"pg-13628-0\"  class=\"panel-grid panel-no-style\" ><div id=\"pgc-13628-0-0\"  class=\"panel-grid-cell\" ><div id=\"panel-13628-0-0-0\" class=\"so-panel widget widget_mtt-text-image panel-first-child panel-last-child\" data-index=\"0\" ><div\n\t\t\t\n\t\t\tclass=\"so-widget-mtt-text-image so-widget-mtt-text-image-base\"\n\t\t\t\n\t\t>\n<div class=\"mtt-text-image margin-top-80 margin-classes-added\" >\n    <div class=\"page_container\">\n        <div class=\"mtt-text-image__wrapper add-bg\">\n            <div class=\"wrapper\">\n                <div class=\"text-inner\">\n                                                                \n                                                                        <h2>\n                                Safety is more than the absence of accidents                            <\/h2>                        \n                                            \n                                                                        <div class=\"text\">\n                                <p>Safety remains an absolute priority.<br \/>\nAll employees are trained in our emergency response<br \/>\nplan, which is also available on our internal<br \/>\nsystem Q-flow so they know the procedures in the<br \/>\ntrap of an emergency situation.<br \/>\nBy prioritising well-being, development and safety<br \/>\nwe create a working environment that not only benefits<br \/>\nthe individual employee, but also strengthens the organisation<br \/>\nas a whole.<\/p>\n                            <\/div>\n                                            \n                                                                \n                <\/div>\n            <\/div>\n\n                            <div class=\"wrapper\">\n                    <div class=\"object-fit\">\n                                                    <img decoding=\"async\" src=\"https:\/\/www.alflow.dk\/wp-content\/uploads\/2025\/09\/05_Lager-scaled.jpg\" alt=\"05_Storage\">\n                                            <\/div>\n                <\/div>\n                    <\/div>\n    <\/div>\n<\/div><\/div><\/div><\/div><\/div><div id=\"pg-13628-1\"  class=\"panel-grid panel-no-style\" ><div id=\"pgc-13628-1-0\"  class=\"panel-grid-cell\" ><div id=\"panel-13628-1-0-0\" class=\"so-panel widget widget_mtt-text-image panel-first-child panel-last-child\" data-index=\"1\" ><div\n\t\t\t\n\t\t\tclass=\"so-widget-mtt-text-image so-widget-mtt-text-image-base\"\n\t\t\t\n\t\t>\n<div class=\"mtt-text-image margin-top-60 margin-bottom-60 margin-classes-added\" >\n    <div class=\"page_container\">\n        <div class=\"mtt-text-image__wrapper add-bg flip\">\n            <div class=\"wrapper\">\n                <div class=\"text-inner\">\n                                                                \n                                                                        <h2>\n                                A safe and stimulating work environment                            <\/h2>                        \n                                            \n                                                                        <div class=\"text\">\n                                <p class=\"p1\">In order to make our employee wellbeing goals<br \/>\nbar, weekly measurements are carried out via<br \/>\nWinningTemp, where four questions each week give<br \/>\ninsights into overall wellbeing. This continuous up-<br \/>\ntracking makes it possible to quickly identify and<br \/>\ndeal with any challenges so that we can determine<br \/>\nMaintain a positive and supportive work environment.<\/p>\n<p>&nbsp;<\/p>\n<p class=\"p1\">Development is a natural part of our work culture.<br \/>\nand continuous learning are essential in a learning organisation.<br \/>\nThe industry is constantly changing. In order to retain and<br \/>\nstrengthen our colleagues' competences, they are offered<br \/>\ncourses, further training and regular 1-1 meetings<br \/>\nconversations where both personal and professional development<br \/>\nis in focus. We are proud to have colleagues who<br \/>\nwant to evolve and that in 2024, we will work together to<br \/>\neasily had 900.5 hours of competence development on<br \/>\nacross the entire Alflow.<\/p>\n                            <\/div>\n                                            \n                                                                \n                <\/div>\n            <\/div>\n\n                            <div class=\"wrapper\">\n                    <div class=\"object-fit\">\n                                                    <img decoding=\"async\" src=\"https:\/\/www.alflow.dk\/wp-content\/uploads\/2025\/09\/iStock-1129255628-copy.jpg\" alt=\"iStock-1129255628-copy\">\n                                            <\/div>\n                <\/div>\n                    <\/div>\n    <\/div>\n<\/div><\/div><\/div><\/div><\/div><\/div>","protected":false},"excerpt":{"rendered":"<p>Sikkerhed er mere end frav\u00e6ret af ulykker Sikkerhed er og bliver en ufravigelig prioritet. Alle medarbejdere tr\u00e6nes i vores beredskabs- plan, der ogs\u00e5 ligger tilg\u00e6ngelig p\u00e5 vores interne system Q-flow, s\u00e5 de kender procedurerne i til- f\u00e6lde af en n\u00f8dsituation. Ved at prioritere trivsel, udvikling og sikkerhed skaber vi et arbejdsmilj\u00f8, der ikke blot gavner [&hellip;]<\/p>\n","protected":false},"author":15,"featured_media":0,"parent":0,"menu_order":0,"comment_status":"closed","ping_status":"closed","template":"","meta":{"_acf_changed":false,"inline_featured_image":false,"footnotes":""},"class_list":["post-13628","page","type-page","status-publish","hentry"],"acf":[],"yoast_head":"<!-- This site is optimized with the Yoast SEO plugin v27.4 - https:\/\/yoast.com\/product\/yoast-seo-wordpress\/ -->\n<title>Arbejdsmilj\u00f8 og sikkerhed - Alflow<\/title>\n<meta name=\"robots\" content=\"index, follow, max-snippet:-1, max-image-preview:large, max-video-preview:-1\" \/>\n<link rel=\"canonical\" href=\"https:\/\/www.alflow.dk\/en\/occupational-health-and-safety\/\" \/>\n<meta property=\"og:locale\" content=\"en_GB\" \/>\n<meta property=\"og:type\" content=\"article\" \/>\n<meta property=\"og:title\" content=\"Arbejdsmilj\u00f8 og sikkerhed - Alflow\" \/>\n<meta property=\"og:description\" content=\"Sikkerhed er mere end frav\u00e6ret af ulykker Sikkerhed er og bliver en ufravigelig prioritet. Alle medarbejdere tr\u00e6nes i vores beredskabs- plan, der ogs\u00e5 ligger tilg\u00e6ngelig p\u00e5 vores interne system Q-flow, s\u00e5 de kender procedurerne i til- f\u00e6lde af en n\u00f8dsituation. Ved at prioritere trivsel, udvikling og sikkerhed skaber vi et arbejdsmilj\u00f8, der ikke blot gavner [&hellip;]\" \/>\n<meta property=\"og:url\" content=\"https:\/\/www.alflow.dk\/en\/occupational-health-and-safety\/\" \/>\n<meta property=\"og:site_name\" content=\"Alflow\" \/>\n<meta property=\"article:modified_time\" content=\"2025-09-04T17:28:48+00:00\" \/>\n<meta name=\"twitter:card\" content=\"summary_large_image\" \/>\n<meta name=\"twitter:label1\" content=\"Estimated reading time\" \/>\n\t<meta name=\"twitter:data1\" content=\"2 minutes\" \/>\n<script type=\"application\/ld+json\" class=\"yoast-schema-graph\">{\"@context\":\"https:\\\/\\\/schema.org\",\"@graph\":[{\"@type\":\"WebPage\",\"@id\":\"https:\\\/\\\/www.alflow.dk\\\/en\\\/occupational-health-and-safety\\\/\",\"url\":\"https:\\\/\\\/www.alflow.dk\\\/en\\\/occupational-health-and-safety\\\/\",\"name\":\"Arbejdsmilj\u00f8 og sikkerhed - Alflow\",\"isPartOf\":{\"@id\":\"https:\\\/\\\/www.alflow.se\\\/#website\"},\"datePublished\":\"2025-09-03T18:02:11+00:00\",\"dateModified\":\"2025-09-04T17:28:48+00:00\",\"breadcrumb\":{\"@id\":\"https:\\\/\\\/www.alflow.dk\\\/en\\\/occupational-health-and-safety\\\/#breadcrumb\"},\"inLanguage\":\"en-GB\",\"potentialAction\":[{\"@type\":\"ReadAction\",\"target\":[\"https:\\\/\\\/www.alflow.dk\\\/en\\\/occupational-health-and-safety\\\/\"]}]},{\"@type\":\"BreadcrumbList\",\"@id\":\"https:\\\/\\\/www.alflow.dk\\\/en\\\/occupational-health-and-safety\\\/#breadcrumb\",\"itemListElement\":[{\"@type\":\"ListItem\",\"position\":1,\"name\":\"Home \\\/\",\"item\":\"https:\\\/\\\/www.alflow.dk\\\/\"},{\"@type\":\"ListItem\",\"position\":2,\"name\":\"Arbejdsmilj\u00f8 og sikkerhed\"}]},{\"@type\":\"WebSite\",\"@id\":\"https:\\\/\\\/www.alflow.se\\\/#website\",\"url\":\"https:\\\/\\\/www.alflow.se\\\/\",\"name\":\"Alflow\",\"description\":\"Flow der g\u00f8r en forskel\",\"publisher\":{\"@id\":\"https:\\\/\\\/www.alflow.se\\\/#organization\"},\"potentialAction\":[{\"@type\":\"SearchAction\",\"target\":{\"@type\":\"EntryPoint\",\"urlTemplate\":\"https:\\\/\\\/www.alflow.se\\\/?s={search_term_string}\"},\"query-input\":{\"@type\":\"PropertyValueSpecification\",\"valueRequired\":true,\"valueName\":\"search_term_string\"}}],\"inLanguage\":\"en-GB\"},{\"@type\":\"Organization\",\"@id\":\"https:\\\/\\\/www.alflow.se\\\/#organization\",\"name\":\"Alflow\",\"url\":\"https:\\\/\\\/www.alflow.se\\\/\",\"logo\":{\"@type\":\"ImageObject\",\"inLanguage\":\"en-GB\",\"@id\":\"https:\\\/\\\/www.alflow.se\\\/#\\\/schema\\\/logo\\\/image\\\/\",\"url\":\"https:\\\/\\\/www.alflow.dk\\\/wp-content\\\/uploads\\\/2025\\\/07\\\/alflow_pos_pms_web.png\",\"contentUrl\":\"https:\\\/\\\/www.alflow.dk\\\/wp-content\\\/uploads\\\/2025\\\/07\\\/alflow_pos_pms_web.png\",\"width\":250,\"height\":42,\"caption\":\"Alflow\"},\"image\":{\"@id\":\"https:\\\/\\\/www.alflow.se\\\/#\\\/schema\\\/logo\\\/image\\\/\"}}]}<\/script>\n<!-- \/ Yoast SEO plugin. -->","yoast_head_json":{"title":"Occupational health and safety - Alflow","robots":{"index":"index","follow":"follow","max-snippet":"max-snippet:-1","max-image-preview":"max-image-preview:large","max-video-preview":"max-video-preview:-1"},"canonical":"https:\/\/www.alflow.dk\/en\/occupational-health-and-safety\/","og_locale":"en_GB","og_type":"article","og_title":"Arbejdsmilj\u00f8 og sikkerhed - Alflow","og_description":"Sikkerhed er mere end frav\u00e6ret af ulykker Sikkerhed er og bliver en ufravigelig prioritet. Alle medarbejdere tr\u00e6nes i vores beredskabs- plan, der ogs\u00e5 ligger tilg\u00e6ngelig p\u00e5 vores interne system Q-flow, s\u00e5 de kender procedurerne i til- f\u00e6lde af en n\u00f8dsituation. Ved at prioritere trivsel, udvikling og sikkerhed skaber vi et arbejdsmilj\u00f8, der ikke blot gavner [&hellip;]","og_url":"https:\/\/www.alflow.dk\/en\/occupational-health-and-safety\/","og_site_name":"Alflow","article_modified_time":"2025-09-04T17:28:48+00:00","twitter_card":"summary_large_image","twitter_misc":{"Estimated reading time":"2 minutes"},"schema":{"@context":"https:\/\/schema.org","@graph":[{"@type":"WebPage","@id":"https:\/\/www.alflow.dk\/en\/occupational-health-and-safety\/","url":"https:\/\/www.alflow.dk\/en\/occupational-health-and-safety\/","name":"Occupational health and safety - Alflow","isPartOf":{"@id":"https:\/\/www.alflow.se\/#website"},"datePublished":"2025-09-03T18:02:11+00:00","dateModified":"2025-09-04T17:28:48+00:00","breadcrumb":{"@id":"https:\/\/www.alflow.dk\/en\/occupational-health-and-safety\/#breadcrumb"},"inLanguage":"en-GB","potentialAction":[{"@type":"ReadAction","target":["https:\/\/www.alflow.dk\/en\/occupational-health-and-safety\/"]}]},{"@type":"BreadcrumbList","@id":"https:\/\/www.alflow.dk\/en\/occupational-health-and-safety\/#breadcrumb","itemListElement":[{"@type":"ListItem","position":1,"name":"Home \/","item":"https:\/\/www.alflow.dk\/"},{"@type":"ListItem","position":2,"name":"Arbejdsmilj\u00f8 og sikkerhed"}]},{"@type":"WebSite","@id":"https:\/\/www.alflow.se\/#website","url":"https:\/\/www.alflow.se\/","name":"Alflow","description":"Flow that makes a difference","publisher":{"@id":"https:\/\/www.alflow.se\/#organization"},"potentialAction":[{"@type":"SearchAction","target":{"@type":"EntryPoint","urlTemplate":"https:\/\/www.alflow.se\/?s={search_term_string}"},"query-input":{"@type":"PropertyValueSpecification","valueRequired":true,"valueName":"search_term_string"}}],"inLanguage":"en-GB"},{"@type":"Organization","@id":"https:\/\/www.alflow.se\/#organization","name":"Alflow","url":"https:\/\/www.alflow.se\/","logo":{"@type":"ImageObject","inLanguage":"en-GB","@id":"https:\/\/www.alflow.se\/#\/schema\/logo\/image\/","url":"https:\/\/www.alflow.dk\/wp-content\/uploads\/2025\/07\/alflow_pos_pms_web.png","contentUrl":"https:\/\/www.alflow.dk\/wp-content\/uploads\/2025\/07\/alflow_pos_pms_web.png","width":250,"height":42,"caption":"Alflow"},"image":{"@id":"https:\/\/www.alflow.se\/#\/schema\/logo\/image\/"}}]}},"_links":{"self":[{"href":"https:\/\/www.alflow.dk\/en\/wp-json\/wp\/v2\/pages\/13628","targetHints":{"allow":["GET"]}}],"collection":[{"href":"https:\/\/www.alflow.dk\/en\/wp-json\/wp\/v2\/pages"}],"about":[{"href":"https:\/\/www.alflow.dk\/en\/wp-json\/wp\/v2\/types\/page"}],"author":[{"embeddable":true,"href":"https:\/\/www.alflow.dk\/en\/wp-json\/wp\/v2\/users\/15"}],"replies":[{"embeddable":true,"href":"https:\/\/www.alflow.dk\/en\/wp-json\/wp\/v2\/comments?post=13628"}],"version-history":[{"count":11,"href":"https:\/\/www.alflow.dk\/en\/wp-json\/wp\/v2\/pages\/13628\/revisions"}],"predecessor-version":[{"id":13832,"href":"https:\/\/www.alflow.dk\/en\/wp-json\/wp\/v2\/pages\/13628\/revisions\/13832"}],"wp:attachment":[{"href":"https:\/\/www.alflow.dk\/en\/wp-json\/wp\/v2\/media?parent=13628"}],"curies":[{"name":"wp","href":"https:\/\/api.w.org\/{rel}","templated":true}]}}