{"id":13490,"date":"2025-09-02T09:32:52","date_gmt":"2025-09-02T09:32:52","guid":{"rendered":"https:\/\/staging.alflow.dk\/?page_id=13490"},"modified":"2026-04-24T11:31:50","modified_gmt":"2026-04-24T11:31:50","slug":"certifications","status":"publish","type":"page","link":"https:\/\/www.alflow.dk\/en\/certificeringer\/","title":{"rendered":"Certifications"},"content":{"rendered":"<div id=\"pl-13490\"  class=\"panel-layout\" ><div id=\"pg-13490-0\"  class=\"panel-grid panel-no-style\" ><div id=\"pgc-13490-0-0\"  class=\"panel-grid-cell\" ><div id=\"panel-13490-0-0-0\" class=\"so-panel widget widget_mtt-text-image panel-first-child panel-last-child\" data-index=\"0\" ><div\n\t\t\t\n\t\t\tclass=\"so-widget-mtt-text-image so-widget-mtt-text-image-base\"\n\t\t\t\n\t\t>\n<div class=\"mtt-text-image margin-top-80 margin-classes-added\" >\n    <div class=\"page_container\">\n        <div class=\"mtt-text-image__wrapper add-bg\">\n            <div class=\"wrapper\">\n                <div class=\"text-inner\">\n                                                                        <div class=\"label\">\n                                ISO14001                            <\/div>\n                                            \n                                                                        <h2>\n                                Certified sustainability                             <\/h2>                        \n                                            \n                                                                        <div class=\"text\">\n                                <p>ISO 14001 is an internationally recognised standard for environmental management. The certification documents that we as a company work systematically to reduce our environmental impact, comply with legislation and continuously improve our environmental performance.<\/p>\n<p>&nbsp;<\/p>\n<p>The ISO 14001 certification is your guarantee that we take the environment and sustainability seriously. When you choose us as your partner, you choose a company that works systematically to reduce its environmental impact and create a greener value chain. This means that you can be stronger in your own sustainability goals - while we deliver products and solutions with responsibility in focus.<\/p>\n<p>&nbsp;<\/p>\n<p><a href=\"https:\/\/www.alflow.dk\/wp-content\/uploads\/2026\/02\/25ISO0448_ISO14001.pdf\" target=\"_blank\" rel=\"noopener\">See the certificate here<\/a><\/p>\n                            <\/div>\n                                            \n                                                                \n                <\/div>\n            <\/div>\n\n                            <div class=\"wrapper\">\n                    <div class=\"object-fit\">\n                                                    <img decoding=\"async\" src=\"https:\/\/www.alflow.dk\/wp-content\/uploads\/2026\/02\/ISO14001.png\" alt=\"ISO14001\">\n                                            <\/div>\n                <\/div>\n                    <\/div>\n    <\/div>\n<\/div><\/div><\/div><\/div><\/div><div id=\"pg-13490-1\"  class=\"panel-grid panel-no-style\" ><div id=\"pgc-13490-1-0\"  class=\"panel-grid-cell\" ><div id=\"panel-13490-1-0-0\" class=\"so-panel widget widget_mtt-text-image panel-first-child panel-last-child\" data-index=\"1\" ><div\n\t\t\t\n\t\t\tclass=\"so-widget-mtt-text-image so-widget-mtt-text-image-base\"\n\t\t\t\n\t\t>\n<div class=\"mtt-text-image margin-top-80 margin-classes-added\" >\n    <div class=\"page_container\">\n        <div class=\"mtt-text-image__wrapper add-bg flip\">\n            <div class=\"wrapper\">\n                <div class=\"text-inner\">\n                                                                        <div class=\"label\">\n                                EcoVadis                             <\/div>\n                                            \n                                                                        <h2>\n                                Certified accountability                             <\/h2>                        \n                                            \n                                                                        <div class=\"text\">\n                                <p data-start=\"761\" data-end=\"1127\">EcoVadis is a global platform that assesses companies' efforts in the areas of environment, labour and human rights, ethics and responsible procurement processes. This certification is proof that we take sustainability and responsible business practices seriously and work with them in a structured way in practice.<\/p>\n<p>&nbsp;<\/p>\n<p>&nbsp;<\/p>\n                            <\/div>\n                                            \n                                                                \n                <\/div>\n            <\/div>\n\n                            <div class=\"wrapper\">\n                    <div class=\"object-fit\">\n                                                    <img decoding=\"async\" src=\"https:\/\/www.alflow.dk\/wp-content\/uploads\/2025\/09\/1-7.png\" alt=\"1\">\n                                            <\/div>\n                <\/div>\n                    <\/div>\n    <\/div>\n<\/div><\/div><\/div><\/div><\/div><div id=\"pg-13490-2\"  class=\"panel-grid panel-no-style\" ><div id=\"pgc-13490-2-0\"  class=\"panel-grid-cell\" ><div id=\"panel-13490-2-0-0\" class=\"so-panel widget widget_mtt-text-image panel-first-child panel-last-child\" data-index=\"2\" ><div\n\t\t\t\n\t\t\tclass=\"so-widget-mtt-text-image so-widget-mtt-text-image-base\"\n\t\t\t\n\t\t>\n<div class=\"mtt-text-image margin-top-80 margin-classes-added\" >\n    <div class=\"page_container\">\n        <div class=\"mtt-text-image__wrapper add-bg\">\n            <div class=\"wrapper\">\n                <div class=\"text-inner\">\n                                                                        <div class=\"label\">\n                                Climate proof                            <\/div>\n                                            \n                                                                        <h2>\n                                Wind energy &amp; climate action                            <\/h2>                        \n                                            \n                                                                        <div class=\"text\">\n                                <p>We have converted our entire electricity consumption to renewable energy produced by Danish wind power. The certificate is valid for the period 2024-2026 and means that we run our business with 100 % renewable energy.<br data-start=\"655\" data-end=\"658\" \/>In addition, we invest in further climate actions around the world that reduce global CO\u2082 emissions even further. In this way, we contribute twice: both through our green energy choices and through projects that support sustainable development globally.<\/p>\n<p>&nbsp;<\/p>\n<p><a href=\"https:\/\/www.alflow.dk\/wp-content\/uploads\/2025\/09\/Diplom_KLIMAtiltag_500018846_2026.pdf\" target=\"_blank\" rel=\"noopener\">See the certificate here <\/a><\/p>\n                            <\/div>\n                                            \n                                                                \n                <\/div>\n            <\/div>\n\n                            <div class=\"wrapper\">\n                    <div class=\"object-fit\">\n                                                    <img decoding=\"async\" src=\"https:\/\/www.alflow.dk\/wp-content\/uploads\/2025\/09\/iStock-1497007827.jpg\" alt=\"Agricultural field with wind turbine\">\n                                            <\/div>\n                <\/div>\n                    <\/div>\n    <\/div>\n<\/div><\/div><\/div><\/div><\/div><div id=\"pg-13490-3\"  class=\"panel-grid panel-no-style\" ><div id=\"pgc-13490-3-0\"  class=\"panel-grid-cell\" ><div id=\"panel-13490-3-0-0\" class=\"so-panel widget widget_mtt-text-image panel-first-child panel-last-child\" data-index=\"3\" ><div\n\t\t\t\n\t\t\tclass=\"so-widget-mtt-text-image so-widget-mtt-text-image-base\"\n\t\t\t\n\t\t>\n<div class=\"mtt-text-image margin-top-80 margin-bottom-80 margin-classes-added\" >\n    <div class=\"page_container\">\n        <div class=\"mtt-text-image__wrapper add-bg flip\">\n            <div class=\"wrapper\">\n                <div class=\"text-inner\">\n                                                                        <div class=\"label\">\n                                Climate proof                            <\/div>\n                                            \n                                                                        <h2>\n                                CLIMATE forest                            <\/h2>                        \n                                            \n                                                                        <div class=\"text\">\n                                <p>As part of our sustainability efforts, we are also contributing to the establishment of a CLIMATE forest in Denmark. In 2025, 150 trees will be planted, which in their lifetime will absorb around 38 tonnes of CO\u2082.<br data-start=\"1181\" data-end=\"1184\" \/>This initiative is helping to create new, healthy forests in Denmark that both strengthen biodiversity and contribute to a greener future.<\/p>\n<p>&nbsp;<\/p>\n<p><a href=\"https:\/\/www.alflow.dk\/wp-content\/uploads\/2025\/09\/Diplom_KLIMAskov_500018846_2025.pdf\" target=\"_blank\" rel=\"noopener\">See the certificate here<\/a><\/p>\n<p>&nbsp;<\/p>\n                            <\/div>\n                                            \n                                                                \n                <\/div>\n            <\/div>\n\n                            <div class=\"wrapper\">\n                    <div class=\"object-fit\">\n                                                    <img decoding=\"async\" src=\"https:\/\/www.alflow.dk\/wp-content\/uploads\/2025\/09\/klimaskov2.jpg\" alt=\"klimaskov2\">\n                                            <\/div>\n                <\/div>\n                    <\/div>\n    <\/div>\n<\/div><\/div><\/div><\/div><\/div><\/div>","protected":false},"excerpt":{"rendered":"<p>ISO14001 Certificeret b\u00e6redygtighed ISO 14001 er en internationalt anerkendt standard for milj\u00f8ledelse. Certificeringen dokumenterer, at vi som virksomhed arbejder systematisk med at reducere vores milj\u00f8p\u00e5virkning, overholde lovgivningen og l\u00f8bende forbedre vores milj\u00f8pr\u00e6stationer. &nbsp; ISO 14001-certificeringen er din garanti for, at vi tager milj\u00f8 og b\u00e6redygtighed alvorligt. N\u00e5r du v\u00e6lger os som samarbejdspartner, v\u00e6lger du en [&hellip;]<\/p>\n","protected":false},"author":15,"featured_media":0,"parent":0,"menu_order":0,"comment_status":"closed","ping_status":"closed","template":"","meta":{"_acf_changed":false,"inline_featured_image":false,"footnotes":""},"class_list":["post-13490","page","type-page","status-publish","hentry"],"acf":[],"yoast_head":"<!-- This site is optimized with the Yoast SEO plugin v27.4 - https:\/\/yoast.com\/product\/yoast-seo-wordpress\/ -->\n<title>Certificeringer - Alflow<\/title>\n<meta name=\"robots\" content=\"index, follow, max-snippet:-1, max-image-preview:large, max-video-preview:-1\" \/>\n<link rel=\"canonical\" href=\"https:\/\/www.alflow.dk\/en\/certifications\/\" \/>\n<meta property=\"og:locale\" content=\"en_GB\" \/>\n<meta property=\"og:type\" content=\"article\" \/>\n<meta property=\"og:title\" content=\"Certificeringer - Alflow\" \/>\n<meta property=\"og:description\" content=\"ISO14001 Certificeret b\u00e6redygtighed ISO 14001 er en internationalt anerkendt standard for milj\u00f8ledelse. Certificeringen dokumenterer, at vi som virksomhed arbejder systematisk med at reducere vores milj\u00f8p\u00e5virkning, overholde lovgivningen og l\u00f8bende forbedre vores milj\u00f8pr\u00e6stationer. &nbsp; ISO 14001-certificeringen er din garanti for, at vi tager milj\u00f8 og b\u00e6redygtighed alvorligt. N\u00e5r du v\u00e6lger os som samarbejdspartner, v\u00e6lger du en [&hellip;]\" \/>\n<meta property=\"og:url\" content=\"https:\/\/www.alflow.dk\/en\/certifications\/\" \/>\n<meta property=\"og:site_name\" content=\"Alflow\" \/>\n<meta property=\"article:modified_time\" content=\"2026-04-24T11:31:50+00:00\" \/>\n<meta name=\"twitter:card\" content=\"summary_large_image\" \/>\n<meta name=\"twitter:label1\" content=\"Estimated reading time\" \/>\n\t<meta name=\"twitter:data1\" content=\"2 minutes\" \/>\n<script type=\"application\/ld+json\" class=\"yoast-schema-graph\">{\"@context\":\"https:\\\/\\\/schema.org\",\"@graph\":[{\"@type\":\"WebPage\",\"@id\":\"https:\\\/\\\/www.alflow.dk\\\/certificeringer\\\/\",\"url\":\"https:\\\/\\\/www.alflow.dk\\\/certificeringer\\\/\",\"name\":\"Certificeringer - Alflow\",\"isPartOf\":{\"@id\":\"https:\\\/\\\/www.alflow.se\\\/#website\"},\"datePublished\":\"2025-09-02T09:32:52+00:00\",\"dateModified\":\"2026-04-24T11:31:50+00:00\",\"breadcrumb\":{\"@id\":\"https:\\\/\\\/www.alflow.dk\\\/certificeringer\\\/#breadcrumb\"},\"inLanguage\":\"en-GB\",\"potentialAction\":[{\"@type\":\"ReadAction\",\"target\":[\"https:\\\/\\\/www.alflow.dk\\\/certificeringer\\\/\"]}]},{\"@type\":\"BreadcrumbList\",\"@id\":\"https:\\\/\\\/www.alflow.dk\\\/certificeringer\\\/#breadcrumb\",\"itemListElement\":[{\"@type\":\"ListItem\",\"position\":1,\"name\":\"Home \\\/\",\"item\":\"https:\\\/\\\/www.alflow.dk\\\/\"},{\"@type\":\"ListItem\",\"position\":2,\"name\":\"Certificeringer\"}]},{\"@type\":\"WebSite\",\"@id\":\"https:\\\/\\\/www.alflow.se\\\/#website\",\"url\":\"https:\\\/\\\/www.alflow.se\\\/\",\"name\":\"Alflow\",\"description\":\"Flow der g\u00f8r en forskel\",\"publisher\":{\"@id\":\"https:\\\/\\\/www.alflow.se\\\/#organization\"},\"potentialAction\":[{\"@type\":\"SearchAction\",\"target\":{\"@type\":\"EntryPoint\",\"urlTemplate\":\"https:\\\/\\\/www.alflow.se\\\/?s={search_term_string}\"},\"query-input\":{\"@type\":\"PropertyValueSpecification\",\"valueRequired\":true,\"valueName\":\"search_term_string\"}}],\"inLanguage\":\"en-GB\"},{\"@type\":\"Organization\",\"@id\":\"https:\\\/\\\/www.alflow.se\\\/#organization\",\"name\":\"Alflow\",\"url\":\"https:\\\/\\\/www.alflow.se\\\/\",\"logo\":{\"@type\":\"ImageObject\",\"inLanguage\":\"en-GB\",\"@id\":\"https:\\\/\\\/www.alflow.se\\\/#\\\/schema\\\/logo\\\/image\\\/\",\"url\":\"https:\\\/\\\/www.alflow.dk\\\/wp-content\\\/uploads\\\/2025\\\/07\\\/alflow_pos_pms_web.png\",\"contentUrl\":\"https:\\\/\\\/www.alflow.dk\\\/wp-content\\\/uploads\\\/2025\\\/07\\\/alflow_pos_pms_web.png\",\"width\":250,\"height\":42,\"caption\":\"Alflow\"},\"image\":{\"@id\":\"https:\\\/\\\/www.alflow.se\\\/#\\\/schema\\\/logo\\\/image\\\/\"}}]}<\/script>\n<!-- \/ Yoast SEO plugin. -->","yoast_head_json":{"title":"Certifications - Alflow","robots":{"index":"index","follow":"follow","max-snippet":"max-snippet:-1","max-image-preview":"max-image-preview:large","max-video-preview":"max-video-preview:-1"},"canonical":"https:\/\/www.alflow.dk\/en\/certifications\/","og_locale":"en_GB","og_type":"article","og_title":"Certificeringer - Alflow","og_description":"ISO14001 Certificeret b\u00e6redygtighed ISO 14001 er en internationalt anerkendt standard for milj\u00f8ledelse. Certificeringen dokumenterer, at vi som virksomhed arbejder systematisk med at reducere vores milj\u00f8p\u00e5virkning, overholde lovgivningen og l\u00f8bende forbedre vores milj\u00f8pr\u00e6stationer. &nbsp; ISO 14001-certificeringen er din garanti for, at vi tager milj\u00f8 og b\u00e6redygtighed alvorligt. N\u00e5r du v\u00e6lger os som samarbejdspartner, v\u00e6lger du en [&hellip;]","og_url":"https:\/\/www.alflow.dk\/en\/certifications\/","og_site_name":"Alflow","article_modified_time":"2026-04-24T11:31:50+00:00","twitter_card":"summary_large_image","twitter_misc":{"Estimated reading time":"2 minutes"},"schema":{"@context":"https:\/\/schema.org","@graph":[{"@type":"WebPage","@id":"https:\/\/www.alflow.dk\/certificeringer\/","url":"https:\/\/www.alflow.dk\/certificeringer\/","name":"Certifications - Alflow","isPartOf":{"@id":"https:\/\/www.alflow.se\/#website"},"datePublished":"2025-09-02T09:32:52+00:00","dateModified":"2026-04-24T11:31:50+00:00","breadcrumb":{"@id":"https:\/\/www.alflow.dk\/certificeringer\/#breadcrumb"},"inLanguage":"en-GB","potentialAction":[{"@type":"ReadAction","target":["https:\/\/www.alflow.dk\/certificeringer\/"]}]},{"@type":"BreadcrumbList","@id":"https:\/\/www.alflow.dk\/certificeringer\/#breadcrumb","itemListElement":[{"@type":"ListItem","position":1,"name":"Home \/","item":"https:\/\/www.alflow.dk\/"},{"@type":"ListItem","position":2,"name":"Certificeringer"}]},{"@type":"WebSite","@id":"https:\/\/www.alflow.se\/#website","url":"https:\/\/www.alflow.se\/","name":"Alflow","description":"Flow that makes a difference","publisher":{"@id":"https:\/\/www.alflow.se\/#organization"},"potentialAction":[{"@type":"SearchAction","target":{"@type":"EntryPoint","urlTemplate":"https:\/\/www.alflow.se\/?s={search_term_string}"},"query-input":{"@type":"PropertyValueSpecification","valueRequired":true,"valueName":"search_term_string"}}],"inLanguage":"en-GB"},{"@type":"Organization","@id":"https:\/\/www.alflow.se\/#organization","name":"Alflow","url":"https:\/\/www.alflow.se\/","logo":{"@type":"ImageObject","inLanguage":"en-GB","@id":"https:\/\/www.alflow.se\/#\/schema\/logo\/image\/","url":"https:\/\/www.alflow.dk\/wp-content\/uploads\/2025\/07\/alflow_pos_pms_web.png","contentUrl":"https:\/\/www.alflow.dk\/wp-content\/uploads\/2025\/07\/alflow_pos_pms_web.png","width":250,"height":42,"caption":"Alflow"},"image":{"@id":"https:\/\/www.alflow.se\/#\/schema\/logo\/image\/"}}]}},"_links":{"self":[{"href":"https:\/\/www.alflow.dk\/en\/wp-json\/wp\/v2\/pages\/13490","targetHints":{"allow":["GET"]}}],"collection":[{"href":"https:\/\/www.alflow.dk\/en\/wp-json\/wp\/v2\/pages"}],"about":[{"href":"https:\/\/www.alflow.dk\/en\/wp-json\/wp\/v2\/types\/page"}],"author":[{"embeddable":true,"href":"https:\/\/www.alflow.dk\/en\/wp-json\/wp\/v2\/users\/15"}],"replies":[{"embeddable":true,"href":"https:\/\/www.alflow.dk\/en\/wp-json\/wp\/v2\/comments?post=13490"}],"version-history":[{"count":15,"href":"https:\/\/www.alflow.dk\/en\/wp-json\/wp\/v2\/pages\/13490\/revisions"}],"predecessor-version":[{"id":15394,"href":"https:\/\/www.alflow.dk\/en\/wp-json\/wp\/v2\/pages\/13490\/revisions\/15394"}],"wp:attachment":[{"href":"https:\/\/www.alflow.dk\/en\/wp-json\/wp\/v2\/media?parent=13490"}],"curies":[{"name":"wp","href":"https:\/\/api.w.org\/{rel}","templated":true}]}}