{"id":13398,"date":"2025-09-02T06:25:35","date_gmt":"2025-09-02T06:25:35","guid":{"rendered":"https:\/\/staging.alflow.dk\/?page_id=13398"},"modified":"2026-03-04T14:48:00","modified_gmt":"2026-03-04T14:48:00","slug":"as-transport-and-logistics-become-greener","status":"publish","type":"page","link":"https:\/\/www.alflow.dk\/en\/naar-transport-og-logistik-bliver-groennere\/","title":{"rendered":"When transport and logistics become greener"},"content":{"rendered":"<div id=\"pl-13398\"  class=\"panel-layout\" ><div id=\"pg-13398-0\"  class=\"panel-grid panel-no-style\" ><div id=\"pgc-13398-0-0\"  class=\"panel-grid-cell\" ><div id=\"panel-13398-0-0-0\" class=\"so-panel widget widget_mtt-text-image panel-first-child panel-last-child\" data-index=\"0\" ><div\n\t\t\t\n\t\t\tclass=\"so-widget-mtt-text-image so-widget-mtt-text-image-base\"\n\t\t\t\n\t\t>\n<div class=\"mtt-text-image\" >\n    <div class=\"page_container\">\n        <div class=\"mtt-text-image__wrapper add-bg\">\n            <div class=\"wrapper\">\n                <div class=\"text-inner\">\n                                                                \n                                                                        <h2>\n                                Transport and logistics                            <\/h2>                        \n                                            \n                                                                        <div class=\"text\">\n                                <p class=\"p1\">Transport and logistics is an essential factor in<\/p>\n<p class=\"p1\">our total climate footprint and we want to<\/p>\n<p class=\"p1\">reduce emissions through effective planning and<\/p>\n<p class=\"p1\">layering, strong partnerships and data-driven<\/p>\n<p class=\"p1\">optimisation.<\/p>\n                            <\/div>\n                                            \n                                            \n    <div class=\"button-section\">\n\n        \n    <\/div>\n\n                    \n                <\/div>\n            <\/div>\n\n                            <div class=\"wrapper\">\n                    <div class=\"object-fit\">\n                                                    <img decoding=\"async\" src=\"https:\/\/www.alflow.dk\/wp-content\/uploads\/2025\/09\/Image-scaled.jpeg\" alt=\"Image\">\n                                            <\/div>\n                <\/div>\n                    <\/div>\n    <\/div>\n<\/div><\/div><\/div><\/div><\/div><div id=\"pg-13398-1\"  class=\"panel-grid panel-no-style\" ><div id=\"pgc-13398-1-0\"  class=\"panel-grid-cell\" ><div id=\"panel-13398-1-0-0\" class=\"so-panel widget widget_mtt-text-image panel-first-child panel-last-child\" data-index=\"1\" ><div\n\t\t\t\n\t\t\tclass=\"so-widget-mtt-text-image so-widget-mtt-text-image-base\"\n\t\t\t\n\t\t>\n<div class=\"mtt-text-image margin-top-80 margin-classes-added\" >\n    <div class=\"page_container\">\n        <div class=\"mtt-text-image__wrapper add-bg flip\">\n            <div class=\"wrapper\">\n                <div class=\"text-inner\">\n                                                                        <div class=\"label\">\n                                Per Jakobsen, Business Development Manager - Sustainable solutions, Blue Water Shipping                            <\/div>\n                                            \n                                                                \n                                                                        <div class=\"text\">\n                                <p><em>\"We value the partnership with Alflow, who through collaboration and knowledge sharing motivate us to constantly develop and improve our solutions.\"<\/em><\/p>\n                            <\/div>\n                                            \n                                                                \n                <\/div>\n            <\/div>\n\n                            <div class=\"wrapper\">\n                    <div class=\"object-fit\">\n                                                    <img decoding=\"async\" src=\"https:\/\/www.alflow.dk\/wp-content\/uploads\/2025\/09\/peja.jpg\" alt=\"peja\">\n                                            <\/div>\n                <\/div>\n                    <\/div>\n    <\/div>\n<\/div><\/div><\/div><\/div><\/div><div id=\"pg-13398-2\"  class=\"panel-grid panel-no-style\" ><div id=\"pgc-13398-2-0\"  class=\"panel-grid-cell\" ><div id=\"panel-13398-2-0-0\" class=\"so-panel widget widget_mtt-title-text-widget panel-first-child panel-last-child\" data-index=\"2\" ><div\n\t\t\t\n\t\t\tclass=\"so-widget-mtt-title-text-widget so-widget-mtt-title-text-widget-base\"\n\t\t\t\n\t\t>\n<div class=\"mtt-title-text-widget margin-top-80 margin-bottom-80 margin-classes-added\">\n    <div class=\"page_container\">\n        <div class=\"title-wrapper\">\n            \n                            <div class=\"label\">\n                    Logistics with care - built on partnerships                <\/div>\n            \n            \n    <div class=\"button-section\">\n\n        \n    <\/div>\n\n        <\/div>\n\n                    <div class=\"text-wrapper\">\n                <div class=\"text-inner\">\n                                            <div class=\"column\">\n                            <p style=\"text-align: left;\"><strong>Low emission transport and logistics<br \/>\n<\/strong>Transport and logistics is a significant factor in our overall climate footprint and we want to reduce emissions through efficient planning, strong partnerships and data-driven optimisation. As part of our efforts, we are collaborating with Blue Water Shipping, where we are participating in their test panel for a new digital platform to improve sustainability in the logistics industry. The platform gives us a full overview of the carbon footprint upstream: from supplier to Alflow. It analyses transport options and suggests greener delivery methods within the agreed delivery time, helping us make more climate-friendly choices without compromising on efficiency. In addition, the collaboration with Blue Water Shipping allows us to offer our customers carbon offsetting for their deliveries, corresponding to the emissions that have occurred during transport from our subcontractor to the customer's desired delivery location.<\/p>\n                        <\/div>\n                    \n                                            <div class=\"column\">\n                            <p><strong>Data-driven change<\/strong><br \/>\nAt the same time, we work closely with K. Hansen, who calculates the carbon footprint of our downstream transport: from us to our customers. This data gives us insight into how we can optimise our distribution network and reduce unnecessary transport, contributing to a more sustainable value chain. By combining technology, partnerships and transparency, we ensure that our transport and logistics move in a more climate-friendly direction while continuing to deliver efficiently and reliably to our customers.<\/p>\n                        <\/div>\n                                    <\/div>\n            <\/div>\n                        \n    <\/div>\n<\/div><\/div><\/div><\/div><\/div><\/div>","protected":false},"excerpt":{"rendered":"<p>Transport og logistik Transport og logistik er en v\u00e6sentlig faktor i vores samlede klimaaftryk og vi \u00f8nsker at reducere emissionerne gennem effektiv plan- l\u00e6gning, st\u00e6rke partnerskaber og datadrevet optimering. Per Jakobsen, Business Development Manager &#8211; Sustainable solutions, Blue Water Shipping &#8220;Vi v\u00e6rds\u00e6tter partnerskabet med Alflow, der gennem samarbejde og vidensdeling motiverer os til konstant at [&hellip;]<\/p>\n","protected":false},"author":15,"featured_media":0,"parent":0,"menu_order":0,"comment_status":"closed","ping_status":"closed","template":"","meta":{"_acf_changed":false,"inline_featured_image":false,"footnotes":""},"class_list":["post-13398","page","type-page","status-publish","hentry"],"acf":[],"yoast_head":"<!-- This site is optimized with the Yoast SEO plugin v27.4 - https:\/\/yoast.com\/product\/yoast-seo-wordpress\/ -->\n<title>N\u00e5r transport og logistik bliver gr\u00f8nnere - Alflow<\/title>\n<meta name=\"robots\" content=\"index, follow, max-snippet:-1, max-image-preview:large, max-video-preview:-1\" \/>\n<link rel=\"canonical\" href=\"https:\/\/www.alflow.dk\/en\/as-transport-and-logistics-become-greener\/\" \/>\n<meta property=\"og:locale\" content=\"en_GB\" \/>\n<meta property=\"og:type\" content=\"article\" \/>\n<meta property=\"og:title\" content=\"N\u00e5r transport og logistik bliver gr\u00f8nnere - Alflow\" \/>\n<meta property=\"og:description\" content=\"Transport og logistik Transport og logistik er en v\u00e6sentlig faktor i vores samlede klimaaftryk og vi \u00f8nsker at reducere emissionerne gennem effektiv plan- l\u00e6gning, st\u00e6rke partnerskaber og datadrevet optimering. Per Jakobsen, Business Development Manager - Sustainable solutions, Blue Water Shipping &quot;Vi v\u00e6rds\u00e6tter partnerskabet med Alflow, der gennem samarbejde og vidensdeling motiverer os til konstant at [&hellip;]\" \/>\n<meta property=\"og:url\" content=\"https:\/\/www.alflow.dk\/en\/as-transport-and-logistics-become-greener\/\" \/>\n<meta property=\"og:site_name\" content=\"Alflow\" \/>\n<meta property=\"article:modified_time\" content=\"2026-03-04T14:48:00+00:00\" \/>\n<meta name=\"twitter:card\" content=\"summary_large_image\" \/>\n<meta name=\"twitter:label1\" content=\"Estimated reading time\" \/>\n\t<meta name=\"twitter:data1\" content=\"2 minutes\" \/>\n<script type=\"application\/ld+json\" class=\"yoast-schema-graph\">{\"@context\":\"https:\\\/\\\/schema.org\",\"@graph\":[{\"@type\":\"WebPage\",\"@id\":\"https:\\\/\\\/www.alflow.dk\\\/naar-transport-og-logistik-bliver-groennere\\\/\",\"url\":\"https:\\\/\\\/www.alflow.dk\\\/naar-transport-og-logistik-bliver-groennere\\\/\",\"name\":\"N\u00e5r transport og logistik bliver gr\u00f8nnere - Alflow\",\"isPartOf\":{\"@id\":\"https:\\\/\\\/www.alflow.se\\\/#website\"},\"datePublished\":\"2025-09-02T06:25:35+00:00\",\"dateModified\":\"2026-03-04T14:48:00+00:00\",\"breadcrumb\":{\"@id\":\"https:\\\/\\\/www.alflow.dk\\\/naar-transport-og-logistik-bliver-groennere\\\/#breadcrumb\"},\"inLanguage\":\"en-GB\",\"potentialAction\":[{\"@type\":\"ReadAction\",\"target\":[\"https:\\\/\\\/www.alflow.dk\\\/naar-transport-og-logistik-bliver-groennere\\\/\"]}]},{\"@type\":\"BreadcrumbList\",\"@id\":\"https:\\\/\\\/www.alflow.dk\\\/naar-transport-og-logistik-bliver-groennere\\\/#breadcrumb\",\"itemListElement\":[{\"@type\":\"ListItem\",\"position\":1,\"name\":\"Home \\\/\",\"item\":\"https:\\\/\\\/www.alflow.dk\\\/\"},{\"@type\":\"ListItem\",\"position\":2,\"name\":\"N\u00e5r transport og logistik bliver gr\u00f8nnere\"}]},{\"@type\":\"WebSite\",\"@id\":\"https:\\\/\\\/www.alflow.se\\\/#website\",\"url\":\"https:\\\/\\\/www.alflow.se\\\/\",\"name\":\"Alflow\",\"description\":\"Flow der g\u00f8r en forskel\",\"publisher\":{\"@id\":\"https:\\\/\\\/www.alflow.se\\\/#organization\"},\"potentialAction\":[{\"@type\":\"SearchAction\",\"target\":{\"@type\":\"EntryPoint\",\"urlTemplate\":\"https:\\\/\\\/www.alflow.se\\\/?s={search_term_string}\"},\"query-input\":{\"@type\":\"PropertyValueSpecification\",\"valueRequired\":true,\"valueName\":\"search_term_string\"}}],\"inLanguage\":\"en-GB\"},{\"@type\":\"Organization\",\"@id\":\"https:\\\/\\\/www.alflow.se\\\/#organization\",\"name\":\"Alflow\",\"url\":\"https:\\\/\\\/www.alflow.se\\\/\",\"logo\":{\"@type\":\"ImageObject\",\"inLanguage\":\"en-GB\",\"@id\":\"https:\\\/\\\/www.alflow.se\\\/#\\\/schema\\\/logo\\\/image\\\/\",\"url\":\"https:\\\/\\\/www.alflow.dk\\\/wp-content\\\/uploads\\\/2025\\\/07\\\/alflow_pos_pms_web.png\",\"contentUrl\":\"https:\\\/\\\/www.alflow.dk\\\/wp-content\\\/uploads\\\/2025\\\/07\\\/alflow_pos_pms_web.png\",\"width\":250,\"height\":42,\"caption\":\"Alflow\"},\"image\":{\"@id\":\"https:\\\/\\\/www.alflow.se\\\/#\\\/schema\\\/logo\\\/image\\\/\"}}]}<\/script>\n<!-- \/ Yoast SEO plugin. -->","yoast_head_json":{"title":"When transport and logistics become greener - Alflow","robots":{"index":"index","follow":"follow","max-snippet":"max-snippet:-1","max-image-preview":"max-image-preview:large","max-video-preview":"max-video-preview:-1"},"canonical":"https:\/\/www.alflow.dk\/en\/as-transport-and-logistics-become-greener\/","og_locale":"en_GB","og_type":"article","og_title":"N\u00e5r transport og logistik bliver gr\u00f8nnere - Alflow","og_description":"Transport og logistik Transport og logistik er en v\u00e6sentlig faktor i vores samlede klimaaftryk og vi \u00f8nsker at reducere emissionerne gennem effektiv plan- l\u00e6gning, st\u00e6rke partnerskaber og datadrevet optimering. Per Jakobsen, Business Development Manager - Sustainable solutions, Blue Water Shipping \"Vi v\u00e6rds\u00e6tter partnerskabet med Alflow, der gennem samarbejde og vidensdeling motiverer os til konstant at [&hellip;]","og_url":"https:\/\/www.alflow.dk\/en\/as-transport-and-logistics-become-greener\/","og_site_name":"Alflow","article_modified_time":"2026-03-04T14:48:00+00:00","twitter_card":"summary_large_image","twitter_misc":{"Estimated reading time":"2 minutes"},"schema":{"@context":"https:\/\/schema.org","@graph":[{"@type":"WebPage","@id":"https:\/\/www.alflow.dk\/naar-transport-og-logistik-bliver-groennere\/","url":"https:\/\/www.alflow.dk\/naar-transport-og-logistik-bliver-groennere\/","name":"When transport and logistics become greener - Alflow","isPartOf":{"@id":"https:\/\/www.alflow.se\/#website"},"datePublished":"2025-09-02T06:25:35+00:00","dateModified":"2026-03-04T14:48:00+00:00","breadcrumb":{"@id":"https:\/\/www.alflow.dk\/naar-transport-og-logistik-bliver-groennere\/#breadcrumb"},"inLanguage":"en-GB","potentialAction":[{"@type":"ReadAction","target":["https:\/\/www.alflow.dk\/naar-transport-og-logistik-bliver-groennere\/"]}]},{"@type":"BreadcrumbList","@id":"https:\/\/www.alflow.dk\/naar-transport-og-logistik-bliver-groennere\/#breadcrumb","itemListElement":[{"@type":"ListItem","position":1,"name":"Home \/","item":"https:\/\/www.alflow.dk\/"},{"@type":"ListItem","position":2,"name":"N\u00e5r transport og logistik bliver gr\u00f8nnere"}]},{"@type":"WebSite","@id":"https:\/\/www.alflow.se\/#website","url":"https:\/\/www.alflow.se\/","name":"Alflow","description":"Flow that makes a difference","publisher":{"@id":"https:\/\/www.alflow.se\/#organization"},"potentialAction":[{"@type":"SearchAction","target":{"@type":"EntryPoint","urlTemplate":"https:\/\/www.alflow.se\/?s={search_term_string}"},"query-input":{"@type":"PropertyValueSpecification","valueRequired":true,"valueName":"search_term_string"}}],"inLanguage":"en-GB"},{"@type":"Organization","@id":"https:\/\/www.alflow.se\/#organization","name":"Alflow","url":"https:\/\/www.alflow.se\/","logo":{"@type":"ImageObject","inLanguage":"en-GB","@id":"https:\/\/www.alflow.se\/#\/schema\/logo\/image\/","url":"https:\/\/www.alflow.dk\/wp-content\/uploads\/2025\/07\/alflow_pos_pms_web.png","contentUrl":"https:\/\/www.alflow.dk\/wp-content\/uploads\/2025\/07\/alflow_pos_pms_web.png","width":250,"height":42,"caption":"Alflow"},"image":{"@id":"https:\/\/www.alflow.se\/#\/schema\/logo\/image\/"}}]}},"_links":{"self":[{"href":"https:\/\/www.alflow.dk\/en\/wp-json\/wp\/v2\/pages\/13398","targetHints":{"allow":["GET"]}}],"collection":[{"href":"https:\/\/www.alflow.dk\/en\/wp-json\/wp\/v2\/pages"}],"about":[{"href":"https:\/\/www.alflow.dk\/en\/wp-json\/wp\/v2\/types\/page"}],"author":[{"embeddable":true,"href":"https:\/\/www.alflow.dk\/en\/wp-json\/wp\/v2\/users\/15"}],"replies":[{"embeddable":true,"href":"https:\/\/www.alflow.dk\/en\/wp-json\/wp\/v2\/comments?post=13398"}],"version-history":[{"count":13,"href":"https:\/\/www.alflow.dk\/en\/wp-json\/wp\/v2\/pages\/13398\/revisions"}],"predecessor-version":[{"id":15134,"href":"https:\/\/www.alflow.dk\/en\/wp-json\/wp\/v2\/pages\/13398\/revisions\/15134"}],"wp:attachment":[{"href":"https:\/\/www.alflow.dk\/en\/wp-json\/wp\/v2\/media?parent=13398"}],"curies":[{"name":"wp","href":"https:\/\/api.w.org\/{rel}","templated":true}]}}