{"id":13243,"date":"2025-08-27T08:23:07","date_gmt":"2025-08-27T08:23:07","guid":{"rendered":"https:\/\/staging.alflow.dk\/?page_id=13243"},"modified":"2025-08-27T08:23:07","modified_gmt":"2025-08-27T08:23:07","slug":"sustainable-production-and-materials","status":"publish","type":"page","link":"https:\/\/www.alflow.dk\/en\/baeredygtig-produktion-og-materialer\/","title":{"rendered":"Sustainable production and materials"},"content":{"rendered":"<div id=\"pl-13243\"  class=\"panel-layout\" ><div id=\"pg-13243-0\"  class=\"panel-grid panel-no-style\" ><div id=\"pgc-13243-0-0\"  class=\"panel-grid-cell\" ><div id=\"panel-13243-0-0-0\" class=\"so-panel widget widget_mtt-text-image panel-first-child panel-last-child\" data-index=\"0\" ><div\n\t\t\t\n\t\t\tclass=\"so-widget-mtt-text-image so-widget-mtt-text-image-base\"\n\t\t\t\n\t\t>\n<div class=\"mtt-text-image\" >\n    <div class=\"page_container\">\n        <div class=\"mtt-text-image__wrapper add-bg\">\n            <div class=\"wrapper\">\n                <div class=\"text-inner\">\n                                                                \n                                                                        <h2>\n                                Key focus area                             <\/h2>                        \n                                            \n                                                                        <div class=\"text\">\n                                <p class=\"p1\">Packaging is an important focus area,<\/p>\n<p class=\"p1\">where we work to reduce waste and increase<\/p>\n<p class=\"p2\"><span class=\"s1\">recycling<\/span>. From 2025 we are switching to paper<\/p>\n<p class=\"p2\">tape, because we believe that where we can take<\/p>\n<p class=\"p2\">sustainable choices, we are committed to making<\/p>\n<p class=\"p2\">it. We continuously evaluate our packaging solutions.<\/p>\n<p class=\"p2\">and have already implemented more<\/p>\n<p class=\"p2\">Sustainable alternatives in cardboard boxes<\/p>\n<p class=\"p2\">and filling material.<\/p>\n                            <\/div>\n                                            \n                                                                \n                <\/div>\n            <\/div>\n\n                            <div class=\"wrapper\">\n                    <div class=\"object-fit\">\n                                                    <img decoding=\"async\" src=\"\" alt=\"Sustainable production and materials\">\n                                            <\/div>\n                <\/div>\n                    <\/div>\n    <\/div>\n<\/div><\/div><\/div><\/div><\/div><\/div>","protected":false},"excerpt":{"rendered":"<p>Vigtigt indsatsomr\u00e5de Emballage er et vigtigt indsatsomr\u00e5de, hvor vi arbejder for at reducere spild og \u00f8ge genanvendelsen. Fra 2025 skifter vi til papir- tape, fordi vi mener, at der, hvor vi kan tr\u00e6ffe b\u00e6redygtige valg, er vi forpligtet til at g\u00f8re det. Vi evaluerer l\u00f8bende vores emballagel\u00f8s- ninger og har allerede implementeret mere b\u00e6redygtige alternativer [&hellip;]<\/p>\n","protected":false},"author":15,"featured_media":0,"parent":0,"menu_order":0,"comment_status":"closed","ping_status":"closed","template":"","meta":{"_acf_changed":false,"inline_featured_image":false,"footnotes":""},"class_list":["post-13243","page","type-page","status-publish","hentry"],"acf":[],"yoast_head":"<!-- This site is optimized with the Yoast SEO plugin v27.4 - https:\/\/yoast.com\/product\/yoast-seo-wordpress\/ -->\n<title>B\u00e6redygtig produktion og materialer - Alflow<\/title>\n<meta name=\"robots\" content=\"index, follow, max-snippet:-1, max-image-preview:large, max-video-preview:-1\" \/>\n<link rel=\"canonical\" href=\"https:\/\/www.alflow.dk\/en\/sustainable-production-and-materials\/\" \/>\n<meta property=\"og:locale\" content=\"en_GB\" \/>\n<meta property=\"og:type\" content=\"article\" \/>\n<meta property=\"og:title\" content=\"B\u00e6redygtig produktion og materialer - Alflow\" \/>\n<meta property=\"og:description\" content=\"Vigtigt indsatsomr\u00e5de Emballage er et vigtigt indsatsomr\u00e5de, hvor vi arbejder for at reducere spild og \u00f8ge genanvendelsen. Fra 2025 skifter vi til papir- tape, fordi vi mener, at der, hvor vi kan tr\u00e6ffe b\u00e6redygtige valg, er vi forpligtet til at g\u00f8re det. Vi evaluerer l\u00f8bende vores emballagel\u00f8s- ninger og har allerede implementeret mere b\u00e6redygtige alternativer [&hellip;]\" \/>\n<meta property=\"og:url\" content=\"https:\/\/www.alflow.dk\/en\/sustainable-production-and-materials\/\" \/>\n<meta property=\"og:site_name\" content=\"Alflow\" \/>\n<meta name=\"twitter:card\" content=\"summary_large_image\" \/>\n<meta name=\"twitter:label1\" content=\"Estimated reading time\" \/>\n\t<meta name=\"twitter:data1\" content=\"1 minute\" \/>\n<script type=\"application\/ld+json\" class=\"yoast-schema-graph\">{\"@context\":\"https:\\\/\\\/schema.org\",\"@graph\":[{\"@type\":\"WebPage\",\"@id\":\"https:\\\/\\\/www.alflow.dk\\\/en\\\/sustainable-production-and-materials\\\/\",\"url\":\"https:\\\/\\\/www.alflow.dk\\\/en\\\/sustainable-production-and-materials\\\/\",\"name\":\"B\u00e6redygtig produktion og materialer - Alflow\",\"isPartOf\":{\"@id\":\"https:\\\/\\\/www.alflow.se\\\/#website\"},\"datePublished\":\"2025-08-27T08:23:07+00:00\",\"breadcrumb\":{\"@id\":\"https:\\\/\\\/www.alflow.dk\\\/en\\\/sustainable-production-and-materials\\\/#breadcrumb\"},\"inLanguage\":\"en-GB\",\"potentialAction\":[{\"@type\":\"ReadAction\",\"target\":[\"https:\\\/\\\/www.alflow.dk\\\/en\\\/sustainable-production-and-materials\\\/\"]}]},{\"@type\":\"BreadcrumbList\",\"@id\":\"https:\\\/\\\/www.alflow.dk\\\/en\\\/sustainable-production-and-materials\\\/#breadcrumb\",\"itemListElement\":[{\"@type\":\"ListItem\",\"position\":1,\"name\":\"Home \\\/\",\"item\":\"https:\\\/\\\/www.alflow.dk\\\/\"},{\"@type\":\"ListItem\",\"position\":2,\"name\":\"B\u00e6redygtig produktion og materialer\"}]},{\"@type\":\"WebSite\",\"@id\":\"https:\\\/\\\/www.alflow.se\\\/#website\",\"url\":\"https:\\\/\\\/www.alflow.se\\\/\",\"name\":\"Alflow\",\"description\":\"Flow der g\u00f8r en forskel\",\"publisher\":{\"@id\":\"https:\\\/\\\/www.alflow.se\\\/#organization\"},\"potentialAction\":[{\"@type\":\"SearchAction\",\"target\":{\"@type\":\"EntryPoint\",\"urlTemplate\":\"https:\\\/\\\/www.alflow.se\\\/?s={search_term_string}\"},\"query-input\":{\"@type\":\"PropertyValueSpecification\",\"valueRequired\":true,\"valueName\":\"search_term_string\"}}],\"inLanguage\":\"en-GB\"},{\"@type\":\"Organization\",\"@id\":\"https:\\\/\\\/www.alflow.se\\\/#organization\",\"name\":\"Alflow\",\"url\":\"https:\\\/\\\/www.alflow.se\\\/\",\"logo\":{\"@type\":\"ImageObject\",\"inLanguage\":\"en-GB\",\"@id\":\"https:\\\/\\\/www.alflow.se\\\/#\\\/schema\\\/logo\\\/image\\\/\",\"url\":\"https:\\\/\\\/www.alflow.dk\\\/wp-content\\\/uploads\\\/2025\\\/07\\\/alflow_pos_pms_web.png\",\"contentUrl\":\"https:\\\/\\\/www.alflow.dk\\\/wp-content\\\/uploads\\\/2025\\\/07\\\/alflow_pos_pms_web.png\",\"width\":250,\"height\":42,\"caption\":\"Alflow\"},\"image\":{\"@id\":\"https:\\\/\\\/www.alflow.se\\\/#\\\/schema\\\/logo\\\/image\\\/\"}}]}<\/script>\n<!-- \/ Yoast SEO plugin. -->","yoast_head_json":{"title":"Sustainable production and materials - Alflow","robots":{"index":"index","follow":"follow","max-snippet":"max-snippet:-1","max-image-preview":"max-image-preview:large","max-video-preview":"max-video-preview:-1"},"canonical":"https:\/\/www.alflow.dk\/en\/sustainable-production-and-materials\/","og_locale":"en_GB","og_type":"article","og_title":"B\u00e6redygtig produktion og materialer - Alflow","og_description":"Vigtigt indsatsomr\u00e5de Emballage er et vigtigt indsatsomr\u00e5de, hvor vi arbejder for at reducere spild og \u00f8ge genanvendelsen. Fra 2025 skifter vi til papir- tape, fordi vi mener, at der, hvor vi kan tr\u00e6ffe b\u00e6redygtige valg, er vi forpligtet til at g\u00f8re det. Vi evaluerer l\u00f8bende vores emballagel\u00f8s- ninger og har allerede implementeret mere b\u00e6redygtige alternativer [&hellip;]","og_url":"https:\/\/www.alflow.dk\/en\/sustainable-production-and-materials\/","og_site_name":"Alflow","twitter_card":"summary_large_image","twitter_misc":{"Estimated reading time":"1 minute"},"schema":{"@context":"https:\/\/schema.org","@graph":[{"@type":"WebPage","@id":"https:\/\/www.alflow.dk\/en\/sustainable-production-and-materials\/","url":"https:\/\/www.alflow.dk\/en\/sustainable-production-and-materials\/","name":"Sustainable production and materials - Alflow","isPartOf":{"@id":"https:\/\/www.alflow.se\/#website"},"datePublished":"2025-08-27T08:23:07+00:00","breadcrumb":{"@id":"https:\/\/www.alflow.dk\/en\/sustainable-production-and-materials\/#breadcrumb"},"inLanguage":"en-GB","potentialAction":[{"@type":"ReadAction","target":["https:\/\/www.alflow.dk\/en\/sustainable-production-and-materials\/"]}]},{"@type":"BreadcrumbList","@id":"https:\/\/www.alflow.dk\/en\/sustainable-production-and-materials\/#breadcrumb","itemListElement":[{"@type":"ListItem","position":1,"name":"Home \/","item":"https:\/\/www.alflow.dk\/"},{"@type":"ListItem","position":2,"name":"B\u00e6redygtig produktion og materialer"}]},{"@type":"WebSite","@id":"https:\/\/www.alflow.se\/#website","url":"https:\/\/www.alflow.se\/","name":"Alflow","description":"Flow that makes a difference","publisher":{"@id":"https:\/\/www.alflow.se\/#organization"},"potentialAction":[{"@type":"SearchAction","target":{"@type":"EntryPoint","urlTemplate":"https:\/\/www.alflow.se\/?s={search_term_string}"},"query-input":{"@type":"PropertyValueSpecification","valueRequired":true,"valueName":"search_term_string"}}],"inLanguage":"en-GB"},{"@type":"Organization","@id":"https:\/\/www.alflow.se\/#organization","name":"Alflow","url":"https:\/\/www.alflow.se\/","logo":{"@type":"ImageObject","inLanguage":"en-GB","@id":"https:\/\/www.alflow.se\/#\/schema\/logo\/image\/","url":"https:\/\/www.alflow.dk\/wp-content\/uploads\/2025\/07\/alflow_pos_pms_web.png","contentUrl":"https:\/\/www.alflow.dk\/wp-content\/uploads\/2025\/07\/alflow_pos_pms_web.png","width":250,"height":42,"caption":"Alflow"},"image":{"@id":"https:\/\/www.alflow.se\/#\/schema\/logo\/image\/"}}]}},"_links":{"self":[{"href":"https:\/\/www.alflow.dk\/en\/wp-json\/wp\/v2\/pages\/13243","targetHints":{"allow":["GET"]}}],"collection":[{"href":"https:\/\/www.alflow.dk\/en\/wp-json\/wp\/v2\/pages"}],"about":[{"href":"https:\/\/www.alflow.dk\/en\/wp-json\/wp\/v2\/types\/page"}],"author":[{"embeddable":true,"href":"https:\/\/www.alflow.dk\/en\/wp-json\/wp\/v2\/users\/15"}],"replies":[{"embeddable":true,"href":"https:\/\/www.alflow.dk\/en\/wp-json\/wp\/v2\/comments?post=13243"}],"version-history":[{"count":1,"href":"https:\/\/www.alflow.dk\/en\/wp-json\/wp\/v2\/pages\/13243\/revisions"}],"predecessor-version":[{"id":13244,"href":"https:\/\/www.alflow.dk\/en\/wp-json\/wp\/v2\/pages\/13243\/revisions\/13244"}],"wp:attachment":[{"href":"https:\/\/www.alflow.dk\/en\/wp-json\/wp\/v2\/media?parent=13243"}],"curies":[{"name":"wp","href":"https:\/\/api.w.org\/{rel}","templated":true}]}}