{"id":132,"date":"2020-03-30T13:11:28","date_gmt":"2020-03-30T13:11:28","guid":{"rendered":"https:\/\/www.alflow.dk\/?page_id=132"},"modified":"2024-10-24T07:39:08","modified_gmt":"2024-10-24T07:39:08","slug":"services","status":"publish","type":"page","link":"https:\/\/www.alflow.dk\/en\/services\/","title":{"rendered":"Services"},"content":{"rendered":"<div id=\"pl-132\"  class=\"panel-layout\" ><div id=\"pg-132-0\"  class=\"panel-grid panel-no-style\" ><div id=\"pgc-132-0-0\"  class=\"panel-grid-cell\" ><div id=\"panel-132-0-0-0\" class=\"so-panel widget widget_mtt-text-image panel-first-child panel-last-child\" data-index=\"0\" ><div\n\t\t\t\n\t\t\tclass=\"so-widget-mtt-text-image so-widget-mtt-text-image-base\"\n\t\t\t\n\t\t>\n<div class=\"mtt-text-image margin-top-80 margin-classes-added\" >\n    <div class=\"page_container\">\n        <div class=\"mtt-text-image__wrapper add-bg\">\n            <div class=\"wrapper\">\n                <div class=\"text-inner\">\n                                                                \n                                                                        <h2>\n                                Service                            <\/h2>                        \n                                            \n                                                                        <div class=\"text\">\n                                <p style=\"text-align: left;\">Alflow offers service on flow products - both onsite and offsite.<\/p>\n<p style=\"text-align: left;\">Our service technicians have many years of experience and are ready to respond to service assignments throughout the country - in the food industry, pharmaceutical industry and process\/chemical industry.<\/p>\n                            <\/div>\n                                            \n                                                                \n                <\/div>\n            <\/div>\n\n                            <div class=\"wrapper\">\n                    <div class=\"object-fit\">\n                                                    <img decoding=\"async\" src=\"https:\/\/www.alflow.dk\/wp-content\/uploads\/2020\/05\/02005193-1-scaled.jpg\" alt=\"02005193 (1)\">\n                                            <\/div>\n                <\/div>\n                    <\/div>\n    <\/div>\n<\/div><\/div><\/div><\/div><\/div><div id=\"pg-132-1\"  class=\"panel-grid panel-no-style\" ><div id=\"pgc-132-1-0\"  class=\"panel-grid-cell\" ><div id=\"panel-132-1-0-0\" class=\"so-panel widget widget_mtt-text-image panel-first-child panel-last-child\" data-index=\"1\" ><div\n\t\t\t\n\t\t\tclass=\"so-widget-mtt-text-image so-widget-mtt-text-image-base\"\n\t\t\t\n\t\t>\n<div class=\"mtt-text-image\" >\n    <div class=\"page_container\">\n        <div class=\"mtt-text-image__wrapper add-bg flip\">\n            <div class=\"wrapper\">\n                <div class=\"text-inner\">\n                                                                \n                                                                        <h2>\n                                We offer                            <\/h2>                        \n                                            \n                                                                        <div class=\"text\">\n                                <ul style=\"text-align: left;\">\n<li>Testing plate and tube heat exchangers<\/li>\n<li>Service on plate heat exchangers<\/li>\n<li>Testing the holding cell temperature<\/li>\n<li>Service on pumps<\/li>\n<li>Service on valves<\/li>\n<li>Service\/inspection of magnetic coupled mixers<\/li>\n<li>Electropolishing<\/li>\n<li>Onsite electropolishing<\/li>\n<li>Derouge<\/li>\n<li>Passivation and cleaning<\/li>\n<\/ul>\n                            <\/div>\n                                            \n                                                                \n                <\/div>\n            <\/div>\n\n                            <div class=\"wrapper\">\n                    <div class=\"object-fit\">\n                                                    <img decoding=\"async\" src=\"https:\/\/www.alflow.dk\/wp-content\/uploads\/2023\/11\/2023_fotos-af-servicebiler_1000x1000.jpg\" alt=\"2023_fotos-af-servicebiler_1000x1000\">\n                                            <\/div>\n                <\/div>\n                    <\/div>\n    <\/div>\n<\/div><\/div><\/div><\/div><\/div><div id=\"pg-132-2\"  class=\"panel-grid panel-no-style\" ><div id=\"pgc-132-2-0\"  class=\"panel-grid-cell\" ><div id=\"panel-132-2-0-0\" class=\"so-panel widget widget_mtt-text-image panel-first-child panel-last-child\" data-index=\"2\" ><div\n\t\t\t\n\t\t\tclass=\"so-widget-mtt-text-image so-widget-mtt-text-image-base\"\n\t\t\t\n\t\t>\n<div class=\"mtt-text-image\" >\n    <div class=\"page_container\">\n        <div class=\"mtt-text-image__wrapper add-bg\">\n            <div class=\"wrapper\">\n                <div class=\"text-inner\">\n                                                                \n                                                                        <h2>\n                                Service brochure                            <\/h2>                        \n                                            \n                                                                        <div class=\"text\">\n                                <p>You can read more about the services we offer in our service brochure, which you can download here.<\/p>\n                            <\/div>\n                                            \n                                            \n    <div class=\"button-section\">\n\n        \n                <a href=\"https:\/\/www.alflow.dk\/wp-content\/uploads\/2024\/10\/1024_Alflow_Brochure_Service_low-1.pdf\"  class=\"button primary left_arrow\" target=\"_blank\" rel=\"noopener noreferrer\">\n                    Download our service brochure                <\/a>\n                    \n            \n    <\/div>\n\n                    \n                <\/div>\n            <\/div>\n\n                            <div class=\"wrapper\">\n                    <div class=\"object-fit\">\n                                                    <img decoding=\"async\" src=\"https:\/\/www.alflow.dk\/wp-content\/uploads\/2023\/11\/Servicebrochure_forside.jpg\" alt=\"Service brochure_frontpage\">\n                                            <\/div>\n                <\/div>\n                    <\/div>\n    <\/div>\n<\/div><\/div><\/div><\/div><\/div><div id=\"pg-132-3\"  class=\"panel-grid panel-no-style\" ><div id=\"pgc-132-3-0\"  class=\"panel-grid-cell\" ><div id=\"panel-132-3-0-0\" class=\"so-panel widget widget_mtt-product-slider panel-first-child panel-last-child\" data-index=\"3\" ><div\n\t\t\t\n\t\t\tclass=\"so-widget-mtt-product-slider so-widget-mtt-product-slider-base\"\n\t\t\t\n\t\t>\n    <div class=\"mtt-product-slider margin-top-80 margin-bottom-80 margin-classes-added\" >\n        <div class=\"page_container\">\n            \n                        <div class=\"mtt-product-slider__title-wrapper\">\n                                    <h2>Services<\/h2>\n                \n                <div class=\"arrows\">\n                    <a href=\"https:\/\/www.alflow.dk\/en\/produkter\/on-site-services\/\" class=\"slider-button\">\n                        All (0)                     <\/a>\n\n                                    <\/div>\n            <\/div>\n            \n                                                                                <div class=\"mtt-product-slider__wrapper\">\n                                                                    \n<div class=\"mtt-product-card no-slide\">\n    <a href=\"https:\/\/www.alflow.dk\/en\/produkt\/service-af-flowkomponenter\/\">\n        <div class=\"image-wrapper\">\n            <img loading=\"lazy\" decoding=\"async\" width=\"1000\" height=\"1000\" src=\"https:\/\/www.alflow.dk\/wp-content\/uploads\/2023\/11\/2023_fotos-af-servicebiler_1000x1000.jpg\" class=\"attachment-post-thumbnail size-post-thumbnail wp-post-image\" alt=\"\" srcset=\"https:\/\/www.alflow.dk\/wp-content\/uploads\/2023\/11\/2023_fotos-af-servicebiler_1000x1000.jpg 1000w, https:\/\/www.alflow.dk\/wp-content\/uploads\/2023\/11\/2023_fotos-af-servicebiler_1000x1000-150x150.jpg 150w, https:\/\/www.alflow.dk\/wp-content\/uploads\/2023\/11\/2023_fotos-af-servicebiler_1000x1000-300x300.jpg 300w, https:\/\/www.alflow.dk\/wp-content\/uploads\/2023\/11\/2023_fotos-af-servicebiler_1000x1000-266x266.jpg 266w, https:\/\/www.alflow.dk\/wp-content\/uploads\/2023\/11\/2023_fotos-af-servicebiler_1000x1000-768x768.jpg 768w, https:\/\/www.alflow.dk\/wp-content\/uploads\/2023\/11\/2023_fotos-af-servicebiler_1000x1000-60x60.jpg 60w, https:\/\/www.alflow.dk\/wp-content\/uploads\/2023\/11\/2023_fotos-af-servicebiler_1000x1000-600x600.jpg 600w, https:\/\/www.alflow.dk\/wp-content\/uploads\/2023\/11\/2023_fotos-af-servicebiler_1000x1000-12x12.jpg 12w\" sizes=\"auto, (max-width: 1000px) 100vw, 1000px\" \/>        <\/div>\n\n        <div class=\"title\">\n            Service of Flow components        <\/div>\n\n                    <div class=\"label\">\n                Alflow Scandinavia            <\/div>\n            <\/a>\n<\/div>                                                                    \n<div class=\"mtt-product-card no-slide\">\n    <a href=\"https:\/\/www.alflow.dk\/en\/produkt\/onsite-service\/\">\n        <div class=\"image-wrapper\">\n            <img loading=\"lazy\" decoding=\"async\" width=\"386\" height=\"386\" src=\"https:\/\/www.alflow.dk\/wp-content\/uploads\/2020\/04\/On-site_580x386.jpg\" class=\"attachment-post-thumbnail size-post-thumbnail wp-post-image\" alt=\"\" srcset=\"https:\/\/www.alflow.dk\/wp-content\/uploads\/2020\/04\/On-site_580x386.jpg 386w, https:\/\/www.alflow.dk\/wp-content\/uploads\/2020\/04\/On-site_580x386-150x150.jpg 150w, https:\/\/www.alflow.dk\/wp-content\/uploads\/2020\/04\/On-site_580x386-300x300.jpg 300w, https:\/\/www.alflow.dk\/wp-content\/uploads\/2020\/04\/On-site_580x386-266x266.jpg 266w\" sizes=\"auto, (max-width: 386px) 100vw, 386px\" \/>        <\/div>\n\n        <div class=\"title\">\n            On-site Service        <\/div>\n\n                    <div class=\"label\">\n                Henkel            <\/div>\n            <\/a>\n<\/div>                                                                    \n<div class=\"mtt-product-card no-slide\">\n    <a href=\"https:\/\/www.alflow.dk\/en\/produkt\/elektrokemisk-overfladebehandling\/\">\n        <div class=\"image-wrapper\">\n            <img loading=\"lazy\" decoding=\"async\" width=\"1000\" height=\"1000\" src=\"https:\/\/www.alflow.dk\/wp-content\/uploads\/2020\/04\/epol.jpg\" class=\"attachment-post-thumbnail size-post-thumbnail wp-post-image\" alt=\"\" srcset=\"https:\/\/www.alflow.dk\/wp-content\/uploads\/2020\/04\/epol.jpg 1000w, https:\/\/www.alflow.dk\/wp-content\/uploads\/2020\/04\/epol-150x150.jpg 150w, https:\/\/www.alflow.dk\/wp-content\/uploads\/2020\/04\/epol-300x300.jpg 300w, https:\/\/www.alflow.dk\/wp-content\/uploads\/2020\/04\/epol-266x266.jpg 266w, https:\/\/www.alflow.dk\/wp-content\/uploads\/2020\/04\/epol-768x768.jpg 768w, https:\/\/www.alflow.dk\/wp-content\/uploads\/2020\/04\/epol-600x600.jpg 600w\" sizes=\"auto, (max-width: 1000px) 100vw, 1000px\" \/>        <\/div>\n\n        <div class=\"title\">\n            Electropolishing treatment        <\/div>\n\n                    <div class=\"label\">\n                Henkel            <\/div>\n            <\/a>\n<\/div>                                                                    \n<div class=\"mtt-product-card no-slide\">\n    <a href=\"https:\/\/www.alflow.dk\/en\/produkt\/ndt-pladevarmevekslertest\/\">\n        <div class=\"image-wrapper\">\n            <img loading=\"lazy\" decoding=\"async\" width=\"1000\" height=\"1000\" src=\"https:\/\/www.alflow.dk\/wp-content\/uploads\/2020\/09\/NDT.jpg\" class=\"attachment-post-thumbnail size-post-thumbnail wp-post-image\" alt=\"\" srcset=\"https:\/\/www.alflow.dk\/wp-content\/uploads\/2020\/09\/NDT.jpg 1000w, https:\/\/www.alflow.dk\/wp-content\/uploads\/2020\/09\/NDT-150x150.jpg 150w, https:\/\/www.alflow.dk\/wp-content\/uploads\/2020\/09\/NDT-300x300.jpg 300w, https:\/\/www.alflow.dk\/wp-content\/uploads\/2020\/09\/NDT-266x266.jpg 266w, https:\/\/www.alflow.dk\/wp-content\/uploads\/2020\/09\/NDT-768x768.jpg 768w, https:\/\/www.alflow.dk\/wp-content\/uploads\/2020\/09\/NDT-600x600.jpg 600w\" sizes=\"auto, (max-width: 1000px) 100vw, 1000px\" \/>        <\/div>\n\n        <div class=\"title\">\n            NDT - Plate heat exchanger test        <\/div>\n\n                    <div class=\"label\">\n                Accutest International            <\/div>\n            <\/a>\n<\/div>                                                                                                <div class=\"filler\"><\/div>\n                                <div class=\"filler\"><\/div>\n                            <\/div>\n                                                    \n                    <\/div>\n    <\/div>\n<\/div><\/div><\/div><\/div><div id=\"pg-132-4\"  class=\"panel-grid panel-no-style\" ><div id=\"pgc-132-4-0\"  class=\"panel-grid-cell\" ><div id=\"panel-132-4-0-0\" class=\"so-panel widget widget_mtt-product-variants panel-first-child panel-last-child\" data-index=\"4\" ><div class=\"Kontakt panel-widget-style panel-widget-style-for-132-4-0-0\" id=\"Kontakt\" ><div\n\t\t\t\n\t\t\tclass=\"so-widget-mtt-product-variants so-widget-mtt-product-variants-base\"\n\t\t\t\n\t\t><div class=\"mtt-product-variants margin-bottom-120 margin-classes-added\" >\n    <div class=\"page_container\">\n        \n        <div class=\"mtt-product-variants__wrapper\">\n            \n            <div class=\"contact-wrapper full-width\">\n                \n                <div class=\"text-wrapper\">\n                                            <h2>Contact<\/h2>\n                    \n                                            <div class=\"subtitle\">\n                            Contact us if you need help, advice or want to learn more about our services.                        <\/div>\n                                    <\/div>\n\n\n\n                \n                                    <div class=\"employees-wrapper\">\n                                                    <div class=\"employee\">\n                                <div class=\"wrapper\">\n                                                                            <div class=\"object-fit\">\n                                            <img decoding=\"async\" src=\"https:\/\/www.alflow.dk\/wp-content\/uploads\/2020\/04\/Soeren_Povlsen.png\" alt=\"S\u00f8ren_Povlsen\">\n                                        <\/div>\n                                    \n                                    <div class=\"info\">\n                                        <div class=\"name\">\n                                            S\u00f8ren Povlsen                                        <\/div>\n\n                                                                                    <div class=\"position\">\n                                                Service Technician                                            <\/div>\n                                                                              \n                                    <\/div>\n                                <\/div>\n\n                                                                    <div class=\"wrapper\">\n                                                                                    <div class=\"phone\">\n                                                <a href=\"tel:+4520555728\">T: +45 2055 5728<\/a>\n                                            <\/div>\n                                        \n                                                                                    <div class=\"mail\">\n                                                <a href=\"mailto:sp@alflow.dk\">M: sp@alflow.dk<\/a>\n                                            <\/div>\n                                                                            <\/div>\n                                                            <\/div>\n                                                    <div class=\"employee\">\n                                <div class=\"wrapper\">\n                                                                            <div class=\"object-fit\">\n                                            <img decoding=\"async\" src=\"https:\/\/www.alflow.dk\/wp-content\/uploads\/2023\/09\/Lars.png\" alt=\"Lars\">\n                                        <\/div>\n                                    \n                                    <div class=\"info\">\n                                        <div class=\"name\">\n                                            Lars Eg Andresen                                        <\/div>\n\n                                                                                    <div class=\"position\">\n                                                Service Technician                                            <\/div>\n                                                                              \n                                    <\/div>\n                                <\/div>\n\n                                                                    <div class=\"wrapper\">\n                                                                                    <div class=\"phone\">\n                                                <a href=\"tel:+4523416851\">T: +45 2341 6851<\/a>\n                                            <\/div>\n                                        \n                                                                                    <div class=\"mail\">\n                                                <a href=\"mailto:lea@alflow.dk\">M: lea@alflow.dk<\/a>\n                                            <\/div>\n                                                                            <\/div>\n                                                            <\/div>\n                                             \n                    <\/div>\n                                            <\/div>\n        <\/div>\n    <\/div>\n<\/div>\n\n<style>\n    @media \n    only screen and (max-width: 760px) {\n         \/*\n        Label the data\n        *\/\n        .mtt-product-variants td:nth-of-type(1):before { content: \"Variant\"; }\n        .mtt-product-variants td:nth-of-type(2):before { content: \"Beskrivelse\"; }\n        .mtt-product-variants td:nth-of-type(3):before { content: \"Datablad\"; }\n    }\n<\/style><\/div><\/div><\/div><\/div><\/div><\/div>","protected":false},"excerpt":{"rendered":"<p>Service Alflow tilbyder service p\u00e5 flowprodukter &#8211; b\u00e5de onsite og offsite. Vores serviceteknikere har mange \u00e5rs erfaring, og de st\u00e5r klar til at rykke ud til serviceopgaver i hele landet &#8211; b\u00e5de inden for f\u00f8devareindustri, pharmaceutisk industri og proces-\/kemisk industri. Vi tilbyder Test af plade- og r\u00f8rvarmevekslere Service p\u00e5 pladevarmevekslere Test af holdecelletemperatur Service p\u00e5 [&hellip;]<\/p>\n","protected":false},"author":2,"featured_media":0,"parent":0,"menu_order":0,"comment_status":"closed","ping_status":"closed","template":"","meta":{"_acf_changed":false,"inline_featured_image":false,"footnotes":""},"class_list":["post-132","page","type-page","status-publish","hentry"],"acf":[],"yoast_head":"<!-- This site is optimized with the Yoast SEO plugin v27.3 - https:\/\/yoast.com\/product\/yoast-seo-wordpress\/ -->\n<title>Service p\u00e5 flowprodukter - Onsite og offsite - Alflow<\/title>\n<meta name=\"description\" content=\"Alflow tilbyder service p\u00e5 flowprodukter - b\u00e5de onsite og offsite. Vores servicetekniker st\u00e5r klar til at rykke ud til serviceopgaver i hele landet.\" \/>\n<meta name=\"robots\" content=\"index, follow, max-snippet:-1, max-image-preview:large, max-video-preview:-1\" \/>\n<link rel=\"canonical\" href=\"https:\/\/www.alflow.dk\/en\/services\/\" \/>\n<meta property=\"og:locale\" content=\"en_GB\" \/>\n<meta property=\"og:type\" content=\"article\" \/>\n<meta property=\"og:title\" content=\"Service p\u00e5 flowprodukter - Onsite og offsite - Alflow\" \/>\n<meta property=\"og:description\" content=\"Alflow tilbyder service p\u00e5 flowprodukter - b\u00e5de onsite og offsite. Vores servicetekniker st\u00e5r klar til at rykke ud til serviceopgaver i hele landet.\" \/>\n<meta property=\"og:url\" content=\"https:\/\/www.alflow.dk\/en\/services\/\" \/>\n<meta property=\"og:site_name\" content=\"Alflow\" \/>\n<meta property=\"article:modified_time\" content=\"2024-10-24T07:39:08+00:00\" \/>\n<meta name=\"twitter:card\" content=\"summary_large_image\" \/>\n<meta name=\"twitter:label1\" content=\"Estimated reading time\" \/>\n\t<meta name=\"twitter:data1\" content=\"3 minutes\" \/>\n<script type=\"application\/ld+json\" class=\"yoast-schema-graph\">{\"@context\":\"https:\\\/\\\/schema.org\",\"@graph\":[{\"@type\":\"WebPage\",\"@id\":\"https:\\\/\\\/www.alflow.dk\\\/services\\\/\",\"url\":\"https:\\\/\\\/www.alflow.dk\\\/services\\\/\",\"name\":\"Service p\u00e5 flowprodukter - Onsite og offsite - Alflow\",\"isPartOf\":{\"@id\":\"https:\\\/\\\/www.alflow.se\\\/#website\"},\"datePublished\":\"2020-03-30T13:11:28+00:00\",\"dateModified\":\"2024-10-24T07:39:08+00:00\",\"description\":\"Alflow tilbyder service p\u00e5 flowprodukter - b\u00e5de onsite og offsite. Vores servicetekniker st\u00e5r klar til at rykke ud til serviceopgaver i hele landet.\",\"breadcrumb\":{\"@id\":\"https:\\\/\\\/www.alflow.dk\\\/services\\\/#breadcrumb\"},\"inLanguage\":\"en-GB\",\"potentialAction\":[{\"@type\":\"ReadAction\",\"target\":[\"https:\\\/\\\/www.alflow.dk\\\/services\\\/\"]}]},{\"@type\":\"BreadcrumbList\",\"@id\":\"https:\\\/\\\/www.alflow.dk\\\/services\\\/#breadcrumb\",\"itemListElement\":[{\"@type\":\"ListItem\",\"position\":1,\"name\":\"Home \\\/\",\"item\":\"https:\\\/\\\/www.alflow.dk\\\/\"},{\"@type\":\"ListItem\",\"position\":2,\"name\":\"Services\"}]},{\"@type\":\"WebSite\",\"@id\":\"https:\\\/\\\/www.alflow.se\\\/#website\",\"url\":\"https:\\\/\\\/www.alflow.se\\\/\",\"name\":\"Alflow\",\"description\":\"Flow der g\u00f8r en forskel\",\"publisher\":{\"@id\":\"https:\\\/\\\/www.alflow.se\\\/#organization\"},\"potentialAction\":[{\"@type\":\"SearchAction\",\"target\":{\"@type\":\"EntryPoint\",\"urlTemplate\":\"https:\\\/\\\/www.alflow.se\\\/?s={search_term_string}\"},\"query-input\":{\"@type\":\"PropertyValueSpecification\",\"valueRequired\":true,\"valueName\":\"search_term_string\"}}],\"inLanguage\":\"en-GB\"},{\"@type\":\"Organization\",\"@id\":\"https:\\\/\\\/www.alflow.se\\\/#organization\",\"name\":\"Alflow\",\"url\":\"https:\\\/\\\/www.alflow.se\\\/\",\"logo\":{\"@type\":\"ImageObject\",\"inLanguage\":\"en-GB\",\"@id\":\"https:\\\/\\\/www.alflow.se\\\/#\\\/schema\\\/logo\\\/image\\\/\",\"url\":\"https:\\\/\\\/www.alflow.dk\\\/wp-content\\\/uploads\\\/2025\\\/07\\\/alflow_pos_pms_web.png\",\"contentUrl\":\"https:\\\/\\\/www.alflow.dk\\\/wp-content\\\/uploads\\\/2025\\\/07\\\/alflow_pos_pms_web.png\",\"width\":250,\"height\":42,\"caption\":\"Alflow\"},\"image\":{\"@id\":\"https:\\\/\\\/www.alflow.se\\\/#\\\/schema\\\/logo\\\/image\\\/\"}}]}<\/script>\n<!-- \/ Yoast SEO plugin. -->","yoast_head_json":{"title":"Service on flow products - Onsite and offsite - Alflow","description":"Alflow offers service on flow products - both onsite and offsite. Our service technicians are ready to respond to service assignments throughout the country.","robots":{"index":"index","follow":"follow","max-snippet":"max-snippet:-1","max-image-preview":"max-image-preview:large","max-video-preview":"max-video-preview:-1"},"canonical":"https:\/\/www.alflow.dk\/en\/services\/","og_locale":"en_GB","og_type":"article","og_title":"Service p\u00e5 flowprodukter - Onsite og offsite - Alflow","og_description":"Alflow tilbyder service p\u00e5 flowprodukter - b\u00e5de onsite og offsite. Vores servicetekniker st\u00e5r klar til at rykke ud til serviceopgaver i hele landet.","og_url":"https:\/\/www.alflow.dk\/en\/services\/","og_site_name":"Alflow","article_modified_time":"2024-10-24T07:39:08+00:00","twitter_card":"summary_large_image","twitter_misc":{"Estimated reading time":"3 minutes"},"schema":{"@context":"https:\/\/schema.org","@graph":[{"@type":"WebPage","@id":"https:\/\/www.alflow.dk\/services\/","url":"https:\/\/www.alflow.dk\/services\/","name":"Service on flow products - Onsite and offsite - Alflow","isPartOf":{"@id":"https:\/\/www.alflow.se\/#website"},"datePublished":"2020-03-30T13:11:28+00:00","dateModified":"2024-10-24T07:39:08+00:00","description":"Alflow offers service on flow products - both onsite and offsite. Our service technicians are ready to respond to service assignments throughout the country.","breadcrumb":{"@id":"https:\/\/www.alflow.dk\/services\/#breadcrumb"},"inLanguage":"en-GB","potentialAction":[{"@type":"ReadAction","target":["https:\/\/www.alflow.dk\/services\/"]}]},{"@type":"BreadcrumbList","@id":"https:\/\/www.alflow.dk\/services\/#breadcrumb","itemListElement":[{"@type":"ListItem","position":1,"name":"Home \/","item":"https:\/\/www.alflow.dk\/"},{"@type":"ListItem","position":2,"name":"Services"}]},{"@type":"WebSite","@id":"https:\/\/www.alflow.se\/#website","url":"https:\/\/www.alflow.se\/","name":"Alflow","description":"Flow that makes a difference","publisher":{"@id":"https:\/\/www.alflow.se\/#organization"},"potentialAction":[{"@type":"SearchAction","target":{"@type":"EntryPoint","urlTemplate":"https:\/\/www.alflow.se\/?s={search_term_string}"},"query-input":{"@type":"PropertyValueSpecification","valueRequired":true,"valueName":"search_term_string"}}],"inLanguage":"en-GB"},{"@type":"Organization","@id":"https:\/\/www.alflow.se\/#organization","name":"Alflow","url":"https:\/\/www.alflow.se\/","logo":{"@type":"ImageObject","inLanguage":"en-GB","@id":"https:\/\/www.alflow.se\/#\/schema\/logo\/image\/","url":"https:\/\/www.alflow.dk\/wp-content\/uploads\/2025\/07\/alflow_pos_pms_web.png","contentUrl":"https:\/\/www.alflow.dk\/wp-content\/uploads\/2025\/07\/alflow_pos_pms_web.png","width":250,"height":42,"caption":"Alflow"},"image":{"@id":"https:\/\/www.alflow.se\/#\/schema\/logo\/image\/"}}]}},"_links":{"self":[{"href":"https:\/\/www.alflow.dk\/en\/wp-json\/wp\/v2\/pages\/132","targetHints":{"allow":["GET"]}}],"collection":[{"href":"https:\/\/www.alflow.dk\/en\/wp-json\/wp\/v2\/pages"}],"about":[{"href":"https:\/\/www.alflow.dk\/en\/wp-json\/wp\/v2\/types\/page"}],"author":[{"embeddable":true,"href":"https:\/\/www.alflow.dk\/en\/wp-json\/wp\/v2\/users\/2"}],"replies":[{"embeddable":true,"href":"https:\/\/www.alflow.dk\/en\/wp-json\/wp\/v2\/comments?post=132"}],"version-history":[{"count":12,"href":"https:\/\/www.alflow.dk\/en\/wp-json\/wp\/v2\/pages\/132\/revisions"}],"predecessor-version":[{"id":11570,"href":"https:\/\/www.alflow.dk\/en\/wp-json\/wp\/v2\/pages\/132\/revisions\/11570"}],"wp:attachment":[{"href":"https:\/\/www.alflow.dk\/en\/wp-json\/wp\/v2\/media?parent=132"}],"curies":[{"name":"wp","href":"https:\/\/api.w.org\/{rel}","templated":true}]}}