{"id":12651,"date":"2025-08-04T12:38:46","date_gmt":"2025-08-04T12:38:46","guid":{"rendered":"https:\/\/staging.alflow.dk\/?page_id=12651"},"modified":"2025-08-04T13:14:19","modified_gmt":"2025-08-04T13:14:19","slug":"https-www-alflow-dk-we-dont-just-ship-valves-across-the-sound-we-ship-expert-knowledge","status":"publish","type":"page","link":"https:\/\/www.alflow.dk\/en\/https-www-alflow-dk-vi-sender-ikke-bare-ventiler-over-oeresund-vi-sender-ekspertviden-med\/","title":{"rendered":"\"We don't just send valves across the \u00d8resund - we send expertise\""},"content":{"rendered":"<div id=\"pl-12651\"  class=\"panel-layout\" ><div id=\"pg-12651-0\"  class=\"panel-grid panel-no-style\" ><div id=\"pgc-12651-0-0\"  class=\"panel-grid-cell\" ><div id=\"panel-12651-0-0-0\" class=\"so-panel widget widget_mtt-cover panel-first-child\" data-index=\"0\" ><div\n\t\t\t\n\t\t\tclass=\"so-widget-mtt-cover so-widget-mtt-cover-base\"\n\t\t\t\n\t\t>\n<div class=\"mtt-cover-market set-height no-text-true\">\n            <div class=\"mtt-cover-market__bg-image\">\n            <div class=\"object-fit\">\n                <img decoding=\"async\" src=\"https:\/\/www.alflow.dk\/wp-content\/uploads\/2025\/08\/Banner_Bardiani_SE.jpg\" alt=\"Banner_Bardiani_SE\">\n            <\/div>\n        <\/div>\n    \n    <div class=\"page_container\">\n        <div class=\"mtt-cover-market__text-wrapper\">\n            \n            \n            \n                    <\/div>\n\n        \n\n            <\/div>\n<\/div><\/div><\/div><div id=\"panel-12651-0-0-1\" class=\"so-panel widget widget_mtt-title-text-widget\" data-index=\"1\" ><div class=\"Invitation panel-widget-style panel-widget-style-for-12651-0-0-1\" id=\"Invitation\" ><div\n\t\t\t\n\t\t\tclass=\"so-widget-mtt-title-text-widget so-widget-mtt-title-text-widget-base\"\n\t\t\t\n\t\t>\n<div class=\"mtt-title-text-widget margin-top-120 margin-bottom-60 margin-classes-added\">\n    <div class=\"page_container title-above\">\n        <div class=\"title-wrapper\">\n                            <h2>\"We don't just send valves across the \u00d8resund - we send expertise\"<\/h2>\n            \n            \n                    <\/div>\n\n                    <div class=\"text-wrapper\">\n                <div class=\"text-inner\">\n                                            <div class=\"column\">\n                            <p><strong>Alflow Scandinavia A\/S is the new distributor of the Italian Bardiani valves in Sweden. <\/strong><br \/>\n<strong>But it's not just the products that change hands - it's also the approach. Alflow brings with it more than 25 years of specialised experience in consulting and customised flow solutions for food and pharmaceutical companies.<\/strong><\/p>\n<p>Alflow has for many years been a key supplier of Bardiani products in the Danish market and is now expanding its activities to Sweden. For Swedish companies, this means access to the well-known range - but also to flow experts who understand the complex requirements for hygiene, documentation and process optimisation in the food and pharma industry.<\/p>\n<h2>More than steel and welds<\/h2>\n<p>The Bardiani Valvole combines solid craftsmanship with impressive flexibility. All valves are made from solid bar steel, which gives them exceptional strength and high resistance to shock and stress in installations with high reliability requirements.<\/p>\n<p>At the same time, Bardiani is particularly strong in customisation. Customers can choose from several material types, including various speciality steels, making it possible to tailor solutions to both application, environment and process requirements. With a surface finish of less than 0.8 \u00b5m and certifications such as EHEDG and 3-A, Bardiani fully complies with the highest hygiene standards - and more.<\/p>\n<p><em>\"<\/em><em>At Bardiani, we have always focused on flexibility and close dialogue with our customers. Therefore, we are happy to strengthen our presence in Sweden through Alflow, with whom we have had a strong co-operation for many years. Their technical knowledge and understanding of sanitary flow solutions matches the requirements we meet in both the food and pharmaceutical sectors <\/em><em>\"<\/em><br \/>\nadds Olga Malasaeva, Area Sales Manager<\/p>\n                        <\/div>\n                    \n                                            <div class=\"column\">\n                            <h2>It's not just about components - it's also about culture<\/h2>\n<p>Alflow's approach is based on responsibility, ambition and team spirit. It matches Bardiani Valvole's philosophy of being close to the customer and delivering customised solutions. The collaboration is not new - but the way it is run in Sweden is.<\/p>\n<p><em>\"We see ourselves as a strategic partner - a technical sparring partner that is with you all the way from selection to maintenance. Our experience from both large C25 customers and smaller SMEs shows that knowledge and accessibility create the best results,\"<\/em><br \/>\nexplains Anders Hunniche, Sales Manager, Alflow Scandinavia<\/p>\n<h2>Inside the engine room - where the demands are highest<\/h2>\n<p>Alflow doesn't just enter a new market - we enter the engine room, where valves must be able to meet real-life demands and stand the test of time in critical processes. When a Swedish manufacturer is faced with a new process plant or challenges with strict requirements for hygiene and functionality, Alflow doesn't start by presenting products - but by understanding the process. This can be anything from understanding the process, the challenges of the existing solution, and what is critical for the media and product quality to success criteria for the solution. This is how we create flow that increases quality, reliability and sustainability.<\/p>\n<p><strong>About Bardiani Valvole (Italy):<\/strong><\/p>\n<ul>\n<li>Founded in 1981 in Fornovo Taro, in the centre of Italy's Food Valley<\/li>\n<li>Specialising in hygienic valves for the food, dairy and pharmaceutical industries<\/li>\n<li>Manufactures seat valves, mixproof valves, butterfly and high-pressure valves, among others<\/li>\n<li>Certified in ISO 9001, ISO 14001 and ECOVADIS<\/li>\n<li>Website: <a href=\"http:\/\/www.bardiani.com\/\">www.bardiani.com<\/a><\/li>\n<\/ul>\n                        <\/div>\n                                    <\/div>\n            <\/div>\n                        \n    <\/div>\n<\/div><\/div><\/div><\/div><div id=\"panel-12651-0-0-2\" class=\"so-panel widget widget_mtt-product-variants panel-last-child\" data-index=\"2\" ><div class=\"Contact panel-widget-style panel-widget-style-for-12651-0-0-2\" id=\"Contact\" ><div\n\t\t\t\n\t\t\tclass=\"so-widget-mtt-product-variants so-widget-mtt-product-variants-base\"\n\t\t\t\n\t\t><div class=\"mtt-product-variants margin-top-120 margin-top-60 margin-classes-added\" >\n    <div class=\"page_container\">\n        \n        <div class=\"mtt-product-variants__wrapper\">\n            \n            <div class=\"contact-wrapper full-width\">\n                \n                <div class=\"text-wrapper\">\n                                            <h2>Questions?<\/h2>\n                    \n                                            <div class=\"subtitle\">\n                            If you have any questions about the above, please contact me.                        <\/div>\n                                    <\/div>\n\n\n\n                \n                                    <div class=\"employees-wrapper\">\n                                                    <div class=\"employee\">\n                                <div class=\"wrapper\">\n                                                                            <div class=\"object-fit\">\n                                            <img decoding=\"async\" src=\"https:\/\/www.alflow.dk\/wp-content\/uploads\/2020\/04\/Dan.png\" alt=\"Dan\">\n                                        <\/div>\n                                    \n                                    <div class=\"info\">\n                                        <div class=\"name\">\n                                            Dan Gamborg Kallan                                        <\/div>\n\n                                                                                    <div class=\"position\">\n                                                Business Development &amp; Marketing Manager                                            <\/div>\n                                                                              \n                                    <\/div>\n                                <\/div>\n\n                                                                    <div class=\"wrapper\">\n                                                                                    <div class=\"phone\">\n                                                <a href=\"tel:+4524900905\">T: +45 2490 0905<\/a>\n                                            <\/div>\n                                        \n                                                                                    <div class=\"mail\">\n                                                <a href=\"mailto:dgk@alflow.dk\">M: dgk@alflow.dk<\/a>\n                                            <\/div>\n                                                                            <\/div>\n                                                            <\/div>\n                                             \n                    <\/div>\n                                            <\/div>\n        <\/div>\n    <\/div>\n<\/div>\n\n<style>\n    @media \n    only screen and (max-width: 760px) {\n         \/*\n        Label the data\n        *\/\n        .mtt-product-variants td:nth-of-type(1):before { content: \"Variant\"; }\n        .mtt-product-variants td:nth-of-type(2):before { content: \"Beskrivelse\"; }\n        .mtt-product-variants td:nth-of-type(3):before { content: \"Datablad\"; }\n    }\n<\/style><\/div><\/div><\/div><\/div><\/div><\/div>","protected":false},"excerpt":{"rendered":"<p>\u201cVi sender ikke bare ventiler over \u00d8resund \u2013 vi sender ekspertviden med\u201d Alflow Scandinavia A\/S er ny distribut\u00f8r af de italienske Bardiani-ventiler i Sverige. Men det er ikke kun produkterne, der skifter h\u00e6nder \u2013 det g\u00f8r ogs\u00e5 tilgangen. Med sig bringer Alflow mere end 25 \u00e5rs specialiseret erfaring inden for r\u00e5dgivning og kundetilpassede flowl\u00f8sninger til [&hellip;]<\/p>\n","protected":false},"author":15,"featured_media":0,"parent":0,"menu_order":0,"comment_status":"closed","ping_status":"closed","template":"","meta":{"_acf_changed":false,"inline_featured_image":false,"footnotes":""},"class_list":["post-12651","page","type-page","status-publish","hentry"],"acf":[],"yoast_head":"<!-- This site is optimized with the Yoast SEO plugin v27.4 - https:\/\/yoast.com\/product\/yoast-seo-wordpress\/ -->\n<title>\u201cVi sender ikke bare ventiler over \u00d8resund \u2013 vi sender ekspertviden med\u201d - Alflow<\/title>\n<meta name=\"description\" content=\"Alflow er ny distribut\u00f8r af Bardiani Valvole i Sverige. Vi leverer hygiejniske ventiler og r\u00e5dgivning til f\u00f8devare- og pharmaindustrien \u2013 med fokus p\u00e5 kvalitet, dokumentation og skr\u00e6ddersyede flowl\u00f8sninger.\" \/>\n<meta name=\"robots\" content=\"index, follow, max-snippet:-1, max-image-preview:large, max-video-preview:-1\" \/>\n<link rel=\"canonical\" href=\"https:\/\/www.alflow.dk\/en\/https-www-alflow-dk-we-dont-just-ship-valves-across-the-sound-we-ship-expert-knowledge\/\" \/>\n<meta property=\"og:locale\" content=\"en_GB\" \/>\n<meta property=\"og:type\" content=\"article\" \/>\n<meta property=\"og:title\" content=\"\u201cVi sender ikke bare ventiler over \u00d8resund \u2013 vi sender ekspertviden med\u201d - Alflow\" \/>\n<meta property=\"og:description\" content=\"Alflow er ny distribut\u00f8r af Bardiani Valvole i Sverige. Vi leverer hygiejniske ventiler og r\u00e5dgivning til f\u00f8devare- og pharmaindustrien \u2013 med fokus p\u00e5 kvalitet, dokumentation og skr\u00e6ddersyede flowl\u00f8sninger.\" \/>\n<meta property=\"og:url\" content=\"https:\/\/www.alflow.dk\/en\/https-www-alflow-dk-we-dont-just-ship-valves-across-the-sound-we-ship-expert-knowledge\/\" \/>\n<meta property=\"og:site_name\" content=\"Alflow\" \/>\n<meta property=\"article:modified_time\" content=\"2025-08-04T13:14:19+00:00\" \/>\n<meta name=\"twitter:card\" content=\"summary_large_image\" \/>\n<meta name=\"twitter:label1\" content=\"Estimated reading time\" \/>\n\t<meta name=\"twitter:data1\" content=\"3 minutes\" \/>\n<script type=\"application\/ld+json\" class=\"yoast-schema-graph\">{\"@context\":\"https:\\\/\\\/schema.org\",\"@graph\":[{\"@type\":\"WebPage\",\"@id\":\"https:\\\/\\\/www.alflow.dk\\\/https-www-alflow-dk-vi-sender-ikke-bare-ventiler-over-oeresund-vi-sender-ekspertviden-med\\\/\",\"url\":\"https:\\\/\\\/www.alflow.dk\\\/https-www-alflow-dk-vi-sender-ikke-bare-ventiler-over-oeresund-vi-sender-ekspertviden-med\\\/\",\"name\":\"\u201cVi sender ikke bare ventiler over \u00d8resund \u2013 vi sender ekspertviden med\u201d - Alflow\",\"isPartOf\":{\"@id\":\"https:\\\/\\\/www.alflow.se\\\/#website\"},\"datePublished\":\"2025-08-04T12:38:46+00:00\",\"dateModified\":\"2025-08-04T13:14:19+00:00\",\"description\":\"Alflow er ny distribut\u00f8r af Bardiani Valvole i Sverige. Vi leverer hygiejniske ventiler og r\u00e5dgivning til f\u00f8devare- og pharmaindustrien \u2013 med fokus p\u00e5 kvalitet, dokumentation og skr\u00e6ddersyede flowl\u00f8sninger.\",\"breadcrumb\":{\"@id\":\"https:\\\/\\\/www.alflow.dk\\\/https-www-alflow-dk-vi-sender-ikke-bare-ventiler-over-oeresund-vi-sender-ekspertviden-med\\\/#breadcrumb\"},\"inLanguage\":\"en-GB\",\"potentialAction\":[{\"@type\":\"ReadAction\",\"target\":[\"https:\\\/\\\/www.alflow.dk\\\/https-www-alflow-dk-vi-sender-ikke-bare-ventiler-over-oeresund-vi-sender-ekspertviden-med\\\/\"]}]},{\"@type\":\"BreadcrumbList\",\"@id\":\"https:\\\/\\\/www.alflow.dk\\\/https-www-alflow-dk-vi-sender-ikke-bare-ventiler-over-oeresund-vi-sender-ekspertviden-med\\\/#breadcrumb\",\"itemListElement\":[{\"@type\":\"ListItem\",\"position\":1,\"name\":\"Home \\\/\",\"item\":\"https:\\\/\\\/www.alflow.dk\\\/\"},{\"@type\":\"ListItem\",\"position\":2,\"name\":\"\u201cVi sender ikke bare ventiler over \u00d8resund \u2013 vi sender ekspertviden med\u201d\"}]},{\"@type\":\"WebSite\",\"@id\":\"https:\\\/\\\/www.alflow.se\\\/#website\",\"url\":\"https:\\\/\\\/www.alflow.se\\\/\",\"name\":\"Alflow\",\"description\":\"Flow der g\u00f8r en forskel\",\"publisher\":{\"@id\":\"https:\\\/\\\/www.alflow.se\\\/#organization\"},\"potentialAction\":[{\"@type\":\"SearchAction\",\"target\":{\"@type\":\"EntryPoint\",\"urlTemplate\":\"https:\\\/\\\/www.alflow.se\\\/?s={search_term_string}\"},\"query-input\":{\"@type\":\"PropertyValueSpecification\",\"valueRequired\":true,\"valueName\":\"search_term_string\"}}],\"inLanguage\":\"en-GB\"},{\"@type\":\"Organization\",\"@id\":\"https:\\\/\\\/www.alflow.se\\\/#organization\",\"name\":\"Alflow\",\"url\":\"https:\\\/\\\/www.alflow.se\\\/\",\"logo\":{\"@type\":\"ImageObject\",\"inLanguage\":\"en-GB\",\"@id\":\"https:\\\/\\\/www.alflow.se\\\/#\\\/schema\\\/logo\\\/image\\\/\",\"url\":\"https:\\\/\\\/www.alflow.dk\\\/wp-content\\\/uploads\\\/2025\\\/07\\\/alflow_pos_pms_web.png\",\"contentUrl\":\"https:\\\/\\\/www.alflow.dk\\\/wp-content\\\/uploads\\\/2025\\\/07\\\/alflow_pos_pms_web.png\",\"width\":250,\"height\":42,\"caption\":\"Alflow\"},\"image\":{\"@id\":\"https:\\\/\\\/www.alflow.se\\\/#\\\/schema\\\/logo\\\/image\\\/\"}}]}<\/script>\n<!-- \/ Yoast SEO plugin. -->","yoast_head_json":{"title":"\"We don't just send valves across the \u00d8resund - we send expert knowledge\" - Alflow","description":"Alflow is the new distributor of Bardiani Valvole in Sweden. We provide hygienic valves and advice to the food and pharma industry - with a focus on quality, documentation and customised flow solutions.","robots":{"index":"index","follow":"follow","max-snippet":"max-snippet:-1","max-image-preview":"max-image-preview:large","max-video-preview":"max-video-preview:-1"},"canonical":"https:\/\/www.alflow.dk\/en\/https-www-alflow-dk-we-dont-just-ship-valves-across-the-sound-we-ship-expert-knowledge\/","og_locale":"en_GB","og_type":"article","og_title":"\u201cVi sender ikke bare ventiler over \u00d8resund \u2013 vi sender ekspertviden med\u201d - Alflow","og_description":"Alflow er ny distribut\u00f8r af Bardiani Valvole i Sverige. Vi leverer hygiejniske ventiler og r\u00e5dgivning til f\u00f8devare- og pharmaindustrien \u2013 med fokus p\u00e5 kvalitet, dokumentation og skr\u00e6ddersyede flowl\u00f8sninger.","og_url":"https:\/\/www.alflow.dk\/en\/https-www-alflow-dk-we-dont-just-ship-valves-across-the-sound-we-ship-expert-knowledge\/","og_site_name":"Alflow","article_modified_time":"2025-08-04T13:14:19+00:00","twitter_card":"summary_large_image","twitter_misc":{"Estimated reading time":"3 minutes"},"schema":{"@context":"https:\/\/schema.org","@graph":[{"@type":"WebPage","@id":"https:\/\/www.alflow.dk\/https-www-alflow-dk-vi-sender-ikke-bare-ventiler-over-oeresund-vi-sender-ekspertviden-med\/","url":"https:\/\/www.alflow.dk\/https-www-alflow-dk-vi-sender-ikke-bare-ventiler-over-oeresund-vi-sender-ekspertviden-med\/","name":"\"We don't just send valves across the \u00d8resund - we send expert knowledge\" - Alflow","isPartOf":{"@id":"https:\/\/www.alflow.se\/#website"},"datePublished":"2025-08-04T12:38:46+00:00","dateModified":"2025-08-04T13:14:19+00:00","description":"Alflow is the new distributor of Bardiani Valvole in Sweden. We provide hygienic valves and advice to the food and pharma industry - with a focus on quality, documentation and customised flow solutions.","breadcrumb":{"@id":"https:\/\/www.alflow.dk\/https-www-alflow-dk-vi-sender-ikke-bare-ventiler-over-oeresund-vi-sender-ekspertviden-med\/#breadcrumb"},"inLanguage":"en-GB","potentialAction":[{"@type":"ReadAction","target":["https:\/\/www.alflow.dk\/https-www-alflow-dk-vi-sender-ikke-bare-ventiler-over-oeresund-vi-sender-ekspertviden-med\/"]}]},{"@type":"BreadcrumbList","@id":"https:\/\/www.alflow.dk\/https-www-alflow-dk-vi-sender-ikke-bare-ventiler-over-oeresund-vi-sender-ekspertviden-med\/#breadcrumb","itemListElement":[{"@type":"ListItem","position":1,"name":"Home \/","item":"https:\/\/www.alflow.dk\/"},{"@type":"ListItem","position":2,"name":"\u201cVi sender ikke bare ventiler over \u00d8resund \u2013 vi sender ekspertviden med\u201d"}]},{"@type":"WebSite","@id":"https:\/\/www.alflow.se\/#website","url":"https:\/\/www.alflow.se\/","name":"Alflow","description":"Flow that makes a difference","publisher":{"@id":"https:\/\/www.alflow.se\/#organization"},"potentialAction":[{"@type":"SearchAction","target":{"@type":"EntryPoint","urlTemplate":"https:\/\/www.alflow.se\/?s={search_term_string}"},"query-input":{"@type":"PropertyValueSpecification","valueRequired":true,"valueName":"search_term_string"}}],"inLanguage":"en-GB"},{"@type":"Organization","@id":"https:\/\/www.alflow.se\/#organization","name":"Alflow","url":"https:\/\/www.alflow.se\/","logo":{"@type":"ImageObject","inLanguage":"en-GB","@id":"https:\/\/www.alflow.se\/#\/schema\/logo\/image\/","url":"https:\/\/www.alflow.dk\/wp-content\/uploads\/2025\/07\/alflow_pos_pms_web.png","contentUrl":"https:\/\/www.alflow.dk\/wp-content\/uploads\/2025\/07\/alflow_pos_pms_web.png","width":250,"height":42,"caption":"Alflow"},"image":{"@id":"https:\/\/www.alflow.se\/#\/schema\/logo\/image\/"}}]}},"_links":{"self":[{"href":"https:\/\/www.alflow.dk\/en\/wp-json\/wp\/v2\/pages\/12651","targetHints":{"allow":["GET"]}}],"collection":[{"href":"https:\/\/www.alflow.dk\/en\/wp-json\/wp\/v2\/pages"}],"about":[{"href":"https:\/\/www.alflow.dk\/en\/wp-json\/wp\/v2\/types\/page"}],"author":[{"embeddable":true,"href":"https:\/\/www.alflow.dk\/en\/wp-json\/wp\/v2\/users\/15"}],"replies":[{"embeddable":true,"href":"https:\/\/www.alflow.dk\/en\/wp-json\/wp\/v2\/comments?post=12651"}],"version-history":[{"count":2,"href":"https:\/\/www.alflow.dk\/en\/wp-json\/wp\/v2\/pages\/12651\/revisions"}],"predecessor-version":[{"id":12656,"href":"https:\/\/www.alflow.dk\/en\/wp-json\/wp\/v2\/pages\/12651\/revisions\/12656"}],"wp:attachment":[{"href":"https:\/\/www.alflow.dk\/en\/wp-json\/wp\/v2\/media?parent=12651"}],"curies":[{"name":"wp","href":"https:\/\/api.w.org\/{rel}","templated":true}]}}