{"id":11483,"date":"2024-09-26T08:18:50","date_gmt":"2024-09-26T08:18:50","guid":{"rendered":"https:\/\/www.alflow.dk\/?page_id=11483"},"modified":"2024-10-01T11:34:43","modified_gmt":"2024-10-01T11:34:43","slug":"handbook-valves-for-sanitation-process-handling","status":"publish","type":"page","link":"https:\/\/www.alflow.dk\/en\/handbook-ventiler-til-sanitaer-proceshaandtering\/","title":{"rendered":"Handbook: Valves for sanitary process handling"},"content":{"rendered":"<div id=\"pl-11483\"  class=\"panel-layout\" ><div id=\"pg-11483-0\"  class=\"panel-grid panel-no-style\" ><div id=\"pgc-11483-0-0\"  class=\"panel-grid-cell\" ><div id=\"panel-11483-0-0-0\" class=\"so-panel widget widget_mtt-text-image panel-first-child\" data-index=\"0\" ><div class=\"Handbook panel-widget-style panel-widget-style-for-11483-0-0-0\" id=\"Handbook\" ><div\n\t\t\t\n\t\t\tclass=\"so-widget-mtt-text-image so-widget-mtt-text-image-base\"\n\t\t\t\n\t\t>\n<div class=\"mtt-text-image margin-top-80 margin-classes-added\" >\n    <div class=\"page_container\">\n        <div class=\"mtt-text-image__wrapper add-bg flip\">\n            <div class=\"wrapper\">\n                <div class=\"text-inner\">\n                                                                \n                                                                        <h2>\n                                Learn more about valves for sanitary process handling!                            <\/h2>                        \n                                            \n                                                                        <div class=\"text\">\n                                <p>Enter your details in the form and receive our e-book on valves for sanitary process handling<\/p>\n<p>&nbsp;<\/p>\n<p>The e-book is a practical handbook that introduces you to different aspects of valves for hygienic process control and is a practical supplement to the existing literature on the subject.<\/p>\n<p>In the e-book you get:<\/p>\n<p>- Tangible answers to 10 key questions<\/p>\n<p>- Examples of different pumps<\/p>\n<p>- Illustrations<\/p>\n                            <\/div>\n                                            \n                                                                \n                <\/div>\n            <\/div>\n\n                            <div class=\"wrapper\">\n                    <div class=\"object-fit\">\n                                                    <img decoding=\"async\" src=\"https:\/\/www.alflow.dk\/wp-content\/uploads\/2024\/09\/Skaermbillede-2024-09-29-kl.-18.18.14.png\" alt=\"Screenshot 2024-09-29 at 18.18.14\">\n                                            <\/div>\n                <\/div>\n                    <\/div>\n    <\/div>\n<\/div><\/div><\/div><\/div><div id=\"panel-11483-0-0-1\" class=\"so-panel widget widget_mtt-title-text-widget\" data-index=\"1\" ><div class=\"Sign-up panel-widget-style panel-widget-style-for-11483-0-0-1\" id=\"Sign-up\" ><div\n\t\t\t\n\t\t\tclass=\"so-widget-mtt-title-text-widget so-widget-mtt-title-text-widget-base\"\n\t\t\t\n\t\t>\n<div class=\"mtt-title-text-widget\">\n    <div class=\"page_container title-above\">\n        <div class=\"title-wrapper center\">\n            \n            \n                    <\/div>\n\n                    <div class=\"text-wrapper\">\n                <div class=\"text-inner\">\n                                            <div class=\"column center\">\n                            <p>&nbsp;<\/p>\n<p>Fill out this form and get the e-book directly in your inbox.<\/p>\n<p><img loading=\"lazy\" decoding=\"async\" class=\"alignnone size-medium wp-image-3875\" src=\"https:\/\/www.alflow.dk\/wp-content\/uploads\/2020\/09\/arrow-310622-300x150.png\" alt=\"\" width=\"300\" height=\"150\" srcset=\"https:\/\/www.alflow.dk\/wp-content\/uploads\/2020\/09\/arrow-310622-300x150.png 300w, https:\/\/www.alflow.dk\/wp-content\/uploads\/2020\/09\/arrow-310622-1024x512.png 1024w, https:\/\/www.alflow.dk\/wp-content\/uploads\/2020\/09\/arrow-310622.png 1920w\" sizes=\"auto, (max-width: 300px) 100vw, 300px\" \/><\/p>\n                        <\/div>\n                    \n                                            <div class=\"column\">\n                            <div class=\"_form_35\"><\/div><script src=\"https:\/\/alflow.activehosted.com\/f\/embed.php?id=35\" charset=\"utf-8\"><\/script>                        <\/div>\n                                    <\/div>\n            <\/div>\n                        \n    <\/div>\n<\/div><\/div><\/div><\/div><div id=\"panel-11483-0-0-2\" class=\"so-panel widget widget_mtt-title-text-widget panel-last-child\" data-index=\"2\" ><div class=\"Privatlivspolitik panel-widget-style panel-widget-style-for-11483-0-0-2\" id=\"Privatlivspolitik\" ><div\n\t\t\t\n\t\t\tclass=\"so-widget-mtt-title-text-widget so-widget-mtt-title-text-widget-base\"\n\t\t\t\n\t\t>\n<div class=\"mtt-title-text-widget\">\n    <div class=\"page_container title-above\">\n        <div class=\"title-wrapper center\">\n            \n            \n                    <\/div>\n\n                    <div class=\"text-wrapper\">\n                <div class=\"text-inner\">\n                                            <div class=\"column full-width center\">\n                            <p>*You also agree to receive news, tips, advice, product news, new knowledge and much, much more.<\/p>\n<p>You can of course unsubscribe at any time.<\/p>\n<p><a href=\"https:\/\/www.alflow.dk\/en\/cookie-policy-and-privacy-policy\/\">Privacy policy<\/a><\/p>\n                        <\/div>\n                    \n                                    <\/div>\n            <\/div>\n                        \n    <\/div>\n<\/div><\/div><\/div><\/div><\/div><\/div><\/div>","protected":false},"excerpt":{"rendered":"<p>L\u00e6r mere om ventiler til sanit\u00e6r procesh\u00e5ndtering! Indtast dine informationer i formularen og modtag vores e-bog om ventiler til sanit\u00e6r procesh\u00e5ndtering &nbsp; E-bogen er en praktisk h\u00e5ndbog som introducerer dig til forskellige aspekter af ventiler til hygiejnisk processtyring og er et praktik orienteret supplement til den eksisterende litteratur om emnet. I e-bogen f\u00e5r du: &#8211; [&hellip;]<\/p>\n","protected":false},"author":3,"featured_media":0,"parent":0,"menu_order":0,"comment_status":"closed","ping_status":"closed","template":"","meta":{"_acf_changed":false,"inline_featured_image":false,"footnotes":""},"class_list":["post-11483","page","type-page","status-publish","hentry"],"acf":[],"yoast_head":"<!-- This site is optimized with the Yoast SEO plugin v27.3 - https:\/\/yoast.com\/product\/yoast-seo-wordpress\/ -->\n<title>Handbook: Ventiler til sanit\u00e6r procesh\u00e5ndtering - Alflow<\/title>\n<meta name=\"robots\" content=\"index, follow, max-snippet:-1, max-image-preview:large, max-video-preview:-1\" \/>\n<link rel=\"canonical\" href=\"https:\/\/www.alflow.dk\/en\/handbook-valves-for-sanitation-process-handling\/\" \/>\n<meta property=\"og:locale\" content=\"en_GB\" \/>\n<meta property=\"og:type\" content=\"article\" \/>\n<meta property=\"og:title\" content=\"Handbook: Ventiler til sanit\u00e6r procesh\u00e5ndtering - Alflow\" \/>\n<meta property=\"og:description\" content=\"L\u00e6r mere om ventiler til sanit\u00e6r procesh\u00e5ndtering! Indtast dine informationer i formularen og modtag vores e-bog om ventiler til sanit\u00e6r procesh\u00e5ndtering &nbsp; E-bogen er en praktisk h\u00e5ndbog som introducerer dig til forskellige aspekter af ventiler til hygiejnisk processtyring og er et praktik orienteret supplement til den eksisterende litteratur om emnet. I e-bogen f\u00e5r du: - [&hellip;]\" \/>\n<meta property=\"og:url\" content=\"https:\/\/www.alflow.dk\/en\/handbook-valves-for-sanitation-process-handling\/\" \/>\n<meta property=\"og:site_name\" content=\"Alflow\" \/>\n<meta property=\"article:modified_time\" content=\"2024-10-01T11:34:43+00:00\" \/>\n<meta name=\"twitter:card\" content=\"summary_large_image\" \/>\n<meta name=\"twitter:label1\" content=\"Estimated reading time\" \/>\n\t<meta name=\"twitter:data1\" content=\"1 minute\" \/>\n<script type=\"application\/ld+json\" class=\"yoast-schema-graph\">{\"@context\":\"https:\\\/\\\/schema.org\",\"@graph\":[{\"@type\":\"WebPage\",\"@id\":\"https:\\\/\\\/www.alflow.dk\\\/handbook-ventiler-til-sanitaer-proceshaandtering\\\/\",\"url\":\"https:\\\/\\\/www.alflow.dk\\\/handbook-ventiler-til-sanitaer-proceshaandtering\\\/\",\"name\":\"Handbook: Ventiler til sanit\u00e6r procesh\u00e5ndtering - Alflow\",\"isPartOf\":{\"@id\":\"https:\\\/\\\/www.alflow.se\\\/#website\"},\"datePublished\":\"2024-09-26T08:18:50+00:00\",\"dateModified\":\"2024-10-01T11:34:43+00:00\",\"breadcrumb\":{\"@id\":\"https:\\\/\\\/www.alflow.dk\\\/handbook-ventiler-til-sanitaer-proceshaandtering\\\/#breadcrumb\"},\"inLanguage\":\"en-GB\",\"potentialAction\":[{\"@type\":\"ReadAction\",\"target\":[\"https:\\\/\\\/www.alflow.dk\\\/handbook-ventiler-til-sanitaer-proceshaandtering\\\/\"]}]},{\"@type\":\"BreadcrumbList\",\"@id\":\"https:\\\/\\\/www.alflow.dk\\\/handbook-ventiler-til-sanitaer-proceshaandtering\\\/#breadcrumb\",\"itemListElement\":[{\"@type\":\"ListItem\",\"position\":1,\"name\":\"Home \\\/\",\"item\":\"https:\\\/\\\/www.alflow.dk\\\/\"},{\"@type\":\"ListItem\",\"position\":2,\"name\":\"Handbook: Ventiler til sanit\u00e6r procesh\u00e5ndtering\"}]},{\"@type\":\"WebSite\",\"@id\":\"https:\\\/\\\/www.alflow.se\\\/#website\",\"url\":\"https:\\\/\\\/www.alflow.se\\\/\",\"name\":\"Alflow\",\"description\":\"Flow der g\u00f8r en forskel\",\"publisher\":{\"@id\":\"https:\\\/\\\/www.alflow.se\\\/#organization\"},\"potentialAction\":[{\"@type\":\"SearchAction\",\"target\":{\"@type\":\"EntryPoint\",\"urlTemplate\":\"https:\\\/\\\/www.alflow.se\\\/?s={search_term_string}\"},\"query-input\":{\"@type\":\"PropertyValueSpecification\",\"valueRequired\":true,\"valueName\":\"search_term_string\"}}],\"inLanguage\":\"en-GB\"},{\"@type\":\"Organization\",\"@id\":\"https:\\\/\\\/www.alflow.se\\\/#organization\",\"name\":\"Alflow\",\"url\":\"https:\\\/\\\/www.alflow.se\\\/\",\"logo\":{\"@type\":\"ImageObject\",\"inLanguage\":\"en-GB\",\"@id\":\"https:\\\/\\\/www.alflow.se\\\/#\\\/schema\\\/logo\\\/image\\\/\",\"url\":\"https:\\\/\\\/www.alflow.dk\\\/wp-content\\\/uploads\\\/2025\\\/07\\\/alflow_pos_pms_web.png\",\"contentUrl\":\"https:\\\/\\\/www.alflow.dk\\\/wp-content\\\/uploads\\\/2025\\\/07\\\/alflow_pos_pms_web.png\",\"width\":250,\"height\":42,\"caption\":\"Alflow\"},\"image\":{\"@id\":\"https:\\\/\\\/www.alflow.se\\\/#\\\/schema\\\/logo\\\/image\\\/\"}}]}<\/script>\n<!-- \/ Yoast SEO plugin. -->","yoast_head_json":{"title":"Handbook: Valves for sanitary process handling - Alflow","robots":{"index":"index","follow":"follow","max-snippet":"max-snippet:-1","max-image-preview":"max-image-preview:large","max-video-preview":"max-video-preview:-1"},"canonical":"https:\/\/www.alflow.dk\/en\/handbook-valves-for-sanitation-process-handling\/","og_locale":"en_GB","og_type":"article","og_title":"Handbook: Ventiler til sanit\u00e6r procesh\u00e5ndtering - Alflow","og_description":"L\u00e6r mere om ventiler til sanit\u00e6r procesh\u00e5ndtering! Indtast dine informationer i formularen og modtag vores e-bog om ventiler til sanit\u00e6r procesh\u00e5ndtering &nbsp; E-bogen er en praktisk h\u00e5ndbog som introducerer dig til forskellige aspekter af ventiler til hygiejnisk processtyring og er et praktik orienteret supplement til den eksisterende litteratur om emnet. I e-bogen f\u00e5r du: - [&hellip;]","og_url":"https:\/\/www.alflow.dk\/en\/handbook-valves-for-sanitation-process-handling\/","og_site_name":"Alflow","article_modified_time":"2024-10-01T11:34:43+00:00","twitter_card":"summary_large_image","twitter_misc":{"Estimated reading time":"1 minute"},"schema":{"@context":"https:\/\/schema.org","@graph":[{"@type":"WebPage","@id":"https:\/\/www.alflow.dk\/handbook-ventiler-til-sanitaer-proceshaandtering\/","url":"https:\/\/www.alflow.dk\/handbook-ventiler-til-sanitaer-proceshaandtering\/","name":"Handbook: Valves for sanitary process handling - Alflow","isPartOf":{"@id":"https:\/\/www.alflow.se\/#website"},"datePublished":"2024-09-26T08:18:50+00:00","dateModified":"2024-10-01T11:34:43+00:00","breadcrumb":{"@id":"https:\/\/www.alflow.dk\/handbook-ventiler-til-sanitaer-proceshaandtering\/#breadcrumb"},"inLanguage":"en-GB","potentialAction":[{"@type":"ReadAction","target":["https:\/\/www.alflow.dk\/handbook-ventiler-til-sanitaer-proceshaandtering\/"]}]},{"@type":"BreadcrumbList","@id":"https:\/\/www.alflow.dk\/handbook-ventiler-til-sanitaer-proceshaandtering\/#breadcrumb","itemListElement":[{"@type":"ListItem","position":1,"name":"Home \/","item":"https:\/\/www.alflow.dk\/"},{"@type":"ListItem","position":2,"name":"Handbook: Ventiler til sanit\u00e6r procesh\u00e5ndtering"}]},{"@type":"WebSite","@id":"https:\/\/www.alflow.se\/#website","url":"https:\/\/www.alflow.se\/","name":"Alflow","description":"Flow that makes a difference","publisher":{"@id":"https:\/\/www.alflow.se\/#organization"},"potentialAction":[{"@type":"SearchAction","target":{"@type":"EntryPoint","urlTemplate":"https:\/\/www.alflow.se\/?s={search_term_string}"},"query-input":{"@type":"PropertyValueSpecification","valueRequired":true,"valueName":"search_term_string"}}],"inLanguage":"en-GB"},{"@type":"Organization","@id":"https:\/\/www.alflow.se\/#organization","name":"Alflow","url":"https:\/\/www.alflow.se\/","logo":{"@type":"ImageObject","inLanguage":"en-GB","@id":"https:\/\/www.alflow.se\/#\/schema\/logo\/image\/","url":"https:\/\/www.alflow.dk\/wp-content\/uploads\/2025\/07\/alflow_pos_pms_web.png","contentUrl":"https:\/\/www.alflow.dk\/wp-content\/uploads\/2025\/07\/alflow_pos_pms_web.png","width":250,"height":42,"caption":"Alflow"},"image":{"@id":"https:\/\/www.alflow.se\/#\/schema\/logo\/image\/"}}]}},"_links":{"self":[{"href":"https:\/\/www.alflow.dk\/en\/wp-json\/wp\/v2\/pages\/11483","targetHints":{"allow":["GET"]}}],"collection":[{"href":"https:\/\/www.alflow.dk\/en\/wp-json\/wp\/v2\/pages"}],"about":[{"href":"https:\/\/www.alflow.dk\/en\/wp-json\/wp\/v2\/types\/page"}],"author":[{"embeddable":true,"href":"https:\/\/www.alflow.dk\/en\/wp-json\/wp\/v2\/users\/3"}],"replies":[{"embeddable":true,"href":"https:\/\/www.alflow.dk\/en\/wp-json\/wp\/v2\/comments?post=11483"}],"version-history":[{"count":8,"href":"https:\/\/www.alflow.dk\/en\/wp-json\/wp\/v2\/pages\/11483\/revisions"}],"predecessor-version":[{"id":11519,"href":"https:\/\/www.alflow.dk\/en\/wp-json\/wp\/v2\/pages\/11483\/revisions\/11519"}],"wp:attachment":[{"href":"https:\/\/www.alflow.dk\/en\/wp-json\/wp\/v2\/media?parent=11483"}],"curies":[{"name":"wp","href":"https:\/\/api.w.org\/{rel}","templated":true}]}}