{"id":11140,"date":"2024-03-20T09:49:41","date_gmt":"2024-03-20T09:49:41","guid":{"rendered":"https:\/\/www.alflow.dk\/nyhed-ny-ceo-copy\/"},"modified":"2025-10-02T09:21:40","modified_gmt":"2025-10-02T09:21:40","slug":"news-alflow-and-saniflex","status":"publish","type":"page","link":"https:\/\/www.alflow.dk\/en\/nyhed-alflow-og-saniflex\/","title":{"rendered":"Alflow strengthens its position in Sweden through merger with Saniflex"},"content":{"rendered":"<div id=\"pl-11140\"  class=\"panel-layout\" ><div id=\"pg-11140-0\"  class=\"panel-grid panel-no-style\" ><div id=\"pgc-11140-0-0\"  class=\"panel-grid-cell\" ><div id=\"panel-11140-0-0-0\" class=\"so-panel widget widget_mtt-title-text-widget panel-first-child\" data-index=\"0\" ><div class=\"Invitation panel-widget-style panel-widget-style-for-11140-0-0-0\" id=\"Invitation\" ><div\n\t\t\t\n\t\t\tclass=\"so-widget-mtt-title-text-widget so-widget-mtt-title-text-widget-base\"\n\t\t\t\n\t\t>\n<div class=\"mtt-title-text-widget margin-top-120 margin-classes-added\">\n    <div class=\"page_container title-above\">\n        <div class=\"title-wrapper\">\n                            <h2>Alflow strengthens its position in Sweden through merger with Saniflex<\/h2>\n            \n            \n                    <\/div>\n\n                    <div class=\"text-wrapper\">\n                <div class=\"text-inner\">\n                                            <div class=\"column\">\n                            <p>Vejen, 29 May 2024 - As part of their exciting growth journey, Alflow, a leading provider of process solutions for the pharmaceutical and food industries in Denmark, has officially announced the merger with Swedish company Saniflex. Saniflex, known for its expertise in selling hoses and hose accessories, is strong in Sweden and this new partnership marks the beginning of a stronger future for both companies and their customers and partners.<\/p>\n<h4>Shared benefit, commitment and values<\/h4>\n<p>Both companies are well-established in their respective markets, providing quality solutions within pharma, single-use systems and the food industry. Through the merger with Saniflex, Alflow expands its geographical footprint while both companies combine their complementary competences for mutual benefit, which will increase growth and improve service levels in both Denmark and Sweden.<\/p>\n<p>\"This merger is a milestone for Alflow and Saniflex. It brings us one step closer to our goal of being the leader in our industry, not only in Denmark but also in the rest of the Nordic countries. By joining forces, we can offer our customers an even wider range of products and services while maintaining the high standards we are known for,\" says Jacob Rosenkrands, CEO for Alflow.<\/p>\n<p>Saniflex will come under Alflow's management but will continue under its well-known brand, retaining its dedicated team and the high quality of service and support that customers value - now with the ability to offer them an even wider product range and in-depth industry knowledge than before.<\/p>\n                        <\/div>\n                    \n                                            <div class=\"column\">\n                            <p>Robert Haraldsson, Team Leader at Saniflex, also expresses his optimism about the merger: \"This partnership with Alflow represents an exciting new chapter for Saniflex. Our combined expertise and resources will enable us to deliver even greater value to our customers. I am confident that by bringing our complementary strengths together, we will not only continue to deliver the same high quality of service and support, but also expand our offering and reach new markets.\"<\/p>\n<p>Both companies share a common commitment to delivering high quality, in-depth expertise, advice, and exceptional service and support. This shared set of values ensures a smooth transition for both employees and customers and the continuation of the high standards of quality that both companies are known for.<\/p>\n<h4>Part of Indutrade<\/h4>\n<p>It is also worth mentioning that Alflow and Saniflex both operate under the Indutrade Group and share a number of the same suppliers in the Danish and Swedish markets respectively. This makes the merger with Saniflex a strategic and well-considered part of Alflow's ambitions in Sweden. It is a perfect match that can create significant synergies for both parties. This common background and approach to the market ensures that the merger is not just an expansion, but a strengthening of both positions and offerings - to the benefit of both customers and partners.<\/p>\n                        <\/div>\n                                    <\/div>\n            <\/div>\n                        \n    <\/div>\n<\/div><\/div><\/div><\/div><div id=\"panel-11140-0-0-1\" class=\"so-panel widget widget_mtt-product-variants panel-last-child\" data-index=\"1\" ><div class=\"Contact panel-widget-style panel-widget-style-for-11140-0-0-1\" id=\"Contact\" ><div\n\t\t\t\n\t\t\tclass=\"so-widget-mtt-product-variants so-widget-mtt-product-variants-base\"\n\t\t\t\n\t\t><div class=\"mtt-product-variants margin-bottom-60 margin-classes-added\" >\n    <div class=\"page_container\">\n        \n        <div class=\"mtt-product-variants__wrapper\">\n            \n            <div class=\"contact-wrapper full-width\">\n                \n                <div class=\"text-wrapper\">\n                                            <h2>Questions?<\/h2>\n                    \n                                            <div class=\"subtitle\">\n                            If you have any questions about the above, please contact me.                        <\/div>\n                                    <\/div>\n\n\n\n                \n                                    <div class=\"employees-wrapper\">\n                                                    <div class=\"employee\">\n                                <div class=\"wrapper\">\n                                                                            <div class=\"object-fit\">\n                                            <img decoding=\"async\" src=\"https:\/\/www.alflow.dk\/wp-content\/uploads\/2020\/04\/Dan.png\" alt=\"Dan\">\n                                        <\/div>\n                                    \n                                    <div class=\"info\">\n                                        <div class=\"name\">\n                                            Dan Gamborg Kallan                                        <\/div>\n\n                                                                                    <div class=\"position\">\n                                                Business Development &amp; Marketing Manager                                            <\/div>\n                                                                              \n                                    <\/div>\n                                <\/div>\n\n                                                                    <div class=\"wrapper\">\n                                                                                    <div class=\"phone\">\n                                                <a href=\"tel:+4524900905\">T: +45 2490 0905<\/a>\n                                            <\/div>\n                                        \n                                                                                    <div class=\"mail\">\n                                                <a href=\"mailto:dgk@alflow.dk\">M: dgk@alflow.dk<\/a>\n                                            <\/div>\n                                                                            <\/div>\n                                                            <\/div>\n                                             \n                    <\/div>\n                                            <\/div>\n        <\/div>\n    <\/div>\n<\/div>\n\n<style>\n    @media \n    only screen and (max-width: 760px) {\n         \/*\n        Label the data\n        *\/\n        .mtt-product-variants td:nth-of-type(1):before { content: \"Variant\"; }\n        .mtt-product-variants td:nth-of-type(2):before { content: \"Beskrivelse\"; }\n        .mtt-product-variants td:nth-of-type(3):before { content: \"Datablad\"; }\n    }\n<\/style><\/div><\/div><\/div><\/div><\/div><div id=\"pg-11140-1\"  class=\"panel-grid panel-no-style\" ><div id=\"pgc-11140-1-0\"  class=\"panel-grid-cell\" ><div id=\"panel-11140-1-0-0\" class=\"so-panel widget widget_mtt-title-text-widget panel-first-child panel-last-child\" data-index=\"2\" ><div\n\t\t\t\n\t\t\tclass=\"so-widget-mtt-title-text-widget so-widget-mtt-title-text-widget-base\"\n\t\t\t\n\t\t>\n<div class=\"mtt-title-text-widget\">\n    <div class=\"page_container title-above\">\n        <div class=\"title-wrapper\">\n            \n            \n                    <\/div>\n\n                    <div class=\"text-wrapper\">\n                <div class=\"text-inner\">\n                                            <div class=\"column\">\n                            <h3>About Alflow<\/h3>\n<p>Alflow is a leading provider of solutions for the pharmaceutical and food industries with over 26 years of experience. The company is known for its high quality and expertise in pharmaceutical and single use systems and offers a wide range of products and services that help their customers achieve their goals - both in terms of efficiency and sustainability. Alflow's goal is to create value by optimising processes and applications when entering projects and advising on flow, components and materials so that customers can achieve higher yields and less downtime in their production.<\/p>\n                        <\/div>\n                    \n                                            <div class=\"column\">\n                            <h3>About Saniflex<\/h3>\n<p>Since its founding in 1992, Saniflex AB has supplied the Swedish process industry with hose and pipe components. Saniflex produces hoses in various materials and markets silicone hoses, fluoropolymer hoses, rubber hoses and various hose couplings. The company primarily serves the pharmaceutical and food industries and other sectors that place high demands on cleanliness and aseptics. Saniflex's goal is to provide expertise, service and quality. With its deep application knowledge and close co-operation with leading manufacturers, Saniflex ensures that customers get the most out of their investments.<\/p>\n                        <\/div>\n                                    <\/div>\n            <\/div>\n                        \n    <\/div>\n<\/div><\/div><\/div><\/div><\/div><\/div>","protected":false},"excerpt":{"rendered":"<p>Alflow styrker sin position i Sverige gennem fusion med Saniflex Vejen, 29. maj 2024 \u2013 Som en del af deres sp\u00e6ndende v\u00e6kstrejse har Alflow, der er en f\u00f8rende leverand\u00f8r af procesl\u00f8sninger til farmaceutisk industri og f\u00f8devareindustrien i Danmark, officielt annonceret fusionen med den svenske virksomhed Saniflex. Saniflex, der er kendt for sin ekspertise i salg [&hellip;]<\/p>\n","protected":false},"author":3,"featured_media":0,"parent":0,"menu_order":0,"comment_status":"closed","ping_status":"closed","template":"","meta":{"_acf_changed":false,"inline_featured_image":false,"footnotes":""},"class_list":["post-11140","page","type-page","status-publish","hentry"],"acf":[],"yoast_head":"<!-- This site is optimized with the Yoast SEO plugin v27.3 - https:\/\/yoast.com\/product\/yoast-seo-wordpress\/ -->\n<title>Alflow styrker sin position i Sverige gennem fusion med Saniflex - Alflow<\/title>\n<meta name=\"description\" content=\"Som en del af deres v\u00e6kstrejse har Alflow officielt annonceret opk\u00f8bet af den svenske virksomhed Saniflex. L\u00e6s mere om fusionen her.\" \/>\n<meta name=\"robots\" content=\"index, follow, max-snippet:-1, max-image-preview:large, max-video-preview:-1\" \/>\n<link rel=\"canonical\" href=\"https:\/\/www.alflow.dk\/en\/news-alflow-and-saniflex\/\" \/>\n<meta property=\"og:locale\" content=\"en_GB\" \/>\n<meta property=\"og:type\" content=\"article\" \/>\n<meta property=\"og:title\" content=\"Alflow styrker sin position i Sverige gennem fusion med Saniflex - Alflow\" \/>\n<meta property=\"og:description\" content=\"Som en del af deres v\u00e6kstrejse har Alflow officielt annonceret opk\u00f8bet af den svenske virksomhed Saniflex. L\u00e6s mere om fusionen her.\" \/>\n<meta property=\"og:url\" content=\"https:\/\/www.alflow.dk\/en\/news-alflow-and-saniflex\/\" \/>\n<meta property=\"og:site_name\" content=\"Alflow\" \/>\n<meta property=\"article:modified_time\" content=\"2025-10-02T09:21:40+00:00\" \/>\n<meta name=\"twitter:card\" content=\"summary_large_image\" \/>\n<meta name=\"twitter:label1\" content=\"Estimated reading time\" \/>\n\t<meta name=\"twitter:data1\" content=\"4 minutes\" \/>\n<script type=\"application\/ld+json\" class=\"yoast-schema-graph\">{\"@context\":\"https:\\\/\\\/schema.org\",\"@graph\":[{\"@type\":\"WebPage\",\"@id\":\"https:\\\/\\\/www.alflow.dk\\\/nyhed-alflow-og-saniflex\\\/\",\"url\":\"https:\\\/\\\/www.alflow.dk\\\/nyhed-alflow-og-saniflex\\\/\",\"name\":\"Alflow styrker sin position i Sverige gennem fusion med Saniflex - Alflow\",\"isPartOf\":{\"@id\":\"https:\\\/\\\/www.alflow.se\\\/#website\"},\"datePublished\":\"2024-03-20T09:49:41+00:00\",\"dateModified\":\"2025-10-02T09:21:40+00:00\",\"description\":\"Som en del af deres v\u00e6kstrejse har Alflow officielt annonceret opk\u00f8bet af den svenske virksomhed Saniflex. L\u00e6s mere om fusionen her.\",\"breadcrumb\":{\"@id\":\"https:\\\/\\\/www.alflow.dk\\\/nyhed-alflow-og-saniflex\\\/#breadcrumb\"},\"inLanguage\":\"en-GB\",\"potentialAction\":[{\"@type\":\"ReadAction\",\"target\":[\"https:\\\/\\\/www.alflow.dk\\\/nyhed-alflow-og-saniflex\\\/\"]}]},{\"@type\":\"BreadcrumbList\",\"@id\":\"https:\\\/\\\/www.alflow.dk\\\/nyhed-alflow-og-saniflex\\\/#breadcrumb\",\"itemListElement\":[{\"@type\":\"ListItem\",\"position\":1,\"name\":\"Home \\\/\",\"item\":\"https:\\\/\\\/www.alflow.dk\\\/\"},{\"@type\":\"ListItem\",\"position\":2,\"name\":\"Alflow styrker sin position i Sverige gennem fusion med Saniflex\"}]},{\"@type\":\"WebSite\",\"@id\":\"https:\\\/\\\/www.alflow.se\\\/#website\",\"url\":\"https:\\\/\\\/www.alflow.se\\\/\",\"name\":\"Alflow\",\"description\":\"Flow der g\u00f8r en forskel\",\"publisher\":{\"@id\":\"https:\\\/\\\/www.alflow.se\\\/#organization\"},\"potentialAction\":[{\"@type\":\"SearchAction\",\"target\":{\"@type\":\"EntryPoint\",\"urlTemplate\":\"https:\\\/\\\/www.alflow.se\\\/?s={search_term_string}\"},\"query-input\":{\"@type\":\"PropertyValueSpecification\",\"valueRequired\":true,\"valueName\":\"search_term_string\"}}],\"inLanguage\":\"en-GB\"},{\"@type\":\"Organization\",\"@id\":\"https:\\\/\\\/www.alflow.se\\\/#organization\",\"name\":\"Alflow\",\"url\":\"https:\\\/\\\/www.alflow.se\\\/\",\"logo\":{\"@type\":\"ImageObject\",\"inLanguage\":\"en-GB\",\"@id\":\"https:\\\/\\\/www.alflow.se\\\/#\\\/schema\\\/logo\\\/image\\\/\",\"url\":\"https:\\\/\\\/www.alflow.dk\\\/wp-content\\\/uploads\\\/2025\\\/07\\\/alflow_pos_pms_web.png\",\"contentUrl\":\"https:\\\/\\\/www.alflow.dk\\\/wp-content\\\/uploads\\\/2025\\\/07\\\/alflow_pos_pms_web.png\",\"width\":250,\"height\":42,\"caption\":\"Alflow\"},\"image\":{\"@id\":\"https:\\\/\\\/www.alflow.se\\\/#\\\/schema\\\/logo\\\/image\\\/\"}}]}<\/script>\n<!-- \/ Yoast SEO plugin. -->","yoast_head_json":{"title":"Alflow strengthens its position in Sweden through merger with Saniflex - Alflow","description":"As part of their growth journey, Alflow has officially announced the acquisition of Swedish company Saniflex. Read more about the merger here.","robots":{"index":"index","follow":"follow","max-snippet":"max-snippet:-1","max-image-preview":"max-image-preview:large","max-video-preview":"max-video-preview:-1"},"canonical":"https:\/\/www.alflow.dk\/en\/news-alflow-and-saniflex\/","og_locale":"en_GB","og_type":"article","og_title":"Alflow styrker sin position i Sverige gennem fusion med Saniflex - Alflow","og_description":"Som en del af deres v\u00e6kstrejse har Alflow officielt annonceret opk\u00f8bet af den svenske virksomhed Saniflex. L\u00e6s mere om fusionen her.","og_url":"https:\/\/www.alflow.dk\/en\/news-alflow-and-saniflex\/","og_site_name":"Alflow","article_modified_time":"2025-10-02T09:21:40+00:00","twitter_card":"summary_large_image","twitter_misc":{"Estimated reading time":"4 minutes"},"schema":{"@context":"https:\/\/schema.org","@graph":[{"@type":"WebPage","@id":"https:\/\/www.alflow.dk\/nyhed-alflow-og-saniflex\/","url":"https:\/\/www.alflow.dk\/nyhed-alflow-og-saniflex\/","name":"Alflow strengthens its position in Sweden through merger with Saniflex - Alflow","isPartOf":{"@id":"https:\/\/www.alflow.se\/#website"},"datePublished":"2024-03-20T09:49:41+00:00","dateModified":"2025-10-02T09:21:40+00:00","description":"As part of their growth journey, Alflow has officially announced the acquisition of Swedish company Saniflex. Read more about the merger here.","breadcrumb":{"@id":"https:\/\/www.alflow.dk\/nyhed-alflow-og-saniflex\/#breadcrumb"},"inLanguage":"en-GB","potentialAction":[{"@type":"ReadAction","target":["https:\/\/www.alflow.dk\/nyhed-alflow-og-saniflex\/"]}]},{"@type":"BreadcrumbList","@id":"https:\/\/www.alflow.dk\/nyhed-alflow-og-saniflex\/#breadcrumb","itemListElement":[{"@type":"ListItem","position":1,"name":"Home \/","item":"https:\/\/www.alflow.dk\/"},{"@type":"ListItem","position":2,"name":"Alflow styrker sin position i Sverige gennem fusion med Saniflex"}]},{"@type":"WebSite","@id":"https:\/\/www.alflow.se\/#website","url":"https:\/\/www.alflow.se\/","name":"Alflow","description":"Flow that makes a difference","publisher":{"@id":"https:\/\/www.alflow.se\/#organization"},"potentialAction":[{"@type":"SearchAction","target":{"@type":"EntryPoint","urlTemplate":"https:\/\/www.alflow.se\/?s={search_term_string}"},"query-input":{"@type":"PropertyValueSpecification","valueRequired":true,"valueName":"search_term_string"}}],"inLanguage":"en-GB"},{"@type":"Organization","@id":"https:\/\/www.alflow.se\/#organization","name":"Alflow","url":"https:\/\/www.alflow.se\/","logo":{"@type":"ImageObject","inLanguage":"en-GB","@id":"https:\/\/www.alflow.se\/#\/schema\/logo\/image\/","url":"https:\/\/www.alflow.dk\/wp-content\/uploads\/2025\/07\/alflow_pos_pms_web.png","contentUrl":"https:\/\/www.alflow.dk\/wp-content\/uploads\/2025\/07\/alflow_pos_pms_web.png","width":250,"height":42,"caption":"Alflow"},"image":{"@id":"https:\/\/www.alflow.se\/#\/schema\/logo\/image\/"}}]}},"_links":{"self":[{"href":"https:\/\/www.alflow.dk\/en\/wp-json\/wp\/v2\/pages\/11140","targetHints":{"allow":["GET"]}}],"collection":[{"href":"https:\/\/www.alflow.dk\/en\/wp-json\/wp\/v2\/pages"}],"about":[{"href":"https:\/\/www.alflow.dk\/en\/wp-json\/wp\/v2\/types\/page"}],"author":[{"embeddable":true,"href":"https:\/\/www.alflow.dk\/en\/wp-json\/wp\/v2\/users\/3"}],"replies":[{"embeddable":true,"href":"https:\/\/www.alflow.dk\/en\/wp-json\/wp\/v2\/comments?post=11140"}],"version-history":[{"count":10,"href":"https:\/\/www.alflow.dk\/en\/wp-json\/wp\/v2\/pages\/11140\/revisions"}],"predecessor-version":[{"id":11383,"href":"https:\/\/www.alflow.dk\/en\/wp-json\/wp\/v2\/pages\/11140\/revisions\/11383"}],"wp:attachment":[{"href":"https:\/\/www.alflow.dk\/en\/wp-json\/wp\/v2\/media?parent=11140"}],"curies":[{"name":"wp","href":"https:\/\/api.w.org\/{rel}","templated":true}]}}